{"id":3642,"date":"2020-05-08T00:56:36","date_gmt":"2020-05-08T00:56:36","guid":{"rendered":"https:\/\/www.ortunonieto.cl\/?post_type=product&#038;p=3642"},"modified":"2026-03-18T13:57:04","modified_gmt":"2026-03-18T13:57:04","slug":"te-sabores-frutales-tarlton","status":"publish","type":"product","link":"https:\/\/www.ortunonieto.cl\/zonafranca\/producto\/te-sabores-frutales-tarlton\/","title":{"rendered":"T\u00e9 Piramidal Sabores Frutales \u2013 Infusi\u00f3n Premium"},"content":{"rendered":"<div id=\"_KmsfX5zjCrXE5OUPrMqkyAE20\" class=\"gy6Qzb oNjtBb V1sL5c\" aria-labelledby=\"_KmsfX5zjCrXE5OUPrMqkyAE21\">\n<div id=\"_KmsfX5zjCrXE5OUPrMqkyAE22\" data-hveid=\"CAwQBA\" data-ved=\"2ahUKEwicoNHH0u7qAhU1IrkGHSwlCRkQu04oAXoECAwQBA\">\n<div class=\"mod\" data-md=\"83\">\n<div class=\"di3YZe\">\n<div class=\"RqBzHd\">\n<p><span class=\"BZ_Pyq_fadeIn\">El <\/span><strong data-start=\"867\" data-end=\"900\"><span class=\"BZ_Pyq_fadeIn\">t\u00e9 <\/span><span class=\"BZ_Pyq_fadeIn\">piramidal <\/span><span class=\"BZ_Pyq_fadeIn\">sabores <\/span><span class=\"BZ_Pyq_fadeIn\">frutales<\/span><\/strong> <span class=\"BZ_Pyq_fadeIn\">es <\/span><span class=\"BZ_Pyq_fadeIn\">una <\/span><span class=\"BZ_Pyq_fadeIn\">excelente <\/span><span class=\"BZ_Pyq_fadeIn\">opci\u00f3n <\/span><span class=\"BZ_Pyq_fadeIn\">para <\/span><span class=\"BZ_Pyq_fadeIn\">quienes <\/span><span class=\"BZ_Pyq_fadeIn\">buscan <\/span><span class=\"BZ_Pyq_fadeIn\">una <\/span><span class=\"BZ_Pyq_fadeIn\">experiencia <\/span><span class=\"BZ_Pyq_fadeIn\">de <\/span><span class=\"BZ_Pyq_fadeIn\">infusi\u00f3n <\/span><span class=\"BZ_Pyq_fadeIn\">m\u00e1s <\/span><span class=\"BZ_Pyq_fadeIn\">intensa, <\/span><span class=\"BZ_Pyq_fadeIn\">arom\u00e1tica <\/span><span class=\"BZ_Pyq_fadeIn\">y <\/span><span class=\"BZ_Pyq_fadeIn\">de <\/span><span class=\"BZ_Pyq_fadeIn\">alta <\/span><span class=\"BZ_Pyq_fadeIn\">calidad. <\/span><span class=\"BZ_Pyq_fadeIn\">Gracias <\/span><span class=\"BZ_Pyq_fadeIn\">a <\/span><span class=\"BZ_Pyq_fadeIn\">su <\/span><span class=\"BZ_Pyq_fadeIn\">formato <\/span><span class=\"BZ_Pyq_fadeIn\">piramidal, <\/span><span class=\"BZ_Pyq_fadeIn\">este <\/span><span class=\"BZ_Pyq_fadeIn\">tipo <\/span><span class=\"BZ_Pyq_fadeIn\">de <\/span><span class=\"BZ_Pyq_fadeIn\">t\u00e9 <\/span><span class=\"BZ_Pyq_fadeIn\">permite <\/span><span class=\"BZ_Pyq_fadeIn\">una <\/span><span class=\"BZ_Pyq_fadeIn\">mejor <\/span><span class=\"BZ_Pyq_fadeIn\">expansi\u00f3n <\/span><span class=\"BZ_Pyq_fadeIn\">de <\/span><span class=\"BZ_Pyq_fadeIn\">las <\/span><span class=\"BZ_Pyq_fadeIn\">hojas <\/span><span class=\"BZ_Pyq_fadeIn\">y <\/span><span class=\"BZ_Pyq_fadeIn\">frutas, <\/span><span class=\"BZ_Pyq_fadeIn\">logrando <\/span><span class=\"BZ_Pyq_fadeIn\">una <\/span><span class=\"BZ_Pyq_fadeIn\">extracci\u00f3n <\/span><span class=\"BZ_Pyq_fadeIn\">m\u00e1s <\/span><span class=\"BZ_Pyq_fadeIn\">completa <\/span><span class=\"BZ_Pyq_fadeIn\">de <\/span><span class=\"BZ_Pyq_fadeIn\">sabor <\/span><span class=\"BZ_Pyq_fadeIn\">y <\/span><span class=\"BZ_Pyq_fadeIn\">aroma.<\/span><\/p>\n<p><span class=\"BZ_Pyq_fadeIn\">Una <\/span><span class=\"BZ_Pyq_fadeIn\">de <\/span><span class=\"BZ_Pyq_fadeIn\">las <\/span><span class=\"BZ_Pyq_fadeIn\">grandes <\/span><span class=\"BZ_Pyq_fadeIn\">ventajas <\/span><span class=\"BZ_Pyq_fadeIn\">del <\/span><strong data-start=\"1482\" data-end=\"1515\"><span class=\"BZ_Pyq_fadeIn\">t\u00e9 <\/span><span class=\"BZ_Pyq_fadeIn\">piramidal<\/span><\/strong>\u00a0<span class=\"BZ_Pyq_fadeIn\">es <\/span><span class=\"BZ_Pyq_fadeIn\">su <\/span><span class=\"BZ_Pyq_fadeIn\">presentaci\u00f3n, <\/span><span class=\"BZ_Pyq_fadeIn\">que <\/span><span class=\"BZ_Pyq_fadeIn\">no <\/span><span class=\"BZ_Pyq_fadeIn\">solo <\/span><span class=\"BZ_Pyq_fadeIn\">mejora <\/span><span class=\"BZ_Pyq_fadeIn\">la <\/span><span class=\"BZ_Pyq_fadeIn\">calidad <\/span><span class=\"BZ_Pyq_fadeIn\">de <\/span><span class=\"BZ_Pyq_fadeIn\">la <\/span><span class=\"BZ_Pyq_fadeIn\">infusi\u00f3n, <\/span><span class=\"BZ_Pyq_fadeIn\">sino <\/span><span class=\"BZ_Pyq_fadeIn\">que <\/span><span class=\"BZ_Pyq_fadeIn\">tambi\u00e9n <\/span><span class=\"BZ_Pyq_fadeIn\">aporta <\/span><span class=\"BZ_Pyq_fadeIn\">una <\/span><span class=\"BZ_Pyq_fadeIn\">sensaci\u00f3n <\/span><span class=\"BZ_Pyq_fadeIn\">m\u00e1s <\/span><span class=\"BZ_Pyq_fadeIn\">premium <\/span><span class=\"BZ_Pyq_fadeIn\">en <\/span><span class=\"BZ_Pyq_fadeIn\">comparaci\u00f3n <\/span><span class=\"BZ_Pyq_fadeIn\">con <\/span><span class=\"BZ_Pyq_fadeIn\">los <\/span><span class=\"BZ_Pyq_fadeIn\">formatos <\/span><span class=\"BZ_Pyq_fadeIn\">tradicionales. <\/span><span class=\"BZ_Pyq_fadeIn\">Esto <\/span><span class=\"BZ_Pyq_fadeIn\">lo <\/span><span class=\"BZ_Pyq_fadeIn\">convierte <\/span><span class=\"BZ_Pyq_fadeIn\">en <\/span><span class=\"BZ_Pyq_fadeIn\">una <\/span><span class=\"BZ_Pyq_fadeIn\">excelente <\/span><span class=\"BZ_Pyq_fadeIn\">opci\u00f3n <\/span><span class=\"BZ_Pyq_fadeIn\">tanto <\/span><span class=\"BZ_Pyq_fadeIn\">para <\/span><span class=\"BZ_Pyq_fadeIn\">consumo <\/span><span class=\"BZ_Pyq_fadeIn\">personal <\/span><span class=\"BZ_Pyq_fadeIn\">como <\/span><span class=\"BZ_Pyq_fadeIn\">para <\/span><span class=\"BZ_Pyq_fadeIn\">sorprender <\/span><span class=\"BZ_Pyq_fadeIn\">con <\/span><span class=\"BZ_Pyq_fadeIn\">un <\/span><span class=\"BZ_Pyq_fadeIn\">regalo <\/span><span class=\"BZ_Pyq_fadeIn\">diferente.<\/span><\/p>\n<p><span class=\"BZ_Pyq_fadeIn\">El <\/span><strong data-start=\"1173\" data-end=\"1206\"><span class=\"BZ_Pyq_fadeIn\">t\u00e9 <\/span><span class=\"BZ_Pyq_fadeIn\">piramidal <\/span><span class=\"BZ_Pyq_fadeIn\">sabores <\/span><span class=\"BZ_Pyq_fadeIn\">frutales<\/span><\/strong> <span class=\"BZ_Pyq_fadeIn\">combina <\/span><span class=\"BZ_Pyq_fadeIn\">la <\/span><span class=\"BZ_Pyq_fadeIn\">suavidad <\/span><span class=\"BZ_Pyq_fadeIn\">del <\/span><span class=\"BZ_Pyq_fadeIn\">t\u00e9 <\/span><span class=\"BZ_Pyq_fadeIn\">con <\/span><span class=\"BZ_Pyq_fadeIn\">deliciosas <\/span><span class=\"BZ_Pyq_fadeIn\">notas <\/span><span class=\"BZ_Pyq_fadeIn\">frutales, <\/span><span class=\"BZ_Pyq_fadeIn\">ofreciendo <\/span><span class=\"BZ_Pyq_fadeIn\">una <\/span><span class=\"BZ_Pyq_fadeIn\">bebida <\/span><span class=\"BZ_Pyq_fadeIn\">equilibrada, <\/span><span class=\"BZ_Pyq_fadeIn\">fresca <\/span><span class=\"BZ_Pyq_fadeIn\">y <\/span><span class=\"BZ_Pyq_fadeIn\">muy <\/span><span class=\"BZ_Pyq_fadeIn\">agradable <\/span><span class=\"BZ_Pyq_fadeIn\">al <\/span><span class=\"BZ_Pyq_fadeIn\">paladar. <\/span><span class=\"BZ_Pyq_fadeIn\">Cada <\/span><span class=\"BZ_Pyq_fadeIn\">taza <\/span><span class=\"BZ_Pyq_fadeIn\">entrega <\/span><span class=\"BZ_Pyq_fadeIn\">una <\/span><span class=\"BZ_Pyq_fadeIn\">experiencia <\/span><span class=\"BZ_Pyq_fadeIn\">distinta, <\/span><span class=\"BZ_Pyq_fadeIn\">ideal <\/span><span class=\"BZ_Pyq_fadeIn\">para <\/span><span class=\"BZ_Pyq_fadeIn\">quienes <\/span><span class=\"BZ_Pyq_fadeIn\">disfrutan <\/span><span class=\"BZ_Pyq_fadeIn\">de <\/span><span class=\"BZ_Pyq_fadeIn\">sabores <\/span><span class=\"BZ_Pyq_fadeIn\">naturales <\/span><span class=\"BZ_Pyq_fadeIn\">con <\/span><span class=\"BZ_Pyq_fadeIn\">un <\/span><span class=\"BZ_Pyq_fadeIn\">toque <\/span><span class=\"BZ_Pyq_fadeIn\">dulce.<\/span><\/p>\n<p data-start=\"2400\" data-end=\"2508\"><span class=\"BZ_Pyq_fadeIn\">El <\/span><strong data-start=\"2403\" data-end=\"2436\"><span class=\"BZ_Pyq_fadeIn\">t\u00e9 <\/span><span class=\"BZ_Pyq_fadeIn\">piramidal <\/span><span class=\"BZ_Pyq_fadeIn\">sabores<\/span><\/strong>\u00a0<span class=\"BZ_Pyq_fadeIn\">es <\/span><span class=\"BZ_Pyq_fadeIn\">sin\u00f3nimo <\/span><span class=\"BZ_Pyq_fadeIn\">de <\/span><span class=\"BZ_Pyq_fadeIn\">calidad, <\/span><span class=\"BZ_Pyq_fadeIn\">sabor <\/span><span class=\"BZ_Pyq_fadeIn\">y <\/span><span class=\"BZ_Pyq_fadeIn\">una <\/span><span class=\"BZ_Pyq_fadeIn\">experiencia <\/span><span class=\"BZ_Pyq_fadeIn\">diferente <\/span><span class=\"BZ_Pyq_fadeIn\">en <\/span><span class=\"BZ_Pyq_fadeIn\">cada <\/span><span class=\"BZ_Pyq_fadeIn\">taza.<\/span><\/p>\n<p data-start=\"2510\" data-end=\"2595\"><span class=\"BZ_Pyq_fadeIn\">\u2728 <\/span><span class=\"BZ_Pyq_fadeIn\">Disfruta <\/span><span class=\"BZ_Pyq_fadeIn\">una <\/span><span class=\"BZ_Pyq_fadeIn\">infusi\u00f3n <\/span><span class=\"BZ_Pyq_fadeIn\">moderna <\/span><span class=\"BZ_Pyq_fadeIn\">y <\/span><span class=\"BZ_Pyq_fadeIn\">deliciosa <\/span><span class=\"BZ_Pyq_fadeIn\">con <\/span><span class=\"BZ_Pyq_fadeIn\">el <\/span><strong data-start=\"2561\" data-end=\"2594\"><span class=\"BZ_Pyq_fadeIn\">t\u00e9 <\/span><span class=\"BZ_Pyq_fadeIn\">piramidal <\/span><span class=\"BZ_Pyq_fadeIn\">sabores <\/span><span class=\"BZ_Pyq_fadeIn\">frutales<\/span><\/strong><span class=\"BZ_Pyq_fadeIn\">.<\/span><\/p>\n<p data-start=\"2510\" data-end=\"2595\"><span class=\"BZ_Pyq_fadeIn\">\ud83d\udc49 <\/span><span class=\"BZ_Pyq_fadeIn\">Ver <\/span><span class=\"BZ_Pyq_fadeIn\">m\u00e1s <\/span><strong data-start=\"3143\" data-end=\"3163\"><span class=\"BZ_Pyq_fadeIn\">t\u00e9s: <a href=\"https:\/\/www.ortunonieto.cl\/zonafranca\/categoria-producto\/imperdible-aroma-y-sabor-a-te\/\">Imperdible aroma y sabor a T\u00e9 archivos &#8211; Ortu\u00f1o Nieto<\/a><\/span><\/strong><\/p>\n<\/div>\n<\/div>\n<\/div>\n<\/div>\n<\/div>\n<p><strong>CERTIFICACIONES INTERNACIONALES:\u00a0<\/strong>Nuestra marca se ajusta a los m\u00e1s altos est\u00e1ndares de calidad, siguiendo los procedimientos de prevenci\u00f3n, detecci\u00f3n y rechazo. Nuestra dedicaci\u00f3n, competencia y profesionalidad han sido reconocidas. \u00a1Nuestros certificados son una prueba tangible de nuestro compromiso con la excelencia!<\/p>\n<p><img fetchpriority=\"high\" decoding=\"async\" class=\"alignnone wp-image-4842\" src=\"https:\/\/www.ortunonieto.cl\/wp-content\/uploads\/2021\/04\/certificaciones-300x171.jpg\" alt=\"\" width=\"418\" height=\"238\" \/><\/p>\n<p>Cod 7009<\/p>\n<p>&nbsp;<\/p>\n<p>&nbsp;<\/p>\n<p>&nbsp;<\/p>\n","protected":false},"excerpt":{"rendered":"<p><span class=\"BZ_Pyq_fadeIn\">Disfruta <\/span><span class=\"BZ_Pyq_fadeIn\">t\u00e9 <\/span><span class=\"BZ_Pyq_fadeIn\">piramidal <\/span><span class=\"BZ_Pyq_fadeIn\">sabores <\/span><span class=\"BZ_Pyq_fadeIn\">frutales, <\/span><span class=\"BZ_Pyq_fadeIn\">una <\/span><span class=\"BZ_Pyq_fadeIn\">infusi\u00f3n <\/span><span class=\"BZ_Pyq_fadeIn\">premium <\/span><span class=\"BZ_Pyq_fadeIn\">con <\/span><span class=\"BZ_Pyq_fadeIn\">aromas <\/span><span class=\"BZ_Pyq_fadeIn\">intensos <\/span><span class=\"&quot;&quot;BZ_Pyq_y\"><span class=\"BZ_Pyq_fadeIn\">una &lt;\/span&gt;<span class=\"BZ_Pyq_fadeIn\">experiencia <\/span><span class=\"BZ_Pyq_fadeIn\">de <\/span><span class=\"BZ_Pyq_fadeIn\">sabor <\/span><span class=\"BZ_Pyq_fadeIn\">\u00fanica.<\/span><\/span><\/span><\/p>\n","protected":false},"featured_media":3767,"template":"","meta":[],"product_brand":[],"product_cat":[58,42],"product_tag":[],"class_list":{"0":"post-3642","1":"product","2":"type-product","3":"status-publish","4":"has-post-thumbnail","6":"product_cat-saludables","7":"product_cat-imperdible-aroma-y-sabor-a-te","9":"first","10":"instock","11":"shipping-taxable","12":"purchasable","13":"product-type-simple"},"yoast_head":"<!-- This site is optimized with the Yoast SEO plugin v27.2 - https:\/\/yoast.com\/product\/yoast-seo-wordpress\/ -->\n<title>T\u00e9 Piramidal Sabores Frutales \u2013 Infusi\u00f3n Premium - Ortu&ntilde;o Nieto<\/title>\n<meta name=\"description\" content=\"Compra t\u00e9 piramidal sabores frutales, una infusi\u00f3n premium con aromas intensos y sabores frescos, ideal para disfrutar en cualquier momento.\" \/>\n<meta name=\"robots\" content=\"index, follow, max-snippet:-1, max-image-preview:large, max-video-preview:-1\" \/>\n<link rel=\"canonical\" href=\"https:\/\/www.ortunonieto.cl\/zonafranca\/producto\/te-sabores-frutales-tarlton\/\" \/>\n<meta property=\"og:locale\" content=\"es_ES\" \/>\n<meta property=\"og:type\" content=\"article\" \/>\n<meta property=\"og:title\" content=\"T\u00e9 Piramidal Sabores Frutales \u2013 Infusi\u00f3n Premium - Ortu&ntilde;o Nieto\" \/>\n<meta property=\"og:description\" content=\"Compra t\u00e9 piramidal sabores frutales, una infusi\u00f3n premium con aromas intensos y sabores frescos, ideal para disfrutar en cualquier momento.\" \/>\n<meta property=\"og:url\" content=\"https:\/\/www.ortunonieto.cl\/zonafranca\/producto\/te-sabores-frutales-tarlton\/\" \/>\n<meta property=\"og:site_name\" content=\"Ortu&ntilde;o Nieto\" \/>\n<meta property=\"article:publisher\" content=\"https:\/\/facebook.com\/importadoraortunonieto\" \/>\n<meta property=\"article:modified_time\" content=\"2026-03-18T13:57:04+00:00\" \/>\n<meta property=\"og:image\" content=\"https:\/\/www.ortunonieto.cl\/zonafranca\/wp-content\/uploads\/2020\/05\/te-frutas.jpg\" \/>\n\t<meta property=\"og:image:width\" content=\"872\" \/>\n\t<meta property=\"og:image:height\" content=\"560\" \/>\n\t<meta property=\"og:image:type\" content=\"image\/jpeg\" \/>\n<meta name=\"twitter:card\" content=\"summary_large_image\" \/>\n<meta name=\"twitter:site\" content=\"@ortunonieto\" \/>\n<meta name=\"twitter:label1\" content=\"Tiempo de lectura\" \/>\n\t<meta name=\"twitter:data1\" content=\"2 minutos\" \/>\n<script type=\"application\/ld+json\" class=\"yoast-schema-graph\">{\"@context\":\"https:\/\/schema.org\",\"@graph\":[{\"@type\":\"WebPage\",\"@id\":\"https:\/\/www.ortunonieto.cl\/zonafranca\/producto\/te-sabores-frutales-tarlton\/\",\"url\":\"https:\/\/www.ortunonieto.cl\/zonafranca\/producto\/te-sabores-frutales-tarlton\/\",\"name\":\"T\u00e9 Piramidal Sabores Frutales \u2013 Infusi\u00f3n Premium - Ortu&ntilde;o Nieto\",\"isPartOf\":{\"@id\":\"https:\/\/www.ortunonieto.cl\/zonafranca\/#website\"},\"primaryImageOfPage\":{\"@id\":\"https:\/\/www.ortunonieto.cl\/zonafranca\/producto\/te-sabores-frutales-tarlton\/#primaryimage\"},\"image\":{\"@id\":\"https:\/\/www.ortunonieto.cl\/zonafranca\/producto\/te-sabores-frutales-tarlton\/#primaryimage\"},\"thumbnailUrl\":\"https:\/\/www.ortunonieto.cl\/zonafranca\/wp-content\/uploads\/2020\/05\/te-frutas.jpg\",\"datePublished\":\"2020-05-08T00:56:36+00:00\",\"dateModified\":\"2026-03-18T13:57:04+00:00\",\"description\":\"Compra t\u00e9 piramidal sabores frutales, una infusi\u00f3n premium con aromas intensos y sabores frescos, ideal para disfrutar en cualquier momento.\",\"breadcrumb\":{\"@id\":\"https:\/\/www.ortunonieto.cl\/zonafranca\/producto\/te-sabores-frutales-tarlton\/#breadcrumb\"},\"inLanguage\":\"es\",\"potentialAction\":[{\"@type\":\"ReadAction\",\"target\":[\"https:\/\/www.ortunonieto.cl\/zonafranca\/producto\/te-sabores-frutales-tarlton\/\"]}]},{\"@type\":\"ImageObject\",\"inLanguage\":\"es\",\"@id\":\"https:\/\/www.ortunonieto.cl\/zonafranca\/producto\/te-sabores-frutales-tarlton\/#primaryimage\",\"url\":\"https:\/\/www.ortunonieto.cl\/zonafranca\/wp-content\/uploads\/2020\/05\/te-frutas.jpg\",\"contentUrl\":\"https:\/\/www.ortunonieto.cl\/zonafranca\/wp-content\/uploads\/2020\/05\/te-frutas.jpg\",\"width\":872,\"height\":560},{\"@type\":\"BreadcrumbList\",\"@id\":\"https:\/\/www.ortunonieto.cl\/zonafranca\/producto\/te-sabores-frutales-tarlton\/#breadcrumb\",\"itemListElement\":[{\"@type\":\"ListItem\",\"position\":1,\"name\":\"Portada\",\"item\":\"https:\/\/www.ortunonieto.cl\/zonafranca\/\"},{\"@type\":\"ListItem\",\"position\":2,\"name\":\"Tienda\",\"item\":\"https:\/\/www.ortunonieto.cl\/zonafranca\/shop\/\"},{\"@type\":\"ListItem\",\"position\":3,\"name\":\"T\u00e9 Piramidal Sabores Frutales \u2013 Infusi\u00f3n Premium\"}]},{\"@type\":\"WebSite\",\"@id\":\"https:\/\/www.ortunonieto.cl\/zonafranca\/#website\",\"url\":\"https:\/\/www.ortunonieto.cl\/zonafranca\/\",\"name\":\"Ortu&ntilde;o Nieto\",\"description\":\"Iquique - Arica\",\"publisher\":{\"@id\":\"https:\/\/www.ortunonieto.cl\/zonafranca\/#organization\"},\"potentialAction\":[{\"@type\":\"SearchAction\",\"target\":{\"@type\":\"EntryPoint\",\"urlTemplate\":\"https:\/\/www.ortunonieto.cl\/zonafranca\/?s={search_term_string}\"},\"query-input\":{\"@type\":\"PropertyValueSpecification\",\"valueRequired\":true,\"valueName\":\"search_term_string\"}}],\"inLanguage\":\"es\"},{\"@type\":\"Organization\",\"@id\":\"https:\/\/www.ortunonieto.cl\/zonafranca\/#organization\",\"name\":\"Ortu&ntilde;o Nieto\",\"url\":\"https:\/\/www.ortunonieto.cl\/zonafranca\/\",\"logo\":{\"@type\":\"ImageObject\",\"inLanguage\":\"es\",\"@id\":\"https:\/\/www.ortunonieto.cl\/zonafranca\/#\/schema\/logo\/image\/\",\"url\":\"https:\/\/www.ortunonieto.cl\/zonafranca\/wp-content\/uploads\/2020\/04\/logo_ortuno_nieto2.png\",\"contentUrl\":\"https:\/\/www.ortunonieto.cl\/zonafranca\/wp-content\/uploads\/2020\/04\/logo_ortuno_nieto2.png\",\"width\":115,\"height\":71,\"caption\":\"Ortu&ntilde;o Nieto\"},\"image\":{\"@id\":\"https:\/\/www.ortunonieto.cl\/zonafranca\/#\/schema\/logo\/image\/\"},\"sameAs\":[\"https:\/\/facebook.com\/importadoraortunonieto\",\"https:\/\/x.com\/ortunonieto\",\"https:\/\/www.instagram.com\/garotochile\/\"]}]}<\/script>\n<!-- \/ Yoast SEO plugin. -->","yoast_head_json":{"title":"T\u00e9 Piramidal Sabores Frutales \u2013 Infusi\u00f3n Premium - Ortu&ntilde;o Nieto","description":"Compra t\u00e9 piramidal sabores frutales, una infusi\u00f3n premium con aromas intensos y sabores frescos, ideal para disfrutar en cualquier momento.","robots":{"index":"index","follow":"follow","max-snippet":"max-snippet:-1","max-image-preview":"max-image-preview:large","max-video-preview":"max-video-preview:-1"},"canonical":"https:\/\/www.ortunonieto.cl\/zonafranca\/producto\/te-sabores-frutales-tarlton\/","og_locale":"es_ES","og_type":"article","og_title":"T\u00e9 Piramidal Sabores Frutales \u2013 Infusi\u00f3n Premium - Ortu&ntilde;o Nieto","og_description":"Compra t\u00e9 piramidal sabores frutales, una infusi\u00f3n premium con aromas intensos y sabores frescos, ideal para disfrutar en cualquier momento.","og_url":"https:\/\/www.ortunonieto.cl\/zonafranca\/producto\/te-sabores-frutales-tarlton\/","og_site_name":"Ortu&ntilde;o Nieto","article_publisher":"https:\/\/facebook.com\/importadoraortunonieto","article_modified_time":"2026-03-18T13:57:04+00:00","og_image":[{"width":872,"height":560,"url":"https:\/\/www.ortunonieto.cl\/zonafranca\/wp-content\/uploads\/2020\/05\/te-frutas.jpg","type":"image\/jpeg"}],"twitter_card":"summary_large_image","twitter_site":"@ortunonieto","twitter_misc":{"Tiempo de lectura":"2 minutos"},"schema":{"@context":"https:\/\/schema.org","@graph":[{"@type":"WebPage","@id":"https:\/\/www.ortunonieto.cl\/zonafranca\/producto\/te-sabores-frutales-tarlton\/","url":"https:\/\/www.ortunonieto.cl\/zonafranca\/producto\/te-sabores-frutales-tarlton\/","name":"T\u00e9 Piramidal Sabores Frutales \u2013 Infusi\u00f3n Premium - Ortu&ntilde;o Nieto","isPartOf":{"@id":"https:\/\/www.ortunonieto.cl\/zonafranca\/#website"},"primaryImageOfPage":{"@id":"https:\/\/www.ortunonieto.cl\/zonafranca\/producto\/te-sabores-frutales-tarlton\/#primaryimage"},"image":{"@id":"https:\/\/www.ortunonieto.cl\/zonafranca\/producto\/te-sabores-frutales-tarlton\/#primaryimage"},"thumbnailUrl":"https:\/\/www.ortunonieto.cl\/zonafranca\/wp-content\/uploads\/2020\/05\/te-frutas.jpg","datePublished":"2020-05-08T00:56:36+00:00","dateModified":"2026-03-18T13:57:04+00:00","description":"Compra t\u00e9 piramidal sabores frutales, una infusi\u00f3n premium con aromas intensos y sabores frescos, ideal para disfrutar en cualquier momento.","breadcrumb":{"@id":"https:\/\/www.ortunonieto.cl\/zonafranca\/producto\/te-sabores-frutales-tarlton\/#breadcrumb"},"inLanguage":"es","potentialAction":[{"@type":"ReadAction","target":["https:\/\/www.ortunonieto.cl\/zonafranca\/producto\/te-sabores-frutales-tarlton\/"]}]},{"@type":"ImageObject","inLanguage":"es","@id":"https:\/\/www.ortunonieto.cl\/zonafranca\/producto\/te-sabores-frutales-tarlton\/#primaryimage","url":"https:\/\/www.ortunonieto.cl\/zonafranca\/wp-content\/uploads\/2020\/05\/te-frutas.jpg","contentUrl":"https:\/\/www.ortunonieto.cl\/zonafranca\/wp-content\/uploads\/2020\/05\/te-frutas.jpg","width":872,"height":560},{"@type":"BreadcrumbList","@id":"https:\/\/www.ortunonieto.cl\/zonafranca\/producto\/te-sabores-frutales-tarlton\/#breadcrumb","itemListElement":[{"@type":"ListItem","position":1,"name":"Portada","item":"https:\/\/www.ortunonieto.cl\/zonafranca\/"},{"@type":"ListItem","position":2,"name":"Tienda","item":"https:\/\/www.ortunonieto.cl\/zonafranca\/shop\/"},{"@type":"ListItem","position":3,"name":"T\u00e9 Piramidal Sabores Frutales \u2013 Infusi\u00f3n Premium"}]},{"@type":"WebSite","@id":"https:\/\/www.ortunonieto.cl\/zonafranca\/#website","url":"https:\/\/www.ortunonieto.cl\/zonafranca\/","name":"Ortu&ntilde;o Nieto","description":"Iquique - Arica","publisher":{"@id":"https:\/\/www.ortunonieto.cl\/zonafranca\/#organization"},"potentialAction":[{"@type":"SearchAction","target":{"@type":"EntryPoint","urlTemplate":"https:\/\/www.ortunonieto.cl\/zonafranca\/?s={search_term_string}"},"query-input":{"@type":"PropertyValueSpecification","valueRequired":true,"valueName":"search_term_string"}}],"inLanguage":"es"},{"@type":"Organization","@id":"https:\/\/www.ortunonieto.cl\/zonafranca\/#organization","name":"Ortu&ntilde;o Nieto","url":"https:\/\/www.ortunonieto.cl\/zonafranca\/","logo":{"@type":"ImageObject","inLanguage":"es","@id":"https:\/\/www.ortunonieto.cl\/zonafranca\/#\/schema\/logo\/image\/","url":"https:\/\/www.ortunonieto.cl\/zonafranca\/wp-content\/uploads\/2020\/04\/logo_ortuno_nieto2.png","contentUrl":"https:\/\/www.ortunonieto.cl\/zonafranca\/wp-content\/uploads\/2020\/04\/logo_ortuno_nieto2.png","width":115,"height":71,"caption":"Ortu&ntilde;o Nieto"},"image":{"@id":"https:\/\/www.ortunonieto.cl\/zonafranca\/#\/schema\/logo\/image\/"},"sameAs":["https:\/\/facebook.com\/importadoraortunonieto","https:\/\/x.com\/ortunonieto","https:\/\/www.instagram.com\/garotochile\/"]}]}},"_links":{"self":[{"href":"https:\/\/www.ortunonieto.cl\/zonafranca\/wp-json\/wp\/v2\/product\/3642","targetHints":{"allow":["GET"]}}],"collection":[{"href":"https:\/\/www.ortunonieto.cl\/zonafranca\/wp-json\/wp\/v2\/product"}],"about":[{"href":"https:\/\/www.ortunonieto.cl\/zonafranca\/wp-json\/wp\/v2\/types\/product"}],"wp:featuredmedia":[{"embeddable":true,"href":"https:\/\/www.ortunonieto.cl\/zonafranca\/wp-json\/wp\/v2\/media\/3767"}],"wp:attachment":[{"href":"https:\/\/www.ortunonieto.cl\/zonafranca\/wp-json\/wp\/v2\/media?parent=3642"}],"wp:term":[{"taxonomy":"product_brand","embeddable":true,"href":"https:\/\/www.ortunonieto.cl\/zonafranca\/wp-json\/wp\/v2\/product_brand?post=3642"},{"taxonomy":"product_cat","embeddable":true,"href":"https:\/\/www.ortunonieto.cl\/zonafranca\/wp-json\/wp\/v2\/product_cat?post=3642"},{"taxonomy":"product_tag","embeddable":true,"href":"https:\/\/www.ortunonieto.cl\/zonafranca\/wp-json\/wp\/v2\/product_tag?post=3642"}],"curies":[{"name":"wp","href":"https:\/\/api.w.org\/{rel}","templated":true}]}}