{"id":3644,"date":"2020-05-08T01:03:44","date_gmt":"2020-05-08T01:03:44","guid":{"rendered":"https:\/\/www.ortunonieto.cl\/?post_type=product&#038;p=3644"},"modified":"2026-03-18T13:59:33","modified_gmt":"2026-03-18T13:59:33","slug":"te-negro-ingles-fino-marca-tarlton","status":"publish","type":"product","link":"https:\/\/www.ortunonieto.cl\/zonafranca\/producto\/te-negro-ingles-fino-marca-tarlton\/","title":{"rendered":"T\u00e9 Negro Ingl\u00e9s Tarlton \u2013 Sabor Cl\u00e1sico y Arom\u00e1tico"},"content":{"rendered":"<p data-start=\"842\" data-end=\"1130\"><span class=\"BZ_Pyq_fadeIn\">El <\/span><strong data-start=\"845\" data-end=\"872\"><span class=\"BZ_Pyq_fadeIn\">t\u00e9 <\/span><span class=\"BZ_Pyq_fadeIn\">negro <\/span><span class=\"BZ_Pyq_fadeIn\">ingl\u00e9s <\/span><span class=\"BZ_Pyq_fadeIn\">Tarlton<\/span><\/strong> <span class=\"BZ_Pyq_fadeIn\">es <\/span><span class=\"BZ_Pyq_fadeIn\">una <\/span><span class=\"BZ_Pyq_fadeIn\">excelente <\/span><span class=\"BZ_Pyq_fadeIn\">opci\u00f3n <\/span><span class=\"BZ_Pyq_fadeIn\">para <\/span><span class=\"BZ_Pyq_fadeIn\">quienes <\/span><span class=\"BZ_Pyq_fadeIn\">buscan <\/span><span class=\"BZ_Pyq_fadeIn\">una <\/span><span class=\"BZ_Pyq_fadeIn\">infusi\u00f3n <\/span><span class=\"BZ_Pyq_fadeIn\">cl\u00e1sica, <\/span><span class=\"BZ_Pyq_fadeIn\">intensa <\/span><span class=\"BZ_Pyq_fadeIn\">y <\/span><span class=\"BZ_Pyq_fadeIn\">llena <\/span><span class=\"BZ_Pyq_fadeIn\">de <\/span><span class=\"BZ_Pyq_fadeIn\">tradici\u00f3n. <\/span><span class=\"BZ_Pyq_fadeIn\">Este <\/span><span class=\"BZ_Pyq_fadeIn\">tipo <\/span><span class=\"BZ_Pyq_fadeIn\">de <\/span><span class=\"BZ_Pyq_fadeIn\">t\u00e9 <\/span><span class=\"BZ_Pyq_fadeIn\">destaca <\/span><span class=\"BZ_Pyq_fadeIn\">por <\/span><span class=\"BZ_Pyq_fadeIn\">su <\/span><span class=\"BZ_Pyq_fadeIn\">sabor <\/span><span class=\"BZ_Pyq_fadeIn\">robusto <\/span><span class=\"BZ_Pyq_fadeIn\">y <\/span><span class=\"BZ_Pyq_fadeIn\">su <\/span><span class=\"BZ_Pyq_fadeIn\">aroma <\/span><span class=\"BZ_Pyq_fadeIn\">profundo, <\/span><span class=\"BZ_Pyq_fadeIn\">convirti\u00e9ndose <\/span><span class=\"BZ_Pyq_fadeIn\">en <\/span><span class=\"BZ_Pyq_fadeIn\">una <\/span><span class=\"BZ_Pyq_fadeIn\">de <\/span><span class=\"BZ_Pyq_fadeIn\">las <\/span><span class=\"BZ_Pyq_fadeIn\">variedades <\/span><span class=\"BZ_Pyq_fadeIn\">m\u00e1s <\/span><span class=\"BZ_Pyq_fadeIn\">apreciadas <\/span><span class=\"BZ_Pyq_fadeIn\">por <\/span><span class=\"BZ_Pyq_fadeIn\">los <\/span><span class=\"BZ_Pyq_fadeIn\">amantes <\/span><span class=\"BZ_Pyq_fadeIn\">del <\/span><span class=\"BZ_Pyq_fadeIn\">t\u00e9 <\/span><span class=\"BZ_Pyq_fadeIn\">en <\/span><span class=\"BZ_Pyq_fadeIn\">todo <\/span><span class=\"BZ_Pyq_fadeIn\">el <\/span><span class=\"BZ_Pyq_fadeIn\">mundo.<\/span><\/p>\n<p data-start=\"1132\" data-end=\"1367\"><span class=\"BZ_Pyq_fadeIn\">El <\/span><strong data-start=\"1135\" data-end=\"1162\"><span class=\"BZ_Pyq_fadeIn\">t\u00e9 <\/span><span class=\"BZ_Pyq_fadeIn\">negro <\/span><span class=\"BZ_Pyq_fadeIn\">ingl\u00e9s <\/span><\/strong><span class=\"BZ_Pyq_fadeIn\">es <\/span><span class=\"BZ_Pyq_fadeIn\">ideal <\/span><span class=\"BZ_Pyq_fadeIn\">para <\/span><span class=\"BZ_Pyq_fadeIn\">comenzar <\/span><span class=\"BZ_Pyq_fadeIn\">el <\/span><span class=\"BZ_Pyq_fadeIn\">d\u00eda <\/span><span class=\"BZ_Pyq_fadeIn\">con <\/span><span class=\"BZ_Pyq_fadeIn\">energ\u00eda <\/span><span class=\"BZ_Pyq_fadeIn\">o <\/span><span class=\"BZ_Pyq_fadeIn\">para <\/span><span class=\"BZ_Pyq_fadeIn\">disfrutar <\/span><span class=\"BZ_Pyq_fadeIn\">durante <\/span><span class=\"BZ_Pyq_fadeIn\">una <\/span><span class=\"BZ_Pyq_fadeIn\">pausa <\/span><span class=\"BZ_Pyq_fadeIn\">relajante. <\/span><span class=\"BZ_Pyq_fadeIn\">Su <\/span><span class=\"BZ_Pyq_fadeIn\">perfil <\/span><span class=\"BZ_Pyq_fadeIn\">de <\/span><span class=\"BZ_Pyq_fadeIn\">sabor <\/span><span class=\"BZ_Pyq_fadeIn\">fuerte <\/span><span class=\"BZ_Pyq_fadeIn\">y <\/span><span class=\"BZ_Pyq_fadeIn\">equilibrado <\/span><span class=\"BZ_Pyq_fadeIn\">lo <\/span><span class=\"BZ_Pyq_fadeIn\">hace <\/span><span class=\"BZ_Pyq_fadeIn\">perfecto <\/span><span class=\"BZ_Pyq_fadeIn\">para <\/span><span class=\"BZ_Pyq_fadeIn\">acompa\u00f1ar <\/span><span class=\"BZ_Pyq_fadeIn\">desayunos, <\/span><span class=\"BZ_Pyq_fadeIn\">meriendas <\/span><span class=\"BZ_Pyq_fadeIn\">o <\/span><span class=\"BZ_Pyq_fadeIn\">momentos <\/span><span class=\"BZ_Pyq_fadeIn\">de <\/span><span class=\"BZ_Pyq_fadeIn\">descanso.<\/span><\/p>\n<p data-start=\"1132\" data-end=\"1367\"><span class=\"BZ_Pyq_fadeIn\">El <\/span><strong data-start=\"1628\" data-end=\"1655\"><span class=\"BZ_Pyq_fadeIn\">t\u00e9 <\/span><span class=\"BZ_Pyq_fadeIn\">negro<\/span><\/strong>\u00a0<span class=\"BZ_Pyq_fadeIn\">tambi\u00e9n <\/span><span class=\"BZ_Pyq_fadeIn\">es <\/span><span class=\"BZ_Pyq_fadeIn\">una <\/span><span class=\"BZ_Pyq_fadeIn\">excelente <\/span><span class=\"BZ_Pyq_fadeIn\">opci\u00f3n <\/span><span class=\"BZ_Pyq_fadeIn\">para <\/span><span class=\"BZ_Pyq_fadeIn\">quienes <\/span><span class=\"BZ_Pyq_fadeIn\">valoran <\/span><span class=\"BZ_Pyq_fadeIn\">los <\/span><span class=\"BZ_Pyq_fadeIn\">sabores <\/span><span class=\"BZ_Pyq_fadeIn\">tradicionales. <\/span><span class=\"BZ_Pyq_fadeIn\">Su <\/span><span class=\"BZ_Pyq_fadeIn\">origen <\/span><span class=\"BZ_Pyq_fadeIn\">y <\/span><span class=\"BZ_Pyq_fadeIn\">estilo <\/span><span class=\"BZ_Pyq_fadeIn\">lo <\/span><span class=\"BZ_Pyq_fadeIn\">posicionan <\/span><span class=\"BZ_Pyq_fadeIn\">como <\/span><span class=\"BZ_Pyq_fadeIn\">un <\/span><span class=\"BZ_Pyq_fadeIn\">t\u00e9 <\/span><span class=\"BZ_Pyq_fadeIn\">elegante <\/span><span class=\"BZ_Pyq_fadeIn\">y <\/span><span class=\"BZ_Pyq_fadeIn\">atemporal, <\/span><span class=\"BZ_Pyq_fadeIn\">ideal <\/span><span class=\"BZ_Pyq_fadeIn\">tanto <\/span><span class=\"BZ_Pyq_fadeIn\">para <\/span><span class=\"BZ_Pyq_fadeIn\">consumo <\/span><span class=\"BZ_Pyq_fadeIn\">personal <\/span><span class=\"BZ_Pyq_fadeIn\">como <\/span><span class=\"BZ_Pyq_fadeIn\">para <\/span><span class=\"BZ_Pyq_fadeIn\">regalar.<\/span><\/p>\n<p data-start=\"1132\" data-end=\"1367\"><span class=\"BZ_Pyq_fadeIn\">Gracias <\/span><span class=\"BZ_Pyq_fadeIn\">a <\/span><span class=\"BZ_Pyq_fadeIn\">su <\/span><span class=\"BZ_Pyq_fadeIn\">versatilidad, <\/span><span class=\"BZ_Pyq_fadeIn\">el <\/span><strong data-start=\"1399\" data-end=\"1426\"><span class=\"BZ_Pyq_fadeIn\">t\u00e9 <\/span><span class=\"BZ_Pyq_fadeIn\">negro <\/span><span class=\"BZ_Pyq_fadeIn\">ingl\u00e9s<\/span><\/strong>\u00a0<span class=\"BZ_Pyq_fadeIn\">puede <\/span><span class=\"BZ_Pyq_fadeIn\">consumirse <\/span><span class=\"BZ_Pyq_fadeIn\">solo <\/span><span class=\"BZ_Pyq_fadeIn\">o <\/span><span class=\"BZ_Pyq_fadeIn\">con <\/span><span class=\"BZ_Pyq_fadeIn\">leche, <\/span><span class=\"BZ_Pyq_fadeIn\">az\u00facar <\/span><span class=\"BZ_Pyq_fadeIn\">o <\/span><span class=\"BZ_Pyq_fadeIn\">endulzantes <\/span><span class=\"BZ_Pyq_fadeIn\">seg\u00fan <\/span><span class=\"BZ_Pyq_fadeIn\">tu <\/span><span class=\"BZ_Pyq_fadeIn\">preferencia. <\/span><span class=\"BZ_Pyq_fadeIn\">Esta <\/span><span class=\"BZ_Pyq_fadeIn\">caracter\u00edstica <\/span><span class=\"BZ_Pyq_fadeIn\">lo <\/span><span class=\"BZ_Pyq_fadeIn\">convierte <\/span><span class=\"BZ_Pyq_fadeIn\">en <\/span><span class=\"BZ_Pyq_fadeIn\">una <\/span><span class=\"BZ_Pyq_fadeIn\">infusi\u00f3n <\/span><span class=\"BZ_Pyq_fadeIn\">adaptable <\/span><span class=\"BZ_Pyq_fadeIn\">a <\/span><span class=\"BZ_Pyq_fadeIn\">distintos <\/span><span class=\"BZ_Pyq_fadeIn\">gustos, <\/span><span class=\"BZ_Pyq_fadeIn\">manteniendo <\/span><span class=\"BZ_Pyq_fadeIn\">siempre <\/span><span class=\"BZ_Pyq_fadeIn\">su <\/span><span class=\"BZ_Pyq_fadeIn\">esencia <\/span><span class=\"BZ_Pyq_fadeIn\">cl\u00e1sica.<\/span><\/p>\n<p data-start=\"2161\" data-end=\"2314\"><span class=\"BZ_Pyq_fadeIn\">El <\/span><strong data-start=\"2164\" data-end=\"2191\"><span class=\"BZ_Pyq_fadeIn\">t\u00e9 <\/span><span class=\"BZ_Pyq_fadeIn\">negro <\/span><span class=\"BZ_Pyq_fadeIn\">Tarlton<\/span><\/strong> <span class=\"BZ_Pyq_fadeIn\">combina <\/span><span class=\"BZ_Pyq_fadeIn\">calidad, <\/span><span class=\"BZ_Pyq_fadeIn\">tradici\u00f3n <\/span><span class=\"BZ_Pyq_fadeIn\">y <\/span><span class=\"BZ_Pyq_fadeIn\">sabor <\/span><span class=\"BZ_Pyq_fadeIn\">en <\/span><span class=\"BZ_Pyq_fadeIn\">cada <\/span><span class=\"BZ_Pyq_fadeIn\">taza, <\/span><span class=\"BZ_Pyq_fadeIn\">siendo <\/span><span class=\"BZ_Pyq_fadeIn\">una <\/span><span class=\"BZ_Pyq_fadeIn\">elecci\u00f3n <\/span><span class=\"BZ_Pyq_fadeIn\">segura <\/span><span class=\"BZ_Pyq_fadeIn\">para <\/span><span class=\"BZ_Pyq_fadeIn\">quienes <\/span><span class=\"BZ_Pyq_fadeIn\">buscan <\/span><span class=\"BZ_Pyq_fadeIn\">una <\/span><span class=\"BZ_Pyq_fadeIn\">experiencia <\/span><span class=\"BZ_Pyq_fadeIn\">aut\u00e9ntica.<\/span><\/p>\n<p data-start=\"2316\" data-end=\"2405\"><span class=\"BZ_Pyq_fadeIn\">\u2728 <\/span><span class=\"BZ_Pyq_fadeIn\">Disfruta <\/span><span class=\"BZ_Pyq_fadeIn\">el <\/span><span class=\"BZ_Pyq_fadeIn\">cl\u00e1sico <\/span><span class=\"BZ_Pyq_fadeIn\">sabor <\/span><span class=\"BZ_Pyq_fadeIn\">del <\/span><strong data-start=\"2348\" data-end=\"2375\"><span class=\"BZ_Pyq_fadeIn\">t\u00e9 <\/span><span class=\"BZ_Pyq_fadeIn\">negro <\/span><span class=\"BZ_Pyq_fadeIn\">ingl\u00e9s <\/span><span class=\"BZ_Pyq_fadeIn\">Tarlton<\/span><\/strong> <span class=\"BZ_Pyq_fadeIn\">en <\/span><span class=\"BZ_Pyq_fadeIn\">cualquier <\/span><span class=\"BZ_Pyq_fadeIn\">momento <\/span><span class=\"BZ_Pyq_fadeIn\">del <\/span><span class=\"BZ_Pyq_fadeIn\">d\u00eda.<\/span><\/p>\n<p data-start=\"2316\" data-end=\"2405\"><span class=\"BZ_Pyq_fadeIn\">Para <\/span><span class=\"BZ_Pyq_fadeIn\">conocer <\/span><span class=\"BZ_Pyq_fadeIn\">m\u00e1s <\/span><span class=\"BZ_Pyq_fadeIn\">sobre <\/span><span class=\"BZ_Pyq_fadeIn\">el <\/span><span class=\"BZ_Pyq_fadeIn\">t\u00e9 <\/span><span class=\"BZ_Pyq_fadeIn\">negro, <\/span><span class=\"BZ_Pyq_fadeIn\">puedes <\/span><span class=\"BZ_Pyq_fadeIn\">visitar <\/span><span class=\"BZ_Pyq_fadeIn\">este <\/span><span class=\"BZ_Pyq_fadeIn\">enlace:<\/span><br data-start=\"2113\" data-end=\"2116\" \/><span class=\"BZ_Pyq_fadeIn\">\ud83d\udc49 <\/span><a class=\"decorated-link\" href=\"https:\/\/es.wikipedia.org\/wiki\/T%C3%A9_negro\" target=\"_new\" rel=\"noopener\" data-start=\"2119\" data-end=\"2157\"><span class=\"BZ_Pyq_fadeIn\">https:\/\/<\/span><span class=\"BZ_Pyq_fadeIn\">es.<\/span><span class=\"BZ_Pyq_fadeIn\">wikipedia.<\/span><span class=\"BZ_Pyq_fadeIn\">org\/<\/span><span class=\"BZ_Pyq_fadeIn\">wiki\/<\/span><span class=\"BZ_Pyq_fadeIn\">T\u00e9_negro<\/span><\/a><\/p>\n<p>cod: T111<\/p>\n","protected":false},"excerpt":{"rendered":"<p><span class=\"BZ_Pyq_fadeIn\">Disfruta <\/span><span class=\"BZ_Pyq_fadeIn\">t\u00e9 <\/span><span class=\"BZ_Pyq_fadeIn\">negro <\/span><span class=\"BZ_Pyq_fadeIn\">ingl\u00e9s <\/span><span class=\"&quot;Tarlton,\"><span class=\"yoast-text-mark\">ss=&#8221;BZ_Pyq_fadeIn&#8221;&gt;una <\/span><span class=\"&quot;infusi\u00f3n\"><span class=\"BZ_Pyq_fadeIn\">intensa <\/span><span class=\"BZ_Pyq_fadeIn\">y <\/span><span class=\"BZ_Pyq_fadeIn\">tradicional <\/span><span class=\"BZ_Pyq_fadeIn\">con <\/span><span class=\"BZ_Pyq_fadeIn\">un <\/span><span class=\"BZ_Pyq_fadeIn\">sabor <\/span><span class=\"BZ_Pyq_fadeIn\">cl\u00e1sico <\/span><span class=\"BZ_Pyq_fadeIn\">perfecto <\/span><span class=\"BZ_Pyq_fadeIn\">para <\/span><span class=\"BZ_Pyq_fadeIn\">cualquier <\/span><span class=\"BZ_Pyq_fadeIn\">momento.<\/span><\/span><\/span><\/p>\n","protected":false},"featured_media":3766,"template":"","meta":[],"product_brand":[],"product_cat":[42],"product_tag":[43],"class_list":{"0":"post-3644","1":"product","2":"type-product","3":"status-publish","4":"has-post-thumbnail","6":"product_cat-imperdible-aroma-y-sabor-a-te","7":"product_tag-te","9":"first","10":"instock","11":"shipping-taxable","12":"purchasable","13":"product-type-simple"},"yoast_head":"<!-- This site is optimized with the Yoast SEO plugin v27.2 - https:\/\/yoast.com\/product\/yoast-seo-wordpress\/ -->\n<title>T\u00e9 Negro Ingl\u00e9s Tarlton \u2013 Sabor Cl\u00e1sico y Arom\u00e1tico - Ortu&ntilde;o Nieto<\/title>\n<meta name=\"description\" content=\"Compra t\u00e9 negro ingl\u00e9s Tarlton, una infusi\u00f3n cl\u00e1sica, intensa y arom\u00e1tica ideal para disfrutar en cualquier momento del d\u00eda.\" \/>\n<meta name=\"robots\" content=\"index, follow, max-snippet:-1, max-image-preview:large, max-video-preview:-1\" \/>\n<link rel=\"canonical\" href=\"https:\/\/www.ortunonieto.cl\/zonafranca\/producto\/te-negro-ingles-fino-marca-tarlton\/\" \/>\n<meta property=\"og:locale\" content=\"es_ES\" \/>\n<meta property=\"og:type\" content=\"article\" \/>\n<meta property=\"og:title\" content=\"T\u00e9 Negro Ingl\u00e9s Tarlton \u2013 Sabor Cl\u00e1sico y Arom\u00e1tico - Ortu&ntilde;o Nieto\" \/>\n<meta property=\"og:description\" content=\"Compra t\u00e9 negro ingl\u00e9s Tarlton, una infusi\u00f3n cl\u00e1sica, intensa y arom\u00e1tica ideal para disfrutar en cualquier momento del d\u00eda.\" \/>\n<meta property=\"og:url\" content=\"https:\/\/www.ortunonieto.cl\/zonafranca\/producto\/te-negro-ingles-fino-marca-tarlton\/\" \/>\n<meta property=\"og:site_name\" content=\"Ortu&ntilde;o Nieto\" \/>\n<meta property=\"article:publisher\" content=\"https:\/\/facebook.com\/importadoraortunonieto\" \/>\n<meta property=\"article:modified_time\" content=\"2026-03-18T13:59:33+00:00\" \/>\n<meta property=\"og:image\" content=\"https:\/\/www.ortunonieto.cl\/zonafranca\/wp-content\/uploads\/2020\/05\/te-ingles.jpg\" \/>\n\t<meta property=\"og:image:width\" content=\"910\" \/>\n\t<meta property=\"og:image:height\" content=\"610\" \/>\n\t<meta property=\"og:image:type\" content=\"image\/jpeg\" \/>\n<meta name=\"twitter:card\" content=\"summary_large_image\" \/>\n<meta name=\"twitter:site\" content=\"@ortunonieto\" \/>\n<meta name=\"twitter:label1\" content=\"Tiempo de lectura\" \/>\n\t<meta name=\"twitter:data1\" content=\"2 minutos\" \/>\n<script type=\"application\/ld+json\" class=\"yoast-schema-graph\">{\"@context\":\"https:\/\/schema.org\",\"@graph\":[{\"@type\":\"WebPage\",\"@id\":\"https:\/\/www.ortunonieto.cl\/zonafranca\/producto\/te-negro-ingles-fino-marca-tarlton\/\",\"url\":\"https:\/\/www.ortunonieto.cl\/zonafranca\/producto\/te-negro-ingles-fino-marca-tarlton\/\",\"name\":\"T\u00e9 Negro Ingl\u00e9s Tarlton \u2013 Sabor Cl\u00e1sico y Arom\u00e1tico - Ortu&ntilde;o Nieto\",\"isPartOf\":{\"@id\":\"https:\/\/www.ortunonieto.cl\/zonafranca\/#website\"},\"primaryImageOfPage\":{\"@id\":\"https:\/\/www.ortunonieto.cl\/zonafranca\/producto\/te-negro-ingles-fino-marca-tarlton\/#primaryimage\"},\"image\":{\"@id\":\"https:\/\/www.ortunonieto.cl\/zonafranca\/producto\/te-negro-ingles-fino-marca-tarlton\/#primaryimage\"},\"thumbnailUrl\":\"https:\/\/www.ortunonieto.cl\/zonafranca\/wp-content\/uploads\/2020\/05\/te-ingles.jpg\",\"datePublished\":\"2020-05-08T01:03:44+00:00\",\"dateModified\":\"2026-03-18T13:59:33+00:00\",\"description\":\"Compra t\u00e9 negro ingl\u00e9s Tarlton, una infusi\u00f3n cl\u00e1sica, intensa y arom\u00e1tica ideal para disfrutar en cualquier momento del d\u00eda.\",\"breadcrumb\":{\"@id\":\"https:\/\/www.ortunonieto.cl\/zonafranca\/producto\/te-negro-ingles-fino-marca-tarlton\/#breadcrumb\"},\"inLanguage\":\"es\",\"potentialAction\":[{\"@type\":\"ReadAction\",\"target\":[\"https:\/\/www.ortunonieto.cl\/zonafranca\/producto\/te-negro-ingles-fino-marca-tarlton\/\"]}]},{\"@type\":\"ImageObject\",\"inLanguage\":\"es\",\"@id\":\"https:\/\/www.ortunonieto.cl\/zonafranca\/producto\/te-negro-ingles-fino-marca-tarlton\/#primaryimage\",\"url\":\"https:\/\/www.ortunonieto.cl\/zonafranca\/wp-content\/uploads\/2020\/05\/te-ingles.jpg\",\"contentUrl\":\"https:\/\/www.ortunonieto.cl\/zonafranca\/wp-content\/uploads\/2020\/05\/te-ingles.jpg\",\"width\":910,\"height\":610},{\"@type\":\"BreadcrumbList\",\"@id\":\"https:\/\/www.ortunonieto.cl\/zonafranca\/producto\/te-negro-ingles-fino-marca-tarlton\/#breadcrumb\",\"itemListElement\":[{\"@type\":\"ListItem\",\"position\":1,\"name\":\"Portada\",\"item\":\"https:\/\/www.ortunonieto.cl\/zonafranca\/\"},{\"@type\":\"ListItem\",\"position\":2,\"name\":\"Tienda\",\"item\":\"https:\/\/www.ortunonieto.cl\/zonafranca\/shop\/\"},{\"@type\":\"ListItem\",\"position\":3,\"name\":\"T\u00e9 Negro Ingl\u00e9s Tarlton \u2013 Sabor Cl\u00e1sico y Arom\u00e1tico\"}]},{\"@type\":\"WebSite\",\"@id\":\"https:\/\/www.ortunonieto.cl\/zonafranca\/#website\",\"url\":\"https:\/\/www.ortunonieto.cl\/zonafranca\/\",\"name\":\"Ortu&ntilde;o Nieto\",\"description\":\"Iquique - Arica\",\"publisher\":{\"@id\":\"https:\/\/www.ortunonieto.cl\/zonafranca\/#organization\"},\"potentialAction\":[{\"@type\":\"SearchAction\",\"target\":{\"@type\":\"EntryPoint\",\"urlTemplate\":\"https:\/\/www.ortunonieto.cl\/zonafranca\/?s={search_term_string}\"},\"query-input\":{\"@type\":\"PropertyValueSpecification\",\"valueRequired\":true,\"valueName\":\"search_term_string\"}}],\"inLanguage\":\"es\"},{\"@type\":\"Organization\",\"@id\":\"https:\/\/www.ortunonieto.cl\/zonafranca\/#organization\",\"name\":\"Ortu&ntilde;o Nieto\",\"url\":\"https:\/\/www.ortunonieto.cl\/zonafranca\/\",\"logo\":{\"@type\":\"ImageObject\",\"inLanguage\":\"es\",\"@id\":\"https:\/\/www.ortunonieto.cl\/zonafranca\/#\/schema\/logo\/image\/\",\"url\":\"https:\/\/www.ortunonieto.cl\/zonafranca\/wp-content\/uploads\/2020\/04\/logo_ortuno_nieto2.png\",\"contentUrl\":\"https:\/\/www.ortunonieto.cl\/zonafranca\/wp-content\/uploads\/2020\/04\/logo_ortuno_nieto2.png\",\"width\":115,\"height\":71,\"caption\":\"Ortu&ntilde;o Nieto\"},\"image\":{\"@id\":\"https:\/\/www.ortunonieto.cl\/zonafranca\/#\/schema\/logo\/image\/\"},\"sameAs\":[\"https:\/\/facebook.com\/importadoraortunonieto\",\"https:\/\/x.com\/ortunonieto\",\"https:\/\/www.instagram.com\/garotochile\/\"]}]}<\/script>\n<!-- \/ Yoast SEO plugin. -->","yoast_head_json":{"title":"T\u00e9 Negro Ingl\u00e9s Tarlton \u2013 Sabor Cl\u00e1sico y Arom\u00e1tico - Ortu&ntilde;o Nieto","description":"Compra t\u00e9 negro ingl\u00e9s Tarlton, una infusi\u00f3n cl\u00e1sica, intensa y arom\u00e1tica ideal para disfrutar en cualquier momento del d\u00eda.","robots":{"index":"index","follow":"follow","max-snippet":"max-snippet:-1","max-image-preview":"max-image-preview:large","max-video-preview":"max-video-preview:-1"},"canonical":"https:\/\/www.ortunonieto.cl\/zonafranca\/producto\/te-negro-ingles-fino-marca-tarlton\/","og_locale":"es_ES","og_type":"article","og_title":"T\u00e9 Negro Ingl\u00e9s Tarlton \u2013 Sabor Cl\u00e1sico y Arom\u00e1tico - Ortu&ntilde;o Nieto","og_description":"Compra t\u00e9 negro ingl\u00e9s Tarlton, una infusi\u00f3n cl\u00e1sica, intensa y arom\u00e1tica ideal para disfrutar en cualquier momento del d\u00eda.","og_url":"https:\/\/www.ortunonieto.cl\/zonafranca\/producto\/te-negro-ingles-fino-marca-tarlton\/","og_site_name":"Ortu&ntilde;o Nieto","article_publisher":"https:\/\/facebook.com\/importadoraortunonieto","article_modified_time":"2026-03-18T13:59:33+00:00","og_image":[{"width":910,"height":610,"url":"https:\/\/www.ortunonieto.cl\/zonafranca\/wp-content\/uploads\/2020\/05\/te-ingles.jpg","type":"image\/jpeg"}],"twitter_card":"summary_large_image","twitter_site":"@ortunonieto","twitter_misc":{"Tiempo de lectura":"2 minutos"},"schema":{"@context":"https:\/\/schema.org","@graph":[{"@type":"WebPage","@id":"https:\/\/www.ortunonieto.cl\/zonafranca\/producto\/te-negro-ingles-fino-marca-tarlton\/","url":"https:\/\/www.ortunonieto.cl\/zonafranca\/producto\/te-negro-ingles-fino-marca-tarlton\/","name":"T\u00e9 Negro Ingl\u00e9s Tarlton \u2013 Sabor Cl\u00e1sico y Arom\u00e1tico - Ortu&ntilde;o Nieto","isPartOf":{"@id":"https:\/\/www.ortunonieto.cl\/zonafranca\/#website"},"primaryImageOfPage":{"@id":"https:\/\/www.ortunonieto.cl\/zonafranca\/producto\/te-negro-ingles-fino-marca-tarlton\/#primaryimage"},"image":{"@id":"https:\/\/www.ortunonieto.cl\/zonafranca\/producto\/te-negro-ingles-fino-marca-tarlton\/#primaryimage"},"thumbnailUrl":"https:\/\/www.ortunonieto.cl\/zonafranca\/wp-content\/uploads\/2020\/05\/te-ingles.jpg","datePublished":"2020-05-08T01:03:44+00:00","dateModified":"2026-03-18T13:59:33+00:00","description":"Compra t\u00e9 negro ingl\u00e9s Tarlton, una infusi\u00f3n cl\u00e1sica, intensa y arom\u00e1tica ideal para disfrutar en cualquier momento del d\u00eda.","breadcrumb":{"@id":"https:\/\/www.ortunonieto.cl\/zonafranca\/producto\/te-negro-ingles-fino-marca-tarlton\/#breadcrumb"},"inLanguage":"es","potentialAction":[{"@type":"ReadAction","target":["https:\/\/www.ortunonieto.cl\/zonafranca\/producto\/te-negro-ingles-fino-marca-tarlton\/"]}]},{"@type":"ImageObject","inLanguage":"es","@id":"https:\/\/www.ortunonieto.cl\/zonafranca\/producto\/te-negro-ingles-fino-marca-tarlton\/#primaryimage","url":"https:\/\/www.ortunonieto.cl\/zonafranca\/wp-content\/uploads\/2020\/05\/te-ingles.jpg","contentUrl":"https:\/\/www.ortunonieto.cl\/zonafranca\/wp-content\/uploads\/2020\/05\/te-ingles.jpg","width":910,"height":610},{"@type":"BreadcrumbList","@id":"https:\/\/www.ortunonieto.cl\/zonafranca\/producto\/te-negro-ingles-fino-marca-tarlton\/#breadcrumb","itemListElement":[{"@type":"ListItem","position":1,"name":"Portada","item":"https:\/\/www.ortunonieto.cl\/zonafranca\/"},{"@type":"ListItem","position":2,"name":"Tienda","item":"https:\/\/www.ortunonieto.cl\/zonafranca\/shop\/"},{"@type":"ListItem","position":3,"name":"T\u00e9 Negro Ingl\u00e9s Tarlton \u2013 Sabor Cl\u00e1sico y Arom\u00e1tico"}]},{"@type":"WebSite","@id":"https:\/\/www.ortunonieto.cl\/zonafranca\/#website","url":"https:\/\/www.ortunonieto.cl\/zonafranca\/","name":"Ortu&ntilde;o Nieto","description":"Iquique - Arica","publisher":{"@id":"https:\/\/www.ortunonieto.cl\/zonafranca\/#organization"},"potentialAction":[{"@type":"SearchAction","target":{"@type":"EntryPoint","urlTemplate":"https:\/\/www.ortunonieto.cl\/zonafranca\/?s={search_term_string}"},"query-input":{"@type":"PropertyValueSpecification","valueRequired":true,"valueName":"search_term_string"}}],"inLanguage":"es"},{"@type":"Organization","@id":"https:\/\/www.ortunonieto.cl\/zonafranca\/#organization","name":"Ortu&ntilde;o Nieto","url":"https:\/\/www.ortunonieto.cl\/zonafranca\/","logo":{"@type":"ImageObject","inLanguage":"es","@id":"https:\/\/www.ortunonieto.cl\/zonafranca\/#\/schema\/logo\/image\/","url":"https:\/\/www.ortunonieto.cl\/zonafranca\/wp-content\/uploads\/2020\/04\/logo_ortuno_nieto2.png","contentUrl":"https:\/\/www.ortunonieto.cl\/zonafranca\/wp-content\/uploads\/2020\/04\/logo_ortuno_nieto2.png","width":115,"height":71,"caption":"Ortu&ntilde;o Nieto"},"image":{"@id":"https:\/\/www.ortunonieto.cl\/zonafranca\/#\/schema\/logo\/image\/"},"sameAs":["https:\/\/facebook.com\/importadoraortunonieto","https:\/\/x.com\/ortunonieto","https:\/\/www.instagram.com\/garotochile\/"]}]}},"_links":{"self":[{"href":"https:\/\/www.ortunonieto.cl\/zonafranca\/wp-json\/wp\/v2\/product\/3644","targetHints":{"allow":["GET"]}}],"collection":[{"href":"https:\/\/www.ortunonieto.cl\/zonafranca\/wp-json\/wp\/v2\/product"}],"about":[{"href":"https:\/\/www.ortunonieto.cl\/zonafranca\/wp-json\/wp\/v2\/types\/product"}],"wp:featuredmedia":[{"embeddable":true,"href":"https:\/\/www.ortunonieto.cl\/zonafranca\/wp-json\/wp\/v2\/media\/3766"}],"wp:attachment":[{"href":"https:\/\/www.ortunonieto.cl\/zonafranca\/wp-json\/wp\/v2\/media?parent=3644"}],"wp:term":[{"taxonomy":"product_brand","embeddable":true,"href":"https:\/\/www.ortunonieto.cl\/zonafranca\/wp-json\/wp\/v2\/product_brand?post=3644"},{"taxonomy":"product_cat","embeddable":true,"href":"https:\/\/www.ortunonieto.cl\/zonafranca\/wp-json\/wp\/v2\/product_cat?post=3644"},{"taxonomy":"product_tag","embeddable":true,"href":"https:\/\/www.ortunonieto.cl\/zonafranca\/wp-json\/wp\/v2\/product_tag?post=3644"}],"curies":[{"name":"wp","href":"https:\/\/api.w.org\/{rel}","templated":true}]}}