{"id":3687,"date":"2020-05-09T17:32:42","date_gmt":"2020-05-09T17:32:42","guid":{"rendered":"https:\/\/www.ortunonieto.cl\/?post_type=product&#038;p=3687"},"modified":"2026-03-17T16:34:31","modified_gmt":"2026-03-17T16:34:31","slug":"surtido-de-te-sanny-rojo-azul-blanco-y-verde","status":"publish","type":"product","link":"https:\/\/www.ortunonieto.cl\/zonafranca\/producto\/surtido-de-te-sanny-rojo-azul-blanco-y-verde\/","title":{"rendered":"T\u00e9 Chino Surtido \u2013 Selecci\u00f3n de T\u00e9 Rojo, Azul, Blanco y Verde"},"content":{"rendered":"<p data-start=\"908\" data-end=\"1168\"><span class=\"BZ_Pyq_fadeIn\">El <\/span><strong data-start=\"911\" data-end=\"931\"><span class=\"BZ_Pyq_fadeIn\">t\u00e9 <\/span><span class=\"BZ_Pyq_fadeIn\">chino <\/span><span class=\"BZ_Pyq_fadeIn\">surtido<\/span><\/strong> <span class=\"BZ_Pyq_fadeIn\">es <\/span><span class=\"BZ_Pyq_fadeIn\">una <\/span><span class=\"BZ_Pyq_fadeIn\">experiencia <\/span><span class=\"BZ_Pyq_fadeIn\">\u00fanica <\/span><span class=\"BZ_Pyq_fadeIn\">para <\/span><span class=\"BZ_Pyq_fadeIn\">los <\/span><span class=\"BZ_Pyq_fadeIn\">amantes <\/span><span class=\"BZ_Pyq_fadeIn\">del <\/span><span class=\"BZ_Pyq_fadeIn\">t\u00e9 <\/span><span class=\"BZ_Pyq_fadeIn\">que <\/span><span class=\"BZ_Pyq_fadeIn\">buscan <\/span><span class=\"BZ_Pyq_fadeIn\">variedad, <\/span><span class=\"BZ_Pyq_fadeIn\">calidad <\/span><span class=\"BZ_Pyq_fadeIn\">y <\/span><span class=\"BZ_Pyq_fadeIn\">tradici\u00f3n <\/span><span class=\"BZ_Pyq_fadeIn\">en <\/span><span class=\"BZ_Pyq_fadeIn\">cada <\/span><span class=\"BZ_Pyq_fadeIn\">taza. <\/span><span class=\"BZ_Pyq_fadeIn\">Esta <\/span><span class=\"BZ_Pyq_fadeIn\">excelente <\/span><span class=\"BZ_Pyq_fadeIn\">selecci\u00f3n <\/span><span class=\"BZ_Pyq_fadeIn\">incluye <\/span><span class=\"BZ_Pyq_fadeIn\">t\u00e9 <\/span><span class=\"BZ_Pyq_fadeIn\">rojo, <\/span><span class=\"BZ_Pyq_fadeIn\">azul, <\/span><span class=\"BZ_Pyq_fadeIn\">blanco <\/span><span class=\"BZ_Pyq_fadeIn\">y <\/span><span class=\"BZ_Pyq_fadeIn\">verde, <\/span><span class=\"BZ_Pyq_fadeIn\">ofreciendo <\/span><span class=\"BZ_Pyq_fadeIn\">una <\/span><span class=\"BZ_Pyq_fadeIn\">combinaci\u00f3n <\/span><span class=\"BZ_Pyq_fadeIn\">perfecta <\/span><span class=\"BZ_Pyq_fadeIn\">de <\/span><span class=\"BZ_Pyq_fadeIn\">sabores, <\/span><span class=\"BZ_Pyq_fadeIn\">aromas <\/span><span class=\"BZ_Pyq_fadeIn\">y <\/span><span class=\"BZ_Pyq_fadeIn\">beneficios.<\/span><\/p>\n<p data-start=\"1170\" data-end=\"1589\"><span class=\"BZ_Pyq_fadeIn\">Cada <\/span><span class=\"BZ_Pyq_fadeIn\">variedad <\/span><span class=\"BZ_Pyq_fadeIn\">dentro <\/span><span class=\"BZ_Pyq_fadeIn\">de <\/span><span class=\"BZ_Pyq_fadeIn\">este <\/span><strong data-start=\"1199\" data-end=\"1219\"><span class=\"BZ_Pyq_fadeIn\">t\u00e9<\/span><span class=\"BZ_Pyq_fadeIn\">\u00a0<\/span><span class=\"BZ_Pyq_fadeIn\">surtido<\/span><\/strong> <span class=\"BZ_Pyq_fadeIn\">ha <\/span><span class=\"BZ_Pyq_fadeIn\">sido <\/span><span class=\"BZ_Pyq_fadeIn\">cuidadosamente <\/span><span class=\"BZ_Pyq_fadeIn\">elegida <\/span><span class=\"BZ_Pyq_fadeIn\">para <\/span><span class=\"BZ_Pyq_fadeIn\">brindar <\/span><span class=\"BZ_Pyq_fadeIn\">una <\/span><span class=\"BZ_Pyq_fadeIn\">experiencia <\/span><span class=\"BZ_Pyq_fadeIn\">distinta. <\/span><span class=\"BZ_Pyq_fadeIn\">El <\/span><span class=\"BZ_Pyq_fadeIn\">t\u00e9 <\/span><span class=\"BZ_Pyq_fadeIn\">rojo <\/span><span class=\"BZ_Pyq_fadeIn\">destaca <\/span><span class=\"BZ_Pyq_fadeIn\">por <\/span><span class=\"BZ_Pyq_fadeIn\">su <\/span><span class=\"BZ_Pyq_fadeIn\">sabor <\/span><span class=\"BZ_Pyq_fadeIn\">intenso, <\/span><span class=\"BZ_Pyq_fadeIn\">el <\/span><span class=\"BZ_Pyq_fadeIn\">t\u00e9 <\/span><span class=\"BZ_Pyq_fadeIn\">azul <\/span><span class=\"BZ_Pyq_fadeIn\">por <\/span><span class=\"BZ_Pyq_fadeIn\">su <\/span><span class=\"BZ_Pyq_fadeIn\">equilibrio, <\/span><span class=\"BZ_Pyq_fadeIn\">el <\/span><span class=\"BZ_Pyq_fadeIn\">t\u00e9 <\/span><span class=\"BZ_Pyq_fadeIn\">blanco <\/span><span class=\"BZ_Pyq_fadeIn\">por <\/span><span class=\"BZ_Pyq_fadeIn\">su <\/span><span class=\"BZ_Pyq_fadeIn\">suavidad <\/span><span class=\"BZ_Pyq_fadeIn\">y <\/span><span class=\"BZ_Pyq_fadeIn\">el <\/span><span class=\"BZ_Pyq_fadeIn\">t\u00e9 <\/span><span class=\"BZ_Pyq_fadeIn\">verde <\/span><span class=\"BZ_Pyq_fadeIn\">por <\/span><span class=\"BZ_Pyq_fadeIn\">su <\/span><span class=\"BZ_Pyq_fadeIn\">frescura. <\/span><span class=\"BZ_Pyq_fadeIn\">Esta <\/span><span class=\"BZ_Pyq_fadeIn\">diversidad <\/span><span class=\"BZ_Pyq_fadeIn\">convierte <\/span><span class=\"BZ_Pyq_fadeIn\">al <\/span><strong data-start=\"1450\" data-end=\"1470\"><span class=\"BZ_Pyq_fadeIn\">t\u00e9 <\/span><span class=\"BZ_Pyq_fadeIn\">chino <\/span><\/strong><span class=\"BZ_Pyq_fadeIn\">en <\/span><span class=\"BZ_Pyq_fadeIn\">una <\/span><span class=\"BZ_Pyq_fadeIn\">opci\u00f3n <\/span><span class=\"BZ_Pyq_fadeIn\">ideal <\/span><span class=\"BZ_Pyq_fadeIn\">tanto <\/span><span class=\"BZ_Pyq_fadeIn\">para <\/span><span class=\"BZ_Pyq_fadeIn\">quienes <\/span><span class=\"BZ_Pyq_fadeIn\">est\u00e1n <\/span><span class=\"BZ_Pyq_fadeIn\">comenzando <\/span><span class=\"BZ_Pyq_fadeIn\">a <\/span><span class=\"BZ_Pyq_fadeIn\">explorar <\/span><span class=\"BZ_Pyq_fadeIn\">el <\/span><span class=\"BZ_Pyq_fadeIn\">mundo <\/span><span class=\"BZ_Pyq_fadeIn\">del <\/span><span class=\"BZ_Pyq_fadeIn\">t\u00e9 <\/span><span class=\"BZ_Pyq_fadeIn\">como <\/span><span class=\"BZ_Pyq_fadeIn\">para <\/span><span class=\"BZ_Pyq_fadeIn\">quienes <\/span><span class=\"BZ_Pyq_fadeIn\">ya <\/span><span class=\"BZ_Pyq_fadeIn\">son <\/span><span class=\"BZ_Pyq_fadeIn\">fan\u00e1ticos.<\/span><\/p>\n<p data-start=\"1591\" data-end=\"1838\"><span class=\"BZ_Pyq_fadeIn\">El <\/span><strong data-start=\"1594\" data-end=\"1614\"><span class=\"BZ_Pyq_fadeIn\">t\u00e9 <\/span><span class=\"BZ_Pyq_fadeIn\">chino <\/span><span class=\"BZ_Pyq_fadeIn\">surtido<\/span><\/strong> <span class=\"BZ_Pyq_fadeIn\">es <\/span><span class=\"BZ_Pyq_fadeIn\">perfecto <\/span><span class=\"BZ_Pyq_fadeIn\">para <\/span><span class=\"BZ_Pyq_fadeIn\">acompa\u00f1ar <\/span><span class=\"BZ_Pyq_fadeIn\">momentos <\/span><span class=\"BZ_Pyq_fadeIn\">de <\/span><span class=\"BZ_Pyq_fadeIn\">relajo, <\/span><span class=\"BZ_Pyq_fadeIn\">lectura <\/span><span class=\"BZ_Pyq_fadeIn\">o <\/span><span class=\"BZ_Pyq_fadeIn\">compartir <\/span><span class=\"BZ_Pyq_fadeIn\">con <\/span><span class=\"BZ_Pyq_fadeIn\">amigos <\/span><span class=\"BZ_Pyq_fadeIn\">y <\/span><span class=\"BZ_Pyq_fadeIn\">familia. <\/span><span class=\"BZ_Pyq_fadeIn\">Su <\/span><span class=\"BZ_Pyq_fadeIn\">versatilidad <\/span><span class=\"BZ_Pyq_fadeIn\">permite <\/span><span class=\"BZ_Pyq_fadeIn\">disfrutarlo <\/span><span class=\"BZ_Pyq_fadeIn\">en <\/span><span class=\"BZ_Pyq_fadeIn\">distintas <\/span><span class=\"BZ_Pyq_fadeIn\">ocasiones, <\/span><span class=\"BZ_Pyq_fadeIn\">ya <\/span><span class=\"BZ_Pyq_fadeIn\">sea <\/span><span class=\"BZ_Pyq_fadeIn\">en <\/span><span class=\"BZ_Pyq_fadeIn\">la <\/span><span class=\"BZ_Pyq_fadeIn\">ma\u00f1ana, <\/span><span class=\"BZ_Pyq_fadeIn\">despu\u00e9s <\/span><span class=\"BZ_Pyq_fadeIn\">de <\/span><span class=\"BZ_Pyq_fadeIn\">las <\/span><span class=\"BZ_Pyq_fadeIn\">comidas <\/span><span class=\"BZ_Pyq_fadeIn\">o <\/span><span class=\"BZ_Pyq_fadeIn\">durante <\/span><span class=\"BZ_Pyq_fadeIn\">una <\/span><span class=\"BZ_Pyq_fadeIn\">pausa <\/span><span class=\"BZ_Pyq_fadeIn\">en <\/span><span class=\"BZ_Pyq_fadeIn\">el <\/span><span class=\"BZ_Pyq_fadeIn\">d\u00eda.<\/span><\/p>\n<p data-start=\"1840\" data-end=\"2051\"><span class=\"BZ_Pyq_fadeIn\">Adem\u00e1s, <\/span><span class=\"BZ_Pyq_fadeIn\">este <\/span><strong data-start=\"1853\" data-end=\"1873\"><span class=\"BZ_Pyq_fadeIn\">t\u00e9<\/span><span class=\"BZ_Pyq_fadeIn\">\u00a0<\/span><span class=\"BZ_Pyq_fadeIn\">surtido<\/span><\/strong> <span class=\"BZ_Pyq_fadeIn\">es <\/span><span class=\"BZ_Pyq_fadeIn\">una <\/span><span class=\"BZ_Pyq_fadeIn\">excelente <\/span><span class=\"BZ_Pyq_fadeIn\">alternativa <\/span><span class=\"BZ_Pyq_fadeIn\">de <\/span><span class=\"BZ_Pyq_fadeIn\">regalo, <\/span><span class=\"BZ_Pyq_fadeIn\">gracias <\/span><span class=\"BZ_Pyq_fadeIn\">a <\/span><span class=\"BZ_Pyq_fadeIn\">su <\/span><span class=\"BZ_Pyq_fadeIn\">variedad <\/span><span class=\"BZ_Pyq_fadeIn\">y <\/span><span class=\"BZ_Pyq_fadeIn\">presentaci\u00f3n <\/span><span class=\"BZ_Pyq_fadeIn\">atractiva. <\/span><span class=\"BZ_Pyq_fadeIn\">Es <\/span><span class=\"BZ_Pyq_fadeIn\">un <\/span><span class=\"BZ_Pyq_fadeIn\">detalle <\/span><span class=\"BZ_Pyq_fadeIn\">perfecto <\/span><span class=\"BZ_Pyq_fadeIn\">para <\/span><span class=\"BZ_Pyq_fadeIn\">sorprender <\/span><span class=\"BZ_Pyq_fadeIn\">con <\/span><span class=\"BZ_Pyq_fadeIn\">algo <\/span><span class=\"BZ_Pyq_fadeIn\">diferente, <\/span><span class=\"BZ_Pyq_fadeIn\">elegante <\/span><span class=\"BZ_Pyq_fadeIn\">y <\/span><span class=\"BZ_Pyq_fadeIn\">lleno <\/span><span class=\"BZ_Pyq_fadeIn\">de <\/span><span class=\"BZ_Pyq_fadeIn\">tradici\u00f3n.<\/span><\/p>\n<p data-start=\"2053\" data-end=\"2249\"><span class=\"BZ_Pyq_fadeIn\">Si <\/span><span class=\"BZ_Pyq_fadeIn\">buscas <\/span><span class=\"BZ_Pyq_fadeIn\">calidad, <\/span><span class=\"BZ_Pyq_fadeIn\">variedad <\/span><span class=\"BZ_Pyq_fadeIn\">y <\/span><span class=\"BZ_Pyq_fadeIn\">una <\/span><span class=\"BZ_Pyq_fadeIn\">experiencia <\/span><span class=\"BZ_Pyq_fadeIn\">completa, <\/span><span class=\"BZ_Pyq_fadeIn\">el <\/span><strong data-start=\"2112\" data-end=\"2132\"><span class=\"BZ_Pyq_fadeIn\">t\u00e9 <\/span><span class=\"BZ_Pyq_fadeIn\">chino <\/span><span class=\"BZ_Pyq_fadeIn\">surtido<\/span><\/strong> <span class=\"BZ_Pyq_fadeIn\">es <\/span><span class=\"BZ_Pyq_fadeIn\">la <\/span><span class=\"BZ_Pyq_fadeIn\">elecci\u00f3n <\/span><span class=\"BZ_Pyq_fadeIn\">perfecta. <\/span><span class=\"BZ_Pyq_fadeIn\">Disfruta <\/span><span class=\"BZ_Pyq_fadeIn\">de <\/span><span class=\"BZ_Pyq_fadeIn\">una <\/span><span class=\"BZ_Pyq_fadeIn\">selecci\u00f3n <\/span><span class=\"BZ_Pyq_fadeIn\">que <\/span><span class=\"BZ_Pyq_fadeIn\">re\u00fane <\/span><span class=\"BZ_Pyq_fadeIn\">lo <\/span><span class=\"BZ_Pyq_fadeIn\">mejor <\/span><span class=\"BZ_Pyq_fadeIn\">de <\/span><span class=\"BZ_Pyq_fadeIn\">diferentes <\/span><span class=\"BZ_Pyq_fadeIn\">tipos <\/span><span class=\"BZ_Pyq_fadeIn\">de <\/span><span class=\"BZ_Pyq_fadeIn\">t\u00e9 <\/span><span class=\"BZ_Pyq_fadeIn\">en <\/span><span class=\"BZ_Pyq_fadeIn\">un <\/span><span class=\"BZ_Pyq_fadeIn\">solo <\/span><span class=\"BZ_Pyq_fadeIn\">producto.<\/span><\/p>\n<p data-start=\"2251\" data-end=\"2373\"><span class=\"BZ_Pyq_fadeIn\">Para <\/span><span class=\"BZ_Pyq_fadeIn\">conocer <\/span><span class=\"BZ_Pyq_fadeIn\">m\u00e1s <\/span><span class=\"BZ_Pyq_fadeIn\">sobre <\/span><span class=\"BZ_Pyq_fadeIn\">los <\/span><span class=\"BZ_Pyq_fadeIn\">distintos <\/span><span class=\"BZ_Pyq_fadeIn\">tipos <\/span><span class=\"BZ_Pyq_fadeIn\">de <\/span><span class=\"BZ_Pyq_fadeIn\">t\u00e9, <\/span><span class=\"BZ_Pyq_fadeIn\">puedes <\/span><span class=\"BZ_Pyq_fadeIn\">visitar <\/span><span class=\"BZ_Pyq_fadeIn\">este <\/span><span class=\"BZ_Pyq_fadeIn\">enlace <\/span><span class=\"BZ_Pyq_fadeIn\">sobre<\/span><br data-start=\"2333\" data-end=\"2336\" \/><span class=\"BZ_Pyq_fadeIn\">\ud83d\udc49 <\/span><a class=\"decorated-link\" href=\"https:\/\/es.wikipedia.org\/wiki\/T%C3%A9\" target=\"_new\" rel=\"noopener\" data-start=\"2339\" data-end=\"2371\"><span class=\"BZ_Pyq_fadeIn\">https:\/\/<\/span><span class=\"BZ_Pyq_fadeIn\">es.<\/span><span class=\"BZ_Pyq_fadeIn\">wikipedia.<\/span><span class=\"BZ_Pyq_fadeIn\">org\/<\/span><span class=\"BZ_Pyq_fadeIn\">wiki\/<\/span><span class=\"BZ_Pyq_fadeIn\">T\u00e9<\/span><\/a><\/p>\n<p data-start=\"2375\" data-end=\"2450\"><span class=\"BZ_Pyq_fadeIn\">\u2728 <\/span><span class=\"BZ_Pyq_fadeIn\">Descubre <\/span><span class=\"BZ_Pyq_fadeIn\">nuevos <\/span><span class=\"BZ_Pyq_fadeIn\">sabores <\/span><span class=\"BZ_Pyq_fadeIn\">y <\/span><span class=\"BZ_Pyq_fadeIn\">aromas <\/span><span class=\"BZ_Pyq_fadeIn\">con <\/span><span class=\"BZ_Pyq_fadeIn\">este <\/span><span class=\"BZ_Pyq_fadeIn\">incre\u00edble <\/span><strong data-start=\"2429\" data-end=\"2449\"><span class=\"BZ_Pyq_fadeIn\">t\u00e9 <\/span><span class=\"BZ_Pyq_fadeIn\">chino <\/span><span class=\"BZ_Pyq_fadeIn\">surtido<\/span><\/strong><span class=\"BZ_Pyq_fadeIn\">.<\/span><\/p>\n<p>Peso neto 200g<\/p>\n<p>&nbsp;<\/p>\n","protected":false},"excerpt":{"rendered":"<p><span class=\"BZ_Pyq_fadeIn\">Disfruta <\/span><span class=\"BZ_Pyq_fadeIn\">un <\/span><span class=\"BZ_Pyq_fadeIn\">t\u00e9 <\/span><span class=\"BZ_Pyq_fadeIn\">chino <\/span><span class=\"BZ_Pyq_fadeIn\">surtido <\/span><span class=\"BZ_Pyq_fadeIn\">con <\/span><span class=\"BZ_Pyq_fadeIn\">una <\/span><span class=\"BZ_Pyq_fadeIn\">excelente <\/span><span class=\"BZ_Pyq_fadeIn\">selecci\u00f3n <\/span><span class=\"BZ_Pyq_fadeIn\">de <\/span><span class=\"BZ_Pyq_fadeIn\">t\u00e9 <\/span><span class=\"BZ_Pyq_fadeIn\">rojo, <\/span><span class=\"BZ_Pyq_fadeIn\">azul, <\/span><span class=\"BZ_Pyq_fadeIn\">blanco <\/span><span class=\"BZ_Pyq_fadeIn\">y <\/span><span class=\"BZ_Pyq_fadeIn\">verde. <\/span><span class=\"BZ_Pyq_fadeIn\">Ideal <\/span><span class=\"BZ_Pyq_fadeIn\">para <\/span><span class=\"BZ_Pyq_fadeIn\">amantes <\/span><span class=\"BZ_Pyq_fadeIn\">del <\/span><span class=\"BZ_Pyq_fadeIn\">t\u00e9 <\/span><span class=\"BZ_Pyq_fadeIn\">y <\/span><span class=\"BZ_Pyq_fadeIn\">momentos <\/span><span class=\"BZ_Pyq_fadeIn\">especiales.<\/span><\/p>\n","protected":false},"featured_media":3756,"template":"","meta":[],"product_brand":[],"product_cat":[58,42],"product_tag":[],"class_list":{"0":"post-3687","1":"product","2":"type-product","3":"status-publish","4":"has-post-thumbnail","6":"product_cat-saludables","7":"product_cat-imperdible-aroma-y-sabor-a-te","9":"first","10":"instock","11":"shipping-taxable","12":"purchasable","13":"product-type-simple"},"yoast_head":"<!-- This site is optimized with the Yoast SEO plugin v27.2 - https:\/\/yoast.com\/product\/yoast-seo-wordpress\/ -->\n<title>T\u00e9 Chino Surtido \u2013 Selecci\u00f3n de T\u00e9 Rojo, Azul, Blanco y Verde - Ortu&ntilde;o Nieto<\/title>\n<meta name=\"description\" content=\"Compra t\u00e9 chino surtido con selecci\u00f3n de t\u00e9 rojo, azul, blanco y verde. Sabores \u00fanicos, ideales para disfrutar o regalar. \u00a1Desc\u00fabrelo aqu\u00ed!\" \/>\n<meta name=\"robots\" content=\"index, follow, max-snippet:-1, max-image-preview:large, max-video-preview:-1\" \/>\n<link rel=\"canonical\" href=\"https:\/\/www.ortunonieto.cl\/zonafranca\/producto\/surtido-de-te-sanny-rojo-azul-blanco-y-verde\/\" \/>\n<meta property=\"og:locale\" content=\"es_ES\" \/>\n<meta property=\"og:type\" content=\"article\" \/>\n<meta property=\"og:title\" content=\"T\u00e9 Chino Surtido \u2013 Selecci\u00f3n de T\u00e9 Rojo, Azul, Blanco y Verde - Ortu&ntilde;o Nieto\" \/>\n<meta property=\"og:description\" content=\"Compra t\u00e9 chino surtido con selecci\u00f3n de t\u00e9 rojo, azul, blanco y verde. Sabores \u00fanicos, ideales para disfrutar o regalar. \u00a1Desc\u00fabrelo aqu\u00ed!\" \/>\n<meta property=\"og:url\" content=\"https:\/\/www.ortunonieto.cl\/zonafranca\/producto\/surtido-de-te-sanny-rojo-azul-blanco-y-verde\/\" \/>\n<meta property=\"og:site_name\" content=\"Ortu&ntilde;o Nieto\" \/>\n<meta property=\"article:publisher\" content=\"https:\/\/facebook.com\/importadoraortunonieto\" \/>\n<meta property=\"article:modified_time\" content=\"2026-03-17T16:34:31+00:00\" \/>\n<meta property=\"og:image\" content=\"https:\/\/www.ortunonieto.cl\/zonafranca\/wp-content\/uploads\/2020\/05\/1300-100.jpg\" \/>\n\t<meta property=\"og:image:width\" content=\"621\" \/>\n\t<meta property=\"og:image:height\" content=\"414\" \/>\n\t<meta property=\"og:image:type\" content=\"image\/jpeg\" \/>\n<meta name=\"twitter:card\" content=\"summary_large_image\" \/>\n<meta name=\"twitter:site\" content=\"@ortunonieto\" \/>\n<meta name=\"twitter:label1\" content=\"Tiempo de lectura\" \/>\n\t<meta name=\"twitter:data1\" content=\"2 minutos\" \/>\n<script type=\"application\/ld+json\" class=\"yoast-schema-graph\">{\"@context\":\"https:\/\/schema.org\",\"@graph\":[{\"@type\":\"WebPage\",\"@id\":\"https:\/\/www.ortunonieto.cl\/zonafranca\/producto\/surtido-de-te-sanny-rojo-azul-blanco-y-verde\/\",\"url\":\"https:\/\/www.ortunonieto.cl\/zonafranca\/producto\/surtido-de-te-sanny-rojo-azul-blanco-y-verde\/\",\"name\":\"T\u00e9 Chino Surtido \u2013 Selecci\u00f3n de T\u00e9 Rojo, Azul, Blanco y Verde - Ortu&ntilde;o Nieto\",\"isPartOf\":{\"@id\":\"https:\/\/www.ortunonieto.cl\/zonafranca\/#website\"},\"primaryImageOfPage\":{\"@id\":\"https:\/\/www.ortunonieto.cl\/zonafranca\/producto\/surtido-de-te-sanny-rojo-azul-blanco-y-verde\/#primaryimage\"},\"image\":{\"@id\":\"https:\/\/www.ortunonieto.cl\/zonafranca\/producto\/surtido-de-te-sanny-rojo-azul-blanco-y-verde\/#primaryimage\"},\"thumbnailUrl\":\"https:\/\/www.ortunonieto.cl\/zonafranca\/wp-content\/uploads\/2020\/05\/1300-100.jpg\",\"datePublished\":\"2020-05-09T17:32:42+00:00\",\"dateModified\":\"2026-03-17T16:34:31+00:00\",\"description\":\"Compra t\u00e9 chino surtido con selecci\u00f3n de t\u00e9 rojo, azul, blanco y verde. Sabores \u00fanicos, ideales para disfrutar o regalar. \u00a1Desc\u00fabrelo aqu\u00ed!\",\"breadcrumb\":{\"@id\":\"https:\/\/www.ortunonieto.cl\/zonafranca\/producto\/surtido-de-te-sanny-rojo-azul-blanco-y-verde\/#breadcrumb\"},\"inLanguage\":\"es\",\"potentialAction\":[{\"@type\":\"ReadAction\",\"target\":[\"https:\/\/www.ortunonieto.cl\/zonafranca\/producto\/surtido-de-te-sanny-rojo-azul-blanco-y-verde\/\"]}]},{\"@type\":\"ImageObject\",\"inLanguage\":\"es\",\"@id\":\"https:\/\/www.ortunonieto.cl\/zonafranca\/producto\/surtido-de-te-sanny-rojo-azul-blanco-y-verde\/#primaryimage\",\"url\":\"https:\/\/www.ortunonieto.cl\/zonafranca\/wp-content\/uploads\/2020\/05\/1300-100.jpg\",\"contentUrl\":\"https:\/\/www.ortunonieto.cl\/zonafranca\/wp-content\/uploads\/2020\/05\/1300-100.jpg\",\"width\":621,\"height\":414},{\"@type\":\"BreadcrumbList\",\"@id\":\"https:\/\/www.ortunonieto.cl\/zonafranca\/producto\/surtido-de-te-sanny-rojo-azul-blanco-y-verde\/#breadcrumb\",\"itemListElement\":[{\"@type\":\"ListItem\",\"position\":1,\"name\":\"Portada\",\"item\":\"https:\/\/www.ortunonieto.cl\/zonafranca\/\"},{\"@type\":\"ListItem\",\"position\":2,\"name\":\"Tienda\",\"item\":\"https:\/\/www.ortunonieto.cl\/zonafranca\/shop\/\"},{\"@type\":\"ListItem\",\"position\":3,\"name\":\"T\u00e9 Chino Surtido \u2013 Selecci\u00f3n de T\u00e9 Rojo, Azul, Blanco y Verde\"}]},{\"@type\":\"WebSite\",\"@id\":\"https:\/\/www.ortunonieto.cl\/zonafranca\/#website\",\"url\":\"https:\/\/www.ortunonieto.cl\/zonafranca\/\",\"name\":\"Ortu&ntilde;o Nieto\",\"description\":\"Iquique - Arica\",\"publisher\":{\"@id\":\"https:\/\/www.ortunonieto.cl\/zonafranca\/#organization\"},\"potentialAction\":[{\"@type\":\"SearchAction\",\"target\":{\"@type\":\"EntryPoint\",\"urlTemplate\":\"https:\/\/www.ortunonieto.cl\/zonafranca\/?s={search_term_string}\"},\"query-input\":{\"@type\":\"PropertyValueSpecification\",\"valueRequired\":true,\"valueName\":\"search_term_string\"}}],\"inLanguage\":\"es\"},{\"@type\":\"Organization\",\"@id\":\"https:\/\/www.ortunonieto.cl\/zonafranca\/#organization\",\"name\":\"Ortu&ntilde;o Nieto\",\"url\":\"https:\/\/www.ortunonieto.cl\/zonafranca\/\",\"logo\":{\"@type\":\"ImageObject\",\"inLanguage\":\"es\",\"@id\":\"https:\/\/www.ortunonieto.cl\/zonafranca\/#\/schema\/logo\/image\/\",\"url\":\"https:\/\/www.ortunonieto.cl\/zonafranca\/wp-content\/uploads\/2020\/04\/logo_ortuno_nieto2.png\",\"contentUrl\":\"https:\/\/www.ortunonieto.cl\/zonafranca\/wp-content\/uploads\/2020\/04\/logo_ortuno_nieto2.png\",\"width\":115,\"height\":71,\"caption\":\"Ortu&ntilde;o Nieto\"},\"image\":{\"@id\":\"https:\/\/www.ortunonieto.cl\/zonafranca\/#\/schema\/logo\/image\/\"},\"sameAs\":[\"https:\/\/facebook.com\/importadoraortunonieto\",\"https:\/\/x.com\/ortunonieto\",\"https:\/\/www.instagram.com\/garotochile\/\"]}]}<\/script>\n<!-- \/ Yoast SEO plugin. -->","yoast_head_json":{"title":"T\u00e9 Chino Surtido \u2013 Selecci\u00f3n de T\u00e9 Rojo, Azul, Blanco y Verde - Ortu&ntilde;o Nieto","description":"Compra t\u00e9 chino surtido con selecci\u00f3n de t\u00e9 rojo, azul, blanco y verde. Sabores \u00fanicos, ideales para disfrutar o regalar. \u00a1Desc\u00fabrelo aqu\u00ed!","robots":{"index":"index","follow":"follow","max-snippet":"max-snippet:-1","max-image-preview":"max-image-preview:large","max-video-preview":"max-video-preview:-1"},"canonical":"https:\/\/www.ortunonieto.cl\/zonafranca\/producto\/surtido-de-te-sanny-rojo-azul-blanco-y-verde\/","og_locale":"es_ES","og_type":"article","og_title":"T\u00e9 Chino Surtido \u2013 Selecci\u00f3n de T\u00e9 Rojo, Azul, Blanco y Verde - Ortu&ntilde;o Nieto","og_description":"Compra t\u00e9 chino surtido con selecci\u00f3n de t\u00e9 rojo, azul, blanco y verde. Sabores \u00fanicos, ideales para disfrutar o regalar. \u00a1Desc\u00fabrelo aqu\u00ed!","og_url":"https:\/\/www.ortunonieto.cl\/zonafranca\/producto\/surtido-de-te-sanny-rojo-azul-blanco-y-verde\/","og_site_name":"Ortu&ntilde;o Nieto","article_publisher":"https:\/\/facebook.com\/importadoraortunonieto","article_modified_time":"2026-03-17T16:34:31+00:00","og_image":[{"width":621,"height":414,"url":"https:\/\/www.ortunonieto.cl\/zonafranca\/wp-content\/uploads\/2020\/05\/1300-100.jpg","type":"image\/jpeg"}],"twitter_card":"summary_large_image","twitter_site":"@ortunonieto","twitter_misc":{"Tiempo de lectura":"2 minutos"},"schema":{"@context":"https:\/\/schema.org","@graph":[{"@type":"WebPage","@id":"https:\/\/www.ortunonieto.cl\/zonafranca\/producto\/surtido-de-te-sanny-rojo-azul-blanco-y-verde\/","url":"https:\/\/www.ortunonieto.cl\/zonafranca\/producto\/surtido-de-te-sanny-rojo-azul-blanco-y-verde\/","name":"T\u00e9 Chino Surtido \u2013 Selecci\u00f3n de T\u00e9 Rojo, Azul, Blanco y Verde - Ortu&ntilde;o Nieto","isPartOf":{"@id":"https:\/\/www.ortunonieto.cl\/zonafranca\/#website"},"primaryImageOfPage":{"@id":"https:\/\/www.ortunonieto.cl\/zonafranca\/producto\/surtido-de-te-sanny-rojo-azul-blanco-y-verde\/#primaryimage"},"image":{"@id":"https:\/\/www.ortunonieto.cl\/zonafranca\/producto\/surtido-de-te-sanny-rojo-azul-blanco-y-verde\/#primaryimage"},"thumbnailUrl":"https:\/\/www.ortunonieto.cl\/zonafranca\/wp-content\/uploads\/2020\/05\/1300-100.jpg","datePublished":"2020-05-09T17:32:42+00:00","dateModified":"2026-03-17T16:34:31+00:00","description":"Compra t\u00e9 chino surtido con selecci\u00f3n de t\u00e9 rojo, azul, blanco y verde. Sabores \u00fanicos, ideales para disfrutar o regalar. \u00a1Desc\u00fabrelo aqu\u00ed!","breadcrumb":{"@id":"https:\/\/www.ortunonieto.cl\/zonafranca\/producto\/surtido-de-te-sanny-rojo-azul-blanco-y-verde\/#breadcrumb"},"inLanguage":"es","potentialAction":[{"@type":"ReadAction","target":["https:\/\/www.ortunonieto.cl\/zonafranca\/producto\/surtido-de-te-sanny-rojo-azul-blanco-y-verde\/"]}]},{"@type":"ImageObject","inLanguage":"es","@id":"https:\/\/www.ortunonieto.cl\/zonafranca\/producto\/surtido-de-te-sanny-rojo-azul-blanco-y-verde\/#primaryimage","url":"https:\/\/www.ortunonieto.cl\/zonafranca\/wp-content\/uploads\/2020\/05\/1300-100.jpg","contentUrl":"https:\/\/www.ortunonieto.cl\/zonafranca\/wp-content\/uploads\/2020\/05\/1300-100.jpg","width":621,"height":414},{"@type":"BreadcrumbList","@id":"https:\/\/www.ortunonieto.cl\/zonafranca\/producto\/surtido-de-te-sanny-rojo-azul-blanco-y-verde\/#breadcrumb","itemListElement":[{"@type":"ListItem","position":1,"name":"Portada","item":"https:\/\/www.ortunonieto.cl\/zonafranca\/"},{"@type":"ListItem","position":2,"name":"Tienda","item":"https:\/\/www.ortunonieto.cl\/zonafranca\/shop\/"},{"@type":"ListItem","position":3,"name":"T\u00e9 Chino Surtido \u2013 Selecci\u00f3n de T\u00e9 Rojo, Azul, Blanco y Verde"}]},{"@type":"WebSite","@id":"https:\/\/www.ortunonieto.cl\/zonafranca\/#website","url":"https:\/\/www.ortunonieto.cl\/zonafranca\/","name":"Ortu&ntilde;o Nieto","description":"Iquique - Arica","publisher":{"@id":"https:\/\/www.ortunonieto.cl\/zonafranca\/#organization"},"potentialAction":[{"@type":"SearchAction","target":{"@type":"EntryPoint","urlTemplate":"https:\/\/www.ortunonieto.cl\/zonafranca\/?s={search_term_string}"},"query-input":{"@type":"PropertyValueSpecification","valueRequired":true,"valueName":"search_term_string"}}],"inLanguage":"es"},{"@type":"Organization","@id":"https:\/\/www.ortunonieto.cl\/zonafranca\/#organization","name":"Ortu&ntilde;o Nieto","url":"https:\/\/www.ortunonieto.cl\/zonafranca\/","logo":{"@type":"ImageObject","inLanguage":"es","@id":"https:\/\/www.ortunonieto.cl\/zonafranca\/#\/schema\/logo\/image\/","url":"https:\/\/www.ortunonieto.cl\/zonafranca\/wp-content\/uploads\/2020\/04\/logo_ortuno_nieto2.png","contentUrl":"https:\/\/www.ortunonieto.cl\/zonafranca\/wp-content\/uploads\/2020\/04\/logo_ortuno_nieto2.png","width":115,"height":71,"caption":"Ortu&ntilde;o Nieto"},"image":{"@id":"https:\/\/www.ortunonieto.cl\/zonafranca\/#\/schema\/logo\/image\/"},"sameAs":["https:\/\/facebook.com\/importadoraortunonieto","https:\/\/x.com\/ortunonieto","https:\/\/www.instagram.com\/garotochile\/"]}]}},"_links":{"self":[{"href":"https:\/\/www.ortunonieto.cl\/zonafranca\/wp-json\/wp\/v2\/product\/3687","targetHints":{"allow":["GET"]}}],"collection":[{"href":"https:\/\/www.ortunonieto.cl\/zonafranca\/wp-json\/wp\/v2\/product"}],"about":[{"href":"https:\/\/www.ortunonieto.cl\/zonafranca\/wp-json\/wp\/v2\/types\/product"}],"wp:featuredmedia":[{"embeddable":true,"href":"https:\/\/www.ortunonieto.cl\/zonafranca\/wp-json\/wp\/v2\/media\/3756"}],"wp:attachment":[{"href":"https:\/\/www.ortunonieto.cl\/zonafranca\/wp-json\/wp\/v2\/media?parent=3687"}],"wp:term":[{"taxonomy":"product_brand","embeddable":true,"href":"https:\/\/www.ortunonieto.cl\/zonafranca\/wp-json\/wp\/v2\/product_brand?post=3687"},{"taxonomy":"product_cat","embeddable":true,"href":"https:\/\/www.ortunonieto.cl\/zonafranca\/wp-json\/wp\/v2\/product_cat?post=3687"},{"taxonomy":"product_tag","embeddable":true,"href":"https:\/\/www.ortunonieto.cl\/zonafranca\/wp-json\/wp\/v2\/product_tag?post=3687"}],"curies":[{"name":"wp","href":"https:\/\/api.w.org\/{rel}","templated":true}]}}