{"id":3956,"date":"2020-06-10T17:44:29","date_gmt":"2020-06-10T17:44:29","guid":{"rendered":"https:\/\/www.ortunonieto.cl\/zonafranca\/?post_type=product&#038;p=3956"},"modified":"2026-04-06T18:50:59","modified_gmt":"2026-04-06T18:50:59","slug":"uvas-banadas-en-chocolate-montevergine","status":"publish","type":"product","link":"https:\/\/www.ortunonieto.cl\/zonafranca\/producto\/uvas-banadas-en-chocolate-montevergine\/","title":{"rendered":"Sachet de Uvas Ba\u00f1adas en Chocolate Sin Az\u00facar A\u00f1adida"},"content":{"rendered":"<p><span class=\"BZ_Pyq_fadeIn\">Las <\/span><strong data-start=\"930\" data-end=\"978\"><span class=\"BZ_Pyq_fadeIn\">uvas <\/span><span class=\"BZ_Pyq_fadeIn\">ba\u00f1adas <\/span><span class=\"BZ_Pyq_fadeIn\">en <\/span><span class=\"BZ_Pyq_fadeIn\">chocolate <\/span><span class=\"BZ_Pyq_fadeIn\">sin <\/span><span class=\"BZ_Pyq_fadeIn\">az\u00facar <\/span><span class=\"BZ_Pyq_fadeIn\">a\u00f1adida<\/span><\/strong> <span class=\"BZ_Pyq_fadeIn\">son <\/span><span class=\"BZ_Pyq_fadeIn\">un <\/span><span class=\"BZ_Pyq_fadeIn\">snack <\/span><span class=\"BZ_Pyq_fadeIn\">delicioso <\/span><span class=\"BZ_Pyq_fadeIn\">que <\/span><span class=\"BZ_Pyq_fadeIn\">combina <\/span><span class=\"BZ_Pyq_fadeIn\">el <\/span><span class=\"BZ_Pyq_fadeIn\">sabor <\/span><span class=\"BZ_Pyq_fadeIn\">natural <\/span><span class=\"BZ_Pyq_fadeIn\">de <\/span><span class=\"BZ_Pyq_fadeIn\">la <\/span><span class=\"BZ_Pyq_fadeIn\">fruta <\/span><span class=\"BZ_Pyq_fadeIn\">con <\/span><span class=\"BZ_Pyq_fadeIn\">una <\/span><span class=\"BZ_Pyq_fadeIn\">suave <\/span><span class=\"BZ_Pyq_fadeIn\">cobertura <\/span><span class=\"BZ_Pyq_fadeIn\">de <\/span><span class=\"BZ_Pyq_fadeIn\">chocolate. <\/span><span class=\"BZ_Pyq_fadeIn\">Esta <\/span><span class=\"BZ_Pyq_fadeIn\">combinaci\u00f3n <\/span><span class=\"BZ_Pyq_fadeIn\">crea <\/span><span class=\"BZ_Pyq_fadeIn\">una <\/span><span class=\"BZ_Pyq_fadeIn\">experiencia <\/span><span class=\"BZ_Pyq_fadeIn\">\u00fanica <\/span><span class=\"BZ_Pyq_fadeIn\">para <\/span><span class=\"BZ_Pyq_fadeIn\">quienes <\/span><span class=\"BZ_Pyq_fadeIn\">disfrutan <\/span><span class=\"BZ_Pyq_fadeIn\">de <\/span><span class=\"BZ_Pyq_fadeIn\">los <\/span><span class=\"BZ_Pyq_fadeIn\">sabores <\/span><span class=\"BZ_Pyq_fadeIn\">dulces <\/span><span class=\"BZ_Pyq_fadeIn\">con <\/span><span class=\"BZ_Pyq_fadeIn\">un <\/span><span class=\"BZ_Pyq_fadeIn\">toque <\/span><span class=\"BZ_Pyq_fadeIn\">frutal.<\/span><\/p>\n<p><span class=\"BZ_Pyq_fadeIn\">Una <\/span><span class=\"BZ_Pyq_fadeIn\">de <\/span><span class=\"BZ_Pyq_fadeIn\">las <\/span><span class=\"BZ_Pyq_fadeIn\">principales <\/span><span class=\"BZ_Pyq_fadeIn\">ventajas <\/span><span class=\"BZ_Pyq_fadeIn\">de <\/span><span class=\"BZ_Pyq_fadeIn\">las <\/span><strong data-start=\"1633\" data-end=\"1681\"><span class=\"BZ_Pyq_fadeIn\">uvas <\/span><span class=\"BZ_Pyq_fadeIn\">ba\u00f1adas <\/span><span class=\"BZ_Pyq_fadeIn\">en <\/span><span class=\"BZ_Pyq_fadeIn\">chocolate <\/span><\/strong><span class=\"BZ_Pyq_fadeIn\">es <\/span><span class=\"BZ_Pyq_fadeIn\">que <\/span><span class=\"BZ_Pyq_fadeIn\">no <\/span><span class=\"BZ_Pyq_fadeIn\">contienen <\/span><span class=\"BZ_Pyq_fadeIn\">az\u00facar <\/span><span class=\"BZ_Pyq_fadeIn\">agregada, <\/span><span class=\"BZ_Pyq_fadeIn\">lo <\/span><span class=\"BZ_Pyq_fadeIn\">que <\/span><span class=\"BZ_Pyq_fadeIn\">las <\/span><span class=\"BZ_Pyq_fadeIn\">convierte <\/span><span class=\"BZ_Pyq_fadeIn\">en <\/span><span class=\"BZ_Pyq_fadeIn\">una <\/span><span class=\"BZ_Pyq_fadeIn\">alternativa <\/span><span class=\"BZ_Pyq_fadeIn\">interesante <\/span><span class=\"BZ_Pyq_fadeIn\">para <\/span><span class=\"BZ_Pyq_fadeIn\">quienes <\/span><span class=\"BZ_Pyq_fadeIn\">buscan <\/span><span class=\"BZ_Pyq_fadeIn\">disfrutar <\/span><span class=\"BZ_Pyq_fadeIn\">de <\/span><span class=\"BZ_Pyq_fadeIn\">un <\/span><span class=\"BZ_Pyq_fadeIn\">snack <\/span><span class=\"BZ_Pyq_fadeIn\">dulce <\/span><span class=\"BZ_Pyq_fadeIn\">diferente. <\/span><span class=\"BZ_Pyq_fadeIn\">Gracias <\/span><span class=\"BZ_Pyq_fadeIn\">al <\/span><span class=\"BZ_Pyq_fadeIn\">dulzor <\/span><span class=\"BZ_Pyq_fadeIn\">natural <\/span><span class=\"BZ_Pyq_fadeIn\">de <\/span><span class=\"BZ_Pyq_fadeIn\">las <\/span><span class=\"BZ_Pyq_fadeIn\">uvas <\/span><span class=\"BZ_Pyq_fadeIn\">pasas, <\/span><span class=\"BZ_Pyq_fadeIn\">este <\/span><span class=\"BZ_Pyq_fadeIn\">producto <\/span><span class=\"BZ_Pyq_fadeIn\">mantiene <\/span><span class=\"BZ_Pyq_fadeIn\">un <\/span><span class=\"BZ_Pyq_fadeIn\">sabor <\/span><span class=\"BZ_Pyq_fadeIn\">agradable <\/span><span class=\"BZ_Pyq_fadeIn\">sin <\/span><span class=\"BZ_Pyq_fadeIn\">necesidad <\/span><span class=\"BZ_Pyq_fadeIn\">de <\/span><span class=\"BZ_Pyq_fadeIn\">a\u00f1adir <\/span><span class=\"BZ_Pyq_fadeIn\">az\u00facar <\/span><span class=\"BZ_Pyq_fadeIn\">adicional.<\/span><\/p>\n<p><span class=\"BZ_Pyq_fadeIn\">Otra <\/span><span class=\"BZ_Pyq_fadeIn\">ventaja <\/span><span class=\"BZ_Pyq_fadeIn\">de <\/span><span class=\"BZ_Pyq_fadeIn\">las <\/span><strong data-start=\"2248\" data-end=\"2296\"><span class=\"BZ_Pyq_fadeIn\">uvas <\/span><span class=\"BZ_Pyq_fadeIn\">ba\u00f1adas <\/span><span class=\"BZ_Pyq_fadeIn\">en <\/span><span class=\"BZ_Pyq_fadeIn\">chocolate <\/span><span class=\"BZ_Pyq_fadeIn\">sin <\/span><span class=\"BZ_Pyq_fadeIn\">az\u00facar <\/span><span class=\"BZ_Pyq_fadeIn\">a\u00f1adida<\/span><\/strong> <span class=\"BZ_Pyq_fadeIn\">es <\/span><span class=\"BZ_Pyq_fadeIn\">su <\/span><span class=\"BZ_Pyq_fadeIn\">formato <\/span><span class=\"BZ_Pyq_fadeIn\">pr\u00e1ctico <\/span><span class=\"BZ_Pyq_fadeIn\">en <\/span><span class=\"BZ_Pyq_fadeIn\">sachet. <\/span><span class=\"BZ_Pyq_fadeIn\">Esto <\/span><span class=\"BZ_Pyq_fadeIn\">permite <\/span><span class=\"BZ_Pyq_fadeIn\">llevarlas <\/span><span class=\"BZ_Pyq_fadeIn\">f\u00e1cilmente <\/span><span class=\"BZ_Pyq_fadeIn\">en <\/span><span class=\"BZ_Pyq_fadeIn\">la <\/span><span class=\"BZ_Pyq_fadeIn\">mochila, <\/span><span class=\"BZ_Pyq_fadeIn\">en <\/span><span class=\"BZ_Pyq_fadeIn\">la <\/span><span class=\"BZ_Pyq_fadeIn\">cartera <\/span><span class=\"BZ_Pyq_fadeIn\">o <\/span><span class=\"BZ_Pyq_fadeIn\">tenerlas <\/span><span class=\"BZ_Pyq_fadeIn\">a <\/span><span class=\"BZ_Pyq_fadeIn\">mano <\/span><span class=\"BZ_Pyq_fadeIn\">en <\/span><span class=\"BZ_Pyq_fadeIn\">casa <\/span><span class=\"BZ_Pyq_fadeIn\">para <\/span><span class=\"BZ_Pyq_fadeIn\">disfrutar <\/span><span class=\"BZ_Pyq_fadeIn\">cuando <\/span><span class=\"BZ_Pyq_fadeIn\">se <\/span><span class=\"BZ_Pyq_fadeIn\">desee <\/span><span class=\"BZ_Pyq_fadeIn\">algo <\/span><span class=\"BZ_Pyq_fadeIn\">dulce.<\/span><\/p>\n<p>La l\u00ednea de chocolates saludables Pick Nick Zero de Montevergine, son incre\u00edblemente sabrosos y lo mejor de todo son \u00a1SIN AZ\u00daCAR A\u00d1ADIDA!.<br \/>\nAdem\u00e1s, puedes darle un toque crujiente y decorar tus preparaciones dulces.<\/p>\n<p><span class=\"BZ_Pyq_fadeIn\">Disfruta <\/span><span class=\"BZ_Pyq_fadeIn\">del <\/span><span class=\"BZ_Pyq_fadeIn\">sabor <\/span><span class=\"BZ_Pyq_fadeIn\">natural <\/span><span class=\"BZ_Pyq_fadeIn\">de <\/span><span class=\"BZ_Pyq_fadeIn\">la <\/span><span class=\"BZ_Pyq_fadeIn\">fruta <\/span><span class=\"BZ_Pyq_fadeIn\">combinado <\/span><span class=\"BZ_Pyq_fadeIn\">con <\/span><span class=\"BZ_Pyq_fadeIn\">la <\/span><span class=\"BZ_Pyq_fadeIn\">suavidad <\/span><span class=\"BZ_Pyq_fadeIn\">del <\/span><span class=\"BZ_Pyq_fadeIn\">chocolate<\/span><span class=\"BZ_Pyq_fadeIn\">, <\/span><span class=\"BZ_Pyq_fadeIn\">un <\/span><span class=\"BZ_Pyq_fadeIn\">snack <\/span><span class=\"BZ_Pyq_fadeIn\">delicioso <\/span><span class=\"BZ_Pyq_fadeIn\">y <\/span><span class=\"BZ_Pyq_fadeIn\">pr\u00e1ctico <\/span><span class=\"BZ_Pyq_fadeIn\">para <\/span><span class=\"BZ_Pyq_fadeIn\">cualquier <\/span><span class=\"BZ_Pyq_fadeIn\">momento.<\/span><\/p>\n<p><span class=\"BZ_Pyq_fadeIn\">Descubre <\/span><span class=\"BZ_Pyq_fadeIn\">m\u00e1s <\/span><span class=\"BZ_Pyq_fadeIn\">productos <\/span><span class=\"BZ_Pyq_fadeIn\">en <\/span><span class=\"BZ_Pyq_fadeIn\">nuestra <\/span><strong data-start=\"3627\" data-end=\"3670\"><span class=\"BZ_Pyq_fadeIn\">categor\u00eda <\/span><span class=\"BZ_Pyq_fadeIn\">de productos saludables: <a href=\"https:\/\/www.ortunonieto.cl\/zonafranca\/categoria-producto\/saludables\/\">Deliciosos &amp; Saludables archivos &#8211; Ortu\u00f1o Nieto<\/a><\/span><\/strong><\/p>\n<p data-start=\"3877\" data-end=\"3970\"><span class=\"BZ_Pyq_fadeIn\">Puedes <\/span><span class=\"BZ_Pyq_fadeIn\">conocer <\/span><span class=\"BZ_Pyq_fadeIn\">m\u00e1s <\/span><span class=\"BZ_Pyq_fadeIn\">sobre <\/span><span class=\"BZ_Pyq_fadeIn\">las <\/span><span class=\"BZ_Pyq_fadeIn\">uvas <\/span><span class=\"BZ_Pyq_fadeIn\">pasas <\/span><span class=\"BZ_Pyq_fadeIn\">y <\/span><span class=\"BZ_Pyq_fadeIn\">sus <\/span><span class=\"BZ_Pyq_fadeIn\">caracter\u00edsticas <\/span><span class=\"BZ_Pyq_fadeIn\">en <\/span><span class=\"BZ_Pyq_fadeIn\">esta <\/span><span class=\"BZ_Pyq_fadeIn\">referencia <\/span><span class=\"BZ_Pyq_fadeIn\">informativa: <a href=\"https:\/\/www.google.com\/search?q=picknick+zero+montevergine&amp;sca_esv=9a3fab58edaf9218&amp;authuser=1&amp;sxsrf=ANbL-n4DIoFbZdV1enkHeUB6e7Jtvqfalw%3A1773681653508&amp;udm=50&amp;source=hp&amp;fbs=ADc_l-bpk8W4E-qsVlOvbGJcDwpn60DczFdcvPnuv8WQohHLTcTH442KskDyC74HpRHrYUorhqIWu6eEEK7aBAtTZpD8EtAnxBBFVbhkkH7NL3ts6e2c17hMDuP00AF6ELLP4MLR0UQ8D7wL2ERmZ84MU93f4BMWbgEs3xtDuhL0S4pxzRy02CEVz5dMJWnpr_5tU_fQgX8RNSqZi3TjvT9LeUoWWgZ6bw&amp;aep=1&amp;ntc=1&amp;sa=X&amp;ved=2ahUKEwigp5uH96STAxVTpJUCHWdYMV0Q2J8OegQIDhAE&amp;biw=1912&amp;bih=948&amp;dpr=1&amp;mtid=_Du4aa-aEdzN1sQPxvPwwQs&amp;mstk=AUtExfCtRHrHtgPzoXDvK-iSaBbFs7QmUBq7MxVBfx0XD3cuxZCs5qVbjnT00f6Jxc6cFJznZDVTU0fqgQTrE8B4zCSfFb9dQfCoEZNQnbG67zo_YCjSrypY2cOPMg-cfbj6xsqEHgubULsi7OQ9v5g3k6Ww_pLdLzIbgcC2mN6TKJTrz9IeVHm1JH4Q_FGFpTVt90-WNxlUvOqalATRkd83dhTp-I7CaOpL7mpuP1webJx1XCsRTaiB47mhtP-xilry9K8cLRmsSl79Zx0MCwCohAYb9weNYMSICF-l_XSIXs_8orXEnopw5iQCwb7LQQ-I0lw7U_-XJdlEww&amp;csuir=1\">picknick zero montevergine &#8211; Buscar con Google<\/a><\/span><\/p>\n<p>sachet 40grs de uvas ba\u00f1adas en chocolate<\/p>\n<p>Marca Montevergine, procedencia Brasil<\/p>\n<p>COD: 3028<\/p>\n","protected":false},"excerpt":{"rendered":"<p><span class=\"BZ_Pyq_fadeIn\">Las <\/span><strong data-start=\"675\" data-end=\"723\"><span class=\"BZ_Pyq_fadeIn\">uvas <\/span><span class=\"BZ_Pyq_fadeIn\">ba\u00f1adas <\/span><span class=\"BZ_Pyq_fadeIn\">en <\/span><span class=\"BZ_Pyq_fadeIn\">chocolate <\/span><span class=\"BZ_Pyq_fadeIn\">sin <\/span><span class=\"BZ_Pyq_fadeIn\">az\u00facar <\/span><span class=\"BZ_Pyq_fadeIn\">a\u00f1adida<\/span><\/strong> <span class=\"BZ_Pyq_fadeIn\">son <\/span><span class=\"BZ_Pyq_fadeIn\">un <\/span><span class=\"BZ_Pyq_fadeIn\">delicioso <\/span><span class=\"BZ_Pyq_fadeIn\">snack <\/span><span class=\"BZ_Pyq_fadeIn\">que <\/span><span class=\"BZ_Pyq_fadeIn\">combina <\/span><span class=\"BZ_Pyq_fadeIn\">el <\/span><span class=\"BZ_Pyq_fadeIn\">sabor <\/span><span class=\"BZ_Pyq_fadeIn\">natural <\/span><span class=\"BZ_Pyq_fadeIn\">de <\/span><span class=\"BZ_Pyq_fadeIn\">la <\/span><span class=\"BZ_Pyq_fadeIn\">fruta <\/span><span class=\"BZ_Pyq_fadeIn\">con <\/span><span class=\"BZ_Pyq_fadeIn\">una <\/span><span class=\"BZ_Pyq_fadeIn\">cobertura <\/span><span class=\"BZ_Pyq_fadeIn\">de <\/span><span class=\"BZ_Pyq_fadeIn\">chocolate. <\/span><span class=\"BZ_Pyq_fadeIn\">Ideal <\/span><span class=\"BZ_Pyq_fadeIn\">para <\/span><span class=\"BZ_Pyq_fadeIn\">disfrutar <\/span><span class=\"BZ_Pyq_fadeIn\">un <\/span><span class=\"BZ_Pyq_fadeIn\">dulce <\/span><span class=\"BZ_Pyq_fadeIn\">diferente.<\/span><\/p>\n","protected":false},"featured_media":3959,"template":"","meta":[],"product_brand":[],"product_cat":[32,58],"product_tag":[],"class_list":{"0":"post-3956","1":"product","2":"type-product","3":"status-publish","4":"has-post-thumbnail","6":"product_cat-chocolates-para-regalar-y-compartir-chocolate-garoto-truffel","7":"product_cat-saludables","9":"first","10":"instock","11":"shipping-taxable","12":"purchasable","13":"product-type-simple"},"yoast_head":"<!-- This site is optimized with the Yoast SEO plugin v27.2 - https:\/\/yoast.com\/product\/yoast-seo-wordpress\/ -->\n<title>Sachet de Uvas Ba\u00f1adas en Chocolate Sin Az\u00facar A\u00f1adida - Ortu&ntilde;o Nieto<\/title>\n<meta name=\"description\" content=\"Uvas ba\u00f1adas en chocolate sin az\u00facar a\u00f1adida en pr\u00e1ctico sachet. Snack dulce con fruta y chocolate ideal para disfrutar en cualquier momento.\" \/>\n<meta name=\"robots\" content=\"index, follow, max-snippet:-1, max-image-preview:large, max-video-preview:-1\" \/>\n<link rel=\"canonical\" href=\"https:\/\/www.ortunonieto.cl\/zonafranca\/producto\/uvas-banadas-en-chocolate-montevergine\/\" \/>\n<meta property=\"og:locale\" content=\"es_ES\" \/>\n<meta property=\"og:type\" content=\"article\" \/>\n<meta property=\"og:title\" content=\"Sachet de Uvas Ba\u00f1adas en Chocolate Sin Az\u00facar A\u00f1adida - Ortu&ntilde;o Nieto\" \/>\n<meta property=\"og:description\" content=\"Uvas ba\u00f1adas en chocolate sin az\u00facar a\u00f1adida en pr\u00e1ctico sachet. Snack dulce con fruta y chocolate ideal para disfrutar en cualquier momento.\" \/>\n<meta property=\"og:url\" content=\"https:\/\/www.ortunonieto.cl\/zonafranca\/producto\/uvas-banadas-en-chocolate-montevergine\/\" \/>\n<meta property=\"og:site_name\" content=\"Ortu&ntilde;o Nieto\" \/>\n<meta property=\"article:publisher\" content=\"https:\/\/facebook.com\/importadoraortunonieto\" \/>\n<meta property=\"article:modified_time\" content=\"2026-04-06T18:50:59+00:00\" \/>\n<meta property=\"og:image\" content=\"https:\/\/www.ortunonieto.cl\/zonafranca\/wp-content\/uploads\/2020\/06\/3028.jpg\" \/>\n\t<meta property=\"og:image:width\" content=\"1276\" \/>\n\t<meta property=\"og:image:height\" content=\"1712\" \/>\n\t<meta property=\"og:image:type\" content=\"image\/jpeg\" \/>\n<meta name=\"twitter:card\" content=\"summary_large_image\" \/>\n<meta name=\"twitter:site\" content=\"@ortunonieto\" \/>\n<meta name=\"twitter:label1\" content=\"Tiempo de lectura\" \/>\n\t<meta name=\"twitter:data1\" content=\"2 minutos\" \/>\n<script type=\"application\/ld+json\" class=\"yoast-schema-graph\">{\"@context\":\"https:\/\/schema.org\",\"@graph\":[{\"@type\":\"WebPage\",\"@id\":\"https:\/\/www.ortunonieto.cl\/zonafranca\/producto\/uvas-banadas-en-chocolate-montevergine\/\",\"url\":\"https:\/\/www.ortunonieto.cl\/zonafranca\/producto\/uvas-banadas-en-chocolate-montevergine\/\",\"name\":\"Sachet de Uvas Ba\u00f1adas en Chocolate Sin Az\u00facar A\u00f1adida - Ortu&ntilde;o Nieto\",\"isPartOf\":{\"@id\":\"https:\/\/www.ortunonieto.cl\/zonafranca\/#website\"},\"primaryImageOfPage\":{\"@id\":\"https:\/\/www.ortunonieto.cl\/zonafranca\/producto\/uvas-banadas-en-chocolate-montevergine\/#primaryimage\"},\"image\":{\"@id\":\"https:\/\/www.ortunonieto.cl\/zonafranca\/producto\/uvas-banadas-en-chocolate-montevergine\/#primaryimage\"},\"thumbnailUrl\":\"https:\/\/www.ortunonieto.cl\/zonafranca\/wp-content\/uploads\/2020\/06\/3028.jpg\",\"datePublished\":\"2020-06-10T17:44:29+00:00\",\"dateModified\":\"2026-04-06T18:50:59+00:00\",\"description\":\"Uvas ba\u00f1adas en chocolate sin az\u00facar a\u00f1adida en pr\u00e1ctico sachet. Snack dulce con fruta y chocolate ideal para disfrutar en cualquier momento.\",\"breadcrumb\":{\"@id\":\"https:\/\/www.ortunonieto.cl\/zonafranca\/producto\/uvas-banadas-en-chocolate-montevergine\/#breadcrumb\"},\"inLanguage\":\"es\",\"potentialAction\":[{\"@type\":\"ReadAction\",\"target\":[\"https:\/\/www.ortunonieto.cl\/zonafranca\/producto\/uvas-banadas-en-chocolate-montevergine\/\"]}]},{\"@type\":\"ImageObject\",\"inLanguage\":\"es\",\"@id\":\"https:\/\/www.ortunonieto.cl\/zonafranca\/producto\/uvas-banadas-en-chocolate-montevergine\/#primaryimage\",\"url\":\"https:\/\/www.ortunonieto.cl\/zonafranca\/wp-content\/uploads\/2020\/06\/3028.jpg\",\"contentUrl\":\"https:\/\/www.ortunonieto.cl\/zonafranca\/wp-content\/uploads\/2020\/06\/3028.jpg\",\"width\":1276,\"height\":1712},{\"@type\":\"BreadcrumbList\",\"@id\":\"https:\/\/www.ortunonieto.cl\/zonafranca\/producto\/uvas-banadas-en-chocolate-montevergine\/#breadcrumb\",\"itemListElement\":[{\"@type\":\"ListItem\",\"position\":1,\"name\":\"Portada\",\"item\":\"https:\/\/www.ortunonieto.cl\/zonafranca\/\"},{\"@type\":\"ListItem\",\"position\":2,\"name\":\"Tienda\",\"item\":\"https:\/\/www.ortunonieto.cl\/zonafranca\/shop\/\"},{\"@type\":\"ListItem\",\"position\":3,\"name\":\"Sachet de Uvas Ba\u00f1adas en Chocolate Sin Az\u00facar A\u00f1adida\"}]},{\"@type\":\"WebSite\",\"@id\":\"https:\/\/www.ortunonieto.cl\/zonafranca\/#website\",\"url\":\"https:\/\/www.ortunonieto.cl\/zonafranca\/\",\"name\":\"Ortu&ntilde;o Nieto\",\"description\":\"Iquique - Arica\",\"publisher\":{\"@id\":\"https:\/\/www.ortunonieto.cl\/zonafranca\/#organization\"},\"potentialAction\":[{\"@type\":\"SearchAction\",\"target\":{\"@type\":\"EntryPoint\",\"urlTemplate\":\"https:\/\/www.ortunonieto.cl\/zonafranca\/?s={search_term_string}\"},\"query-input\":{\"@type\":\"PropertyValueSpecification\",\"valueRequired\":true,\"valueName\":\"search_term_string\"}}],\"inLanguage\":\"es\"},{\"@type\":\"Organization\",\"@id\":\"https:\/\/www.ortunonieto.cl\/zonafranca\/#organization\",\"name\":\"Ortu&ntilde;o Nieto\",\"url\":\"https:\/\/www.ortunonieto.cl\/zonafranca\/\",\"logo\":{\"@type\":\"ImageObject\",\"inLanguage\":\"es\",\"@id\":\"https:\/\/www.ortunonieto.cl\/zonafranca\/#\/schema\/logo\/image\/\",\"url\":\"https:\/\/www.ortunonieto.cl\/zonafranca\/wp-content\/uploads\/2020\/04\/logo_ortuno_nieto2.png\",\"contentUrl\":\"https:\/\/www.ortunonieto.cl\/zonafranca\/wp-content\/uploads\/2020\/04\/logo_ortuno_nieto2.png\",\"width\":115,\"height\":71,\"caption\":\"Ortu&ntilde;o Nieto\"},\"image\":{\"@id\":\"https:\/\/www.ortunonieto.cl\/zonafranca\/#\/schema\/logo\/image\/\"},\"sameAs\":[\"https:\/\/facebook.com\/importadoraortunonieto\",\"https:\/\/x.com\/ortunonieto\",\"https:\/\/www.instagram.com\/garotochile\/\"]}]}<\/script>\n<!-- \/ Yoast SEO plugin. -->","yoast_head_json":{"title":"Sachet de Uvas Ba\u00f1adas en Chocolate Sin Az\u00facar A\u00f1adida - Ortu&ntilde;o Nieto","description":"Uvas ba\u00f1adas en chocolate sin az\u00facar a\u00f1adida en pr\u00e1ctico sachet. Snack dulce con fruta y chocolate ideal para disfrutar en cualquier momento.","robots":{"index":"index","follow":"follow","max-snippet":"max-snippet:-1","max-image-preview":"max-image-preview:large","max-video-preview":"max-video-preview:-1"},"canonical":"https:\/\/www.ortunonieto.cl\/zonafranca\/producto\/uvas-banadas-en-chocolate-montevergine\/","og_locale":"es_ES","og_type":"article","og_title":"Sachet de Uvas Ba\u00f1adas en Chocolate Sin Az\u00facar A\u00f1adida - Ortu&ntilde;o Nieto","og_description":"Uvas ba\u00f1adas en chocolate sin az\u00facar a\u00f1adida en pr\u00e1ctico sachet. Snack dulce con fruta y chocolate ideal para disfrutar en cualquier momento.","og_url":"https:\/\/www.ortunonieto.cl\/zonafranca\/producto\/uvas-banadas-en-chocolate-montevergine\/","og_site_name":"Ortu&ntilde;o Nieto","article_publisher":"https:\/\/facebook.com\/importadoraortunonieto","article_modified_time":"2026-04-06T18:50:59+00:00","og_image":[{"width":1276,"height":1712,"url":"https:\/\/www.ortunonieto.cl\/zonafranca\/wp-content\/uploads\/2020\/06\/3028.jpg","type":"image\/jpeg"}],"twitter_card":"summary_large_image","twitter_site":"@ortunonieto","twitter_misc":{"Tiempo de lectura":"2 minutos"},"schema":{"@context":"https:\/\/schema.org","@graph":[{"@type":"WebPage","@id":"https:\/\/www.ortunonieto.cl\/zonafranca\/producto\/uvas-banadas-en-chocolate-montevergine\/","url":"https:\/\/www.ortunonieto.cl\/zonafranca\/producto\/uvas-banadas-en-chocolate-montevergine\/","name":"Sachet de Uvas Ba\u00f1adas en Chocolate Sin Az\u00facar A\u00f1adida - Ortu&ntilde;o Nieto","isPartOf":{"@id":"https:\/\/www.ortunonieto.cl\/zonafranca\/#website"},"primaryImageOfPage":{"@id":"https:\/\/www.ortunonieto.cl\/zonafranca\/producto\/uvas-banadas-en-chocolate-montevergine\/#primaryimage"},"image":{"@id":"https:\/\/www.ortunonieto.cl\/zonafranca\/producto\/uvas-banadas-en-chocolate-montevergine\/#primaryimage"},"thumbnailUrl":"https:\/\/www.ortunonieto.cl\/zonafranca\/wp-content\/uploads\/2020\/06\/3028.jpg","datePublished":"2020-06-10T17:44:29+00:00","dateModified":"2026-04-06T18:50:59+00:00","description":"Uvas ba\u00f1adas en chocolate sin az\u00facar a\u00f1adida en pr\u00e1ctico sachet. Snack dulce con fruta y chocolate ideal para disfrutar en cualquier momento.","breadcrumb":{"@id":"https:\/\/www.ortunonieto.cl\/zonafranca\/producto\/uvas-banadas-en-chocolate-montevergine\/#breadcrumb"},"inLanguage":"es","potentialAction":[{"@type":"ReadAction","target":["https:\/\/www.ortunonieto.cl\/zonafranca\/producto\/uvas-banadas-en-chocolate-montevergine\/"]}]},{"@type":"ImageObject","inLanguage":"es","@id":"https:\/\/www.ortunonieto.cl\/zonafranca\/producto\/uvas-banadas-en-chocolate-montevergine\/#primaryimage","url":"https:\/\/www.ortunonieto.cl\/zonafranca\/wp-content\/uploads\/2020\/06\/3028.jpg","contentUrl":"https:\/\/www.ortunonieto.cl\/zonafranca\/wp-content\/uploads\/2020\/06\/3028.jpg","width":1276,"height":1712},{"@type":"BreadcrumbList","@id":"https:\/\/www.ortunonieto.cl\/zonafranca\/producto\/uvas-banadas-en-chocolate-montevergine\/#breadcrumb","itemListElement":[{"@type":"ListItem","position":1,"name":"Portada","item":"https:\/\/www.ortunonieto.cl\/zonafranca\/"},{"@type":"ListItem","position":2,"name":"Tienda","item":"https:\/\/www.ortunonieto.cl\/zonafranca\/shop\/"},{"@type":"ListItem","position":3,"name":"Sachet de Uvas Ba\u00f1adas en Chocolate Sin Az\u00facar A\u00f1adida"}]},{"@type":"WebSite","@id":"https:\/\/www.ortunonieto.cl\/zonafranca\/#website","url":"https:\/\/www.ortunonieto.cl\/zonafranca\/","name":"Ortu&ntilde;o Nieto","description":"Iquique - Arica","publisher":{"@id":"https:\/\/www.ortunonieto.cl\/zonafranca\/#organization"},"potentialAction":[{"@type":"SearchAction","target":{"@type":"EntryPoint","urlTemplate":"https:\/\/www.ortunonieto.cl\/zonafranca\/?s={search_term_string}"},"query-input":{"@type":"PropertyValueSpecification","valueRequired":true,"valueName":"search_term_string"}}],"inLanguage":"es"},{"@type":"Organization","@id":"https:\/\/www.ortunonieto.cl\/zonafranca\/#organization","name":"Ortu&ntilde;o Nieto","url":"https:\/\/www.ortunonieto.cl\/zonafranca\/","logo":{"@type":"ImageObject","inLanguage":"es","@id":"https:\/\/www.ortunonieto.cl\/zonafranca\/#\/schema\/logo\/image\/","url":"https:\/\/www.ortunonieto.cl\/zonafranca\/wp-content\/uploads\/2020\/04\/logo_ortuno_nieto2.png","contentUrl":"https:\/\/www.ortunonieto.cl\/zonafranca\/wp-content\/uploads\/2020\/04\/logo_ortuno_nieto2.png","width":115,"height":71,"caption":"Ortu&ntilde;o Nieto"},"image":{"@id":"https:\/\/www.ortunonieto.cl\/zonafranca\/#\/schema\/logo\/image\/"},"sameAs":["https:\/\/facebook.com\/importadoraortunonieto","https:\/\/x.com\/ortunonieto","https:\/\/www.instagram.com\/garotochile\/"]}]}},"_links":{"self":[{"href":"https:\/\/www.ortunonieto.cl\/zonafranca\/wp-json\/wp\/v2\/product\/3956","targetHints":{"allow":["GET"]}}],"collection":[{"href":"https:\/\/www.ortunonieto.cl\/zonafranca\/wp-json\/wp\/v2\/product"}],"about":[{"href":"https:\/\/www.ortunonieto.cl\/zonafranca\/wp-json\/wp\/v2\/types\/product"}],"wp:featuredmedia":[{"embeddable":true,"href":"https:\/\/www.ortunonieto.cl\/zonafranca\/wp-json\/wp\/v2\/media\/3959"}],"wp:attachment":[{"href":"https:\/\/www.ortunonieto.cl\/zonafranca\/wp-json\/wp\/v2\/media?parent=3956"}],"wp:term":[{"taxonomy":"product_brand","embeddable":true,"href":"https:\/\/www.ortunonieto.cl\/zonafranca\/wp-json\/wp\/v2\/product_brand?post=3956"},{"taxonomy":"product_cat","embeddable":true,"href":"https:\/\/www.ortunonieto.cl\/zonafranca\/wp-json\/wp\/v2\/product_cat?post=3956"},{"taxonomy":"product_tag","embeddable":true,"href":"https:\/\/www.ortunonieto.cl\/zonafranca\/wp-json\/wp\/v2\/product_tag?post=3956"}],"curies":[{"name":"wp","href":"https:\/\/api.w.org\/{rel}","templated":true}]}}