{"id":3957,"date":"2020-06-10T17:47:23","date_gmt":"2020-06-10T17:47:23","guid":{"rendered":"https:\/\/www.ortunonieto.cl\/zonafranca\/?post_type=product&#038;p=3957"},"modified":"2026-04-06T18:50:41","modified_gmt":"2026-04-06T18:50:41","slug":"platanos-banados-en-chocolate-montevergine","status":"publish","type":"product","link":"https:\/\/www.ortunonieto.cl\/zonafranca\/producto\/platanos-banados-en-chocolate-montevergine\/","title":{"rendered":"Pl\u00e1tanos ba\u00f1ados en Chocolate \u00a1SIN AZ\u00daCAR A\u00d1ADIDA!"},"content":{"rendered":"<p>La l\u00ednea de chocolates saludables Pick Nick Zero de Montevergine, son incre\u00edblemente sabrosos y lo mejor de todo son \u00a1SIN AZ\u00daCAR A\u00d1ADIDA!.<br \/>\nAdem\u00e1s, puedes darle un toque crujiente y decorar tus preparaciones dulces.<\/p>\n<p>sachet 40gr de pl\u00e1tanos ba\u00f1ados en chocolate<\/p>\n<p>Marca Montevergine, procedencia Brasil<\/p>\n<p>Cod: 3228<\/p>\n","protected":false},"excerpt":{"rendered":"<p>La l\u00ednea de chocolates saludables Pick Nick Zero de Montevergine, son incre\u00edblemente sabrosos y lo mejor de todo son \u00a1SIN AZ\u00daCAR A\u00d1ADIDA!. Adem\u00e1s, puedes darle un toque crujiente y decorar tus preparaciones dulces. sachet 40gr de pl\u00e1tanos ba\u00f1ados en chocolate Marca Montevergine, procedencia Brasil Cod: 3228<\/p>\n","protected":false},"featured_media":3960,"template":"","meta":[],"product_brand":[],"product_cat":[32,58],"product_tag":[],"class_list":{"0":"post-3957","1":"product","2":"type-product","3":"status-publish","4":"has-post-thumbnail","6":"product_cat-chocolates-para-regalar-y-compartir-chocolate-garoto-truffel","7":"product_cat-saludables","9":"first","10":"instock","11":"shipping-taxable","12":"purchasable","13":"product-type-simple"},"yoast_head":"<!-- This site is optimized with the Yoast SEO plugin v27.2 - https:\/\/yoast.com\/product\/yoast-seo-wordpress\/ -->\n<title>Pl\u00e1tanos ba\u00f1ados en Chocolate \u00a1SIN AZ\u00daCAR A\u00d1ADIDA! - Ortu&ntilde;o Nieto<\/title>\n<meta name=\"robots\" content=\"index, follow, max-snippet:-1, max-image-preview:large, max-video-preview:-1\" \/>\n<link rel=\"canonical\" href=\"https:\/\/www.ortunonieto.cl\/zonafranca\/producto\/platanos-banados-en-chocolate-montevergine\/\" \/>\n<meta property=\"og:locale\" content=\"es_ES\" \/>\n<meta property=\"og:type\" content=\"article\" \/>\n<meta property=\"og:title\" content=\"Pl\u00e1tanos ba\u00f1ados en Chocolate \u00a1SIN AZ\u00daCAR A\u00d1ADIDA! - Ortu&ntilde;o Nieto\" \/>\n<meta property=\"og:description\" content=\"La l\u00ednea de chocolates saludables Pick Nick Zero de Montevergine, son incre\u00edblemente sabrosos y lo mejor de todo son \u00a1SIN AZ\u00daCAR A\u00d1ADIDA!. Adem\u00e1s, puedes darle un toque crujiente y decorar tus preparaciones dulces. sachet 40gr de pl\u00e1tanos ba\u00f1ados en chocolate Marca Montevergine, procedencia Brasil Cod: 3228\" \/>\n<meta property=\"og:url\" content=\"https:\/\/www.ortunonieto.cl\/zonafranca\/producto\/platanos-banados-en-chocolate-montevergine\/\" \/>\n<meta property=\"og:site_name\" content=\"Ortu&ntilde;o Nieto\" \/>\n<meta property=\"article:publisher\" content=\"https:\/\/facebook.com\/importadoraortunonieto\" \/>\n<meta property=\"article:modified_time\" content=\"2026-04-06T18:50:41+00:00\" \/>\n<meta property=\"og:image\" content=\"https:\/\/www.ortunonieto.cl\/zonafranca\/wp-content\/uploads\/2020\/06\/3228.jpg\" \/>\n\t<meta property=\"og:image:width\" content=\"1276\" \/>\n\t<meta property=\"og:image:height\" content=\"1700\" \/>\n\t<meta property=\"og:image:type\" content=\"image\/jpeg\" \/>\n<meta name=\"twitter:card\" content=\"summary_large_image\" \/>\n<meta name=\"twitter:site\" content=\"@ortunonieto\" \/>\n<meta name=\"twitter:label1\" content=\"Tiempo de lectura\" \/>\n\t<meta name=\"twitter:data1\" content=\"1 minuto\" \/>\n<script type=\"application\/ld+json\" class=\"yoast-schema-graph\">{\"@context\":\"https:\/\/schema.org\",\"@graph\":[{\"@type\":\"WebPage\",\"@id\":\"https:\/\/www.ortunonieto.cl\/zonafranca\/producto\/platanos-banados-en-chocolate-montevergine\/\",\"url\":\"https:\/\/www.ortunonieto.cl\/zonafranca\/producto\/platanos-banados-en-chocolate-montevergine\/\",\"name\":\"Pl\u00e1tanos ba\u00f1ados en Chocolate \u00a1SIN AZ\u00daCAR A\u00d1ADIDA! - Ortu&ntilde;o Nieto\",\"isPartOf\":{\"@id\":\"https:\/\/www.ortunonieto.cl\/zonafranca\/#website\"},\"primaryImageOfPage\":{\"@id\":\"https:\/\/www.ortunonieto.cl\/zonafranca\/producto\/platanos-banados-en-chocolate-montevergine\/#primaryimage\"},\"image\":{\"@id\":\"https:\/\/www.ortunonieto.cl\/zonafranca\/producto\/platanos-banados-en-chocolate-montevergine\/#primaryimage\"},\"thumbnailUrl\":\"https:\/\/www.ortunonieto.cl\/zonafranca\/wp-content\/uploads\/2020\/06\/3228.jpg\",\"datePublished\":\"2020-06-10T17:47:23+00:00\",\"dateModified\":\"2026-04-06T18:50:41+00:00\",\"breadcrumb\":{\"@id\":\"https:\/\/www.ortunonieto.cl\/zonafranca\/producto\/platanos-banados-en-chocolate-montevergine\/#breadcrumb\"},\"inLanguage\":\"es\",\"potentialAction\":[{\"@type\":\"ReadAction\",\"target\":[\"https:\/\/www.ortunonieto.cl\/zonafranca\/producto\/platanos-banados-en-chocolate-montevergine\/\"]}]},{\"@type\":\"ImageObject\",\"inLanguage\":\"es\",\"@id\":\"https:\/\/www.ortunonieto.cl\/zonafranca\/producto\/platanos-banados-en-chocolate-montevergine\/#primaryimage\",\"url\":\"https:\/\/www.ortunonieto.cl\/zonafranca\/wp-content\/uploads\/2020\/06\/3228.jpg\",\"contentUrl\":\"https:\/\/www.ortunonieto.cl\/zonafranca\/wp-content\/uploads\/2020\/06\/3228.jpg\",\"width\":1276,\"height\":1700},{\"@type\":\"BreadcrumbList\",\"@id\":\"https:\/\/www.ortunonieto.cl\/zonafranca\/producto\/platanos-banados-en-chocolate-montevergine\/#breadcrumb\",\"itemListElement\":[{\"@type\":\"ListItem\",\"position\":1,\"name\":\"Portada\",\"item\":\"https:\/\/www.ortunonieto.cl\/zonafranca\/\"},{\"@type\":\"ListItem\",\"position\":2,\"name\":\"Tienda\",\"item\":\"https:\/\/www.ortunonieto.cl\/zonafranca\/shop\/\"},{\"@type\":\"ListItem\",\"position\":3,\"name\":\"Pl\u00e1tanos ba\u00f1ados en Chocolate \u00a1SIN AZ\u00daCAR A\u00d1ADIDA!\"}]},{\"@type\":\"WebSite\",\"@id\":\"https:\/\/www.ortunonieto.cl\/zonafranca\/#website\",\"url\":\"https:\/\/www.ortunonieto.cl\/zonafranca\/\",\"name\":\"Ortu&ntilde;o Nieto\",\"description\":\"Iquique - Arica\",\"publisher\":{\"@id\":\"https:\/\/www.ortunonieto.cl\/zonafranca\/#organization\"},\"potentialAction\":[{\"@type\":\"SearchAction\",\"target\":{\"@type\":\"EntryPoint\",\"urlTemplate\":\"https:\/\/www.ortunonieto.cl\/zonafranca\/?s={search_term_string}\"},\"query-input\":{\"@type\":\"PropertyValueSpecification\",\"valueRequired\":true,\"valueName\":\"search_term_string\"}}],\"inLanguage\":\"es\"},{\"@type\":\"Organization\",\"@id\":\"https:\/\/www.ortunonieto.cl\/zonafranca\/#organization\",\"name\":\"Ortu&ntilde;o Nieto\",\"url\":\"https:\/\/www.ortunonieto.cl\/zonafranca\/\",\"logo\":{\"@type\":\"ImageObject\",\"inLanguage\":\"es\",\"@id\":\"https:\/\/www.ortunonieto.cl\/zonafranca\/#\/schema\/logo\/image\/\",\"url\":\"https:\/\/www.ortunonieto.cl\/zonafranca\/wp-content\/uploads\/2020\/04\/logo_ortuno_nieto2.png\",\"contentUrl\":\"https:\/\/www.ortunonieto.cl\/zonafranca\/wp-content\/uploads\/2020\/04\/logo_ortuno_nieto2.png\",\"width\":115,\"height\":71,\"caption\":\"Ortu&ntilde;o Nieto\"},\"image\":{\"@id\":\"https:\/\/www.ortunonieto.cl\/zonafranca\/#\/schema\/logo\/image\/\"},\"sameAs\":[\"https:\/\/facebook.com\/importadoraortunonieto\",\"https:\/\/x.com\/ortunonieto\",\"https:\/\/www.instagram.com\/garotochile\/\"]}]}<\/script>\n<!-- \/ Yoast SEO plugin. -->","yoast_head_json":{"title":"Pl\u00e1tanos ba\u00f1ados en Chocolate \u00a1SIN AZ\u00daCAR A\u00d1ADIDA! - Ortu&ntilde;o Nieto","robots":{"index":"index","follow":"follow","max-snippet":"max-snippet:-1","max-image-preview":"max-image-preview:large","max-video-preview":"max-video-preview:-1"},"canonical":"https:\/\/www.ortunonieto.cl\/zonafranca\/producto\/platanos-banados-en-chocolate-montevergine\/","og_locale":"es_ES","og_type":"article","og_title":"Pl\u00e1tanos ba\u00f1ados en Chocolate \u00a1SIN AZ\u00daCAR A\u00d1ADIDA! - Ortu&ntilde;o Nieto","og_description":"La l\u00ednea de chocolates saludables Pick Nick Zero de Montevergine, son incre\u00edblemente sabrosos y lo mejor de todo son \u00a1SIN AZ\u00daCAR A\u00d1ADIDA!. Adem\u00e1s, puedes darle un toque crujiente y decorar tus preparaciones dulces. sachet 40gr de pl\u00e1tanos ba\u00f1ados en chocolate Marca Montevergine, procedencia Brasil Cod: 3228","og_url":"https:\/\/www.ortunonieto.cl\/zonafranca\/producto\/platanos-banados-en-chocolate-montevergine\/","og_site_name":"Ortu&ntilde;o Nieto","article_publisher":"https:\/\/facebook.com\/importadoraortunonieto","article_modified_time":"2026-04-06T18:50:41+00:00","og_image":[{"width":1276,"height":1700,"url":"https:\/\/www.ortunonieto.cl\/zonafranca\/wp-content\/uploads\/2020\/06\/3228.jpg","type":"image\/jpeg"}],"twitter_card":"summary_large_image","twitter_site":"@ortunonieto","twitter_misc":{"Tiempo de lectura":"1 minuto"},"schema":{"@context":"https:\/\/schema.org","@graph":[{"@type":"WebPage","@id":"https:\/\/www.ortunonieto.cl\/zonafranca\/producto\/platanos-banados-en-chocolate-montevergine\/","url":"https:\/\/www.ortunonieto.cl\/zonafranca\/producto\/platanos-banados-en-chocolate-montevergine\/","name":"Pl\u00e1tanos ba\u00f1ados en Chocolate \u00a1SIN AZ\u00daCAR A\u00d1ADIDA! - Ortu&ntilde;o Nieto","isPartOf":{"@id":"https:\/\/www.ortunonieto.cl\/zonafranca\/#website"},"primaryImageOfPage":{"@id":"https:\/\/www.ortunonieto.cl\/zonafranca\/producto\/platanos-banados-en-chocolate-montevergine\/#primaryimage"},"image":{"@id":"https:\/\/www.ortunonieto.cl\/zonafranca\/producto\/platanos-banados-en-chocolate-montevergine\/#primaryimage"},"thumbnailUrl":"https:\/\/www.ortunonieto.cl\/zonafranca\/wp-content\/uploads\/2020\/06\/3228.jpg","datePublished":"2020-06-10T17:47:23+00:00","dateModified":"2026-04-06T18:50:41+00:00","breadcrumb":{"@id":"https:\/\/www.ortunonieto.cl\/zonafranca\/producto\/platanos-banados-en-chocolate-montevergine\/#breadcrumb"},"inLanguage":"es","potentialAction":[{"@type":"ReadAction","target":["https:\/\/www.ortunonieto.cl\/zonafranca\/producto\/platanos-banados-en-chocolate-montevergine\/"]}]},{"@type":"ImageObject","inLanguage":"es","@id":"https:\/\/www.ortunonieto.cl\/zonafranca\/producto\/platanos-banados-en-chocolate-montevergine\/#primaryimage","url":"https:\/\/www.ortunonieto.cl\/zonafranca\/wp-content\/uploads\/2020\/06\/3228.jpg","contentUrl":"https:\/\/www.ortunonieto.cl\/zonafranca\/wp-content\/uploads\/2020\/06\/3228.jpg","width":1276,"height":1700},{"@type":"BreadcrumbList","@id":"https:\/\/www.ortunonieto.cl\/zonafranca\/producto\/platanos-banados-en-chocolate-montevergine\/#breadcrumb","itemListElement":[{"@type":"ListItem","position":1,"name":"Portada","item":"https:\/\/www.ortunonieto.cl\/zonafranca\/"},{"@type":"ListItem","position":2,"name":"Tienda","item":"https:\/\/www.ortunonieto.cl\/zonafranca\/shop\/"},{"@type":"ListItem","position":3,"name":"Pl\u00e1tanos ba\u00f1ados en Chocolate \u00a1SIN AZ\u00daCAR A\u00d1ADIDA!"}]},{"@type":"WebSite","@id":"https:\/\/www.ortunonieto.cl\/zonafranca\/#website","url":"https:\/\/www.ortunonieto.cl\/zonafranca\/","name":"Ortu&ntilde;o Nieto","description":"Iquique - Arica","publisher":{"@id":"https:\/\/www.ortunonieto.cl\/zonafranca\/#organization"},"potentialAction":[{"@type":"SearchAction","target":{"@type":"EntryPoint","urlTemplate":"https:\/\/www.ortunonieto.cl\/zonafranca\/?s={search_term_string}"},"query-input":{"@type":"PropertyValueSpecification","valueRequired":true,"valueName":"search_term_string"}}],"inLanguage":"es"},{"@type":"Organization","@id":"https:\/\/www.ortunonieto.cl\/zonafranca\/#organization","name":"Ortu&ntilde;o Nieto","url":"https:\/\/www.ortunonieto.cl\/zonafranca\/","logo":{"@type":"ImageObject","inLanguage":"es","@id":"https:\/\/www.ortunonieto.cl\/zonafranca\/#\/schema\/logo\/image\/","url":"https:\/\/www.ortunonieto.cl\/zonafranca\/wp-content\/uploads\/2020\/04\/logo_ortuno_nieto2.png","contentUrl":"https:\/\/www.ortunonieto.cl\/zonafranca\/wp-content\/uploads\/2020\/04\/logo_ortuno_nieto2.png","width":115,"height":71,"caption":"Ortu&ntilde;o Nieto"},"image":{"@id":"https:\/\/www.ortunonieto.cl\/zonafranca\/#\/schema\/logo\/image\/"},"sameAs":["https:\/\/facebook.com\/importadoraortunonieto","https:\/\/x.com\/ortunonieto","https:\/\/www.instagram.com\/garotochile\/"]}]}},"_links":{"self":[{"href":"https:\/\/www.ortunonieto.cl\/zonafranca\/wp-json\/wp\/v2\/product\/3957","targetHints":{"allow":["GET"]}}],"collection":[{"href":"https:\/\/www.ortunonieto.cl\/zonafranca\/wp-json\/wp\/v2\/product"}],"about":[{"href":"https:\/\/www.ortunonieto.cl\/zonafranca\/wp-json\/wp\/v2\/types\/product"}],"wp:featuredmedia":[{"embeddable":true,"href":"https:\/\/www.ortunonieto.cl\/zonafranca\/wp-json\/wp\/v2\/media\/3960"}],"wp:attachment":[{"href":"https:\/\/www.ortunonieto.cl\/zonafranca\/wp-json\/wp\/v2\/media?parent=3957"}],"wp:term":[{"taxonomy":"product_brand","embeddable":true,"href":"https:\/\/www.ortunonieto.cl\/zonafranca\/wp-json\/wp\/v2\/product_brand?post=3957"},{"taxonomy":"product_cat","embeddable":true,"href":"https:\/\/www.ortunonieto.cl\/zonafranca\/wp-json\/wp\/v2\/product_cat?post=3957"},{"taxonomy":"product_tag","embeddable":true,"href":"https:\/\/www.ortunonieto.cl\/zonafranca\/wp-json\/wp\/v2\/product_tag?post=3957"}],"curies":[{"name":"wp","href":"https:\/\/api.w.org\/{rel}","templated":true}]}}