{"id":4050,"date":"2020-06-16T20:09:34","date_gmt":"2020-06-16T20:09:34","guid":{"rendered":"https:\/\/www.ortunonieto.cl\/zonafranca\/?post_type=product&#038;p=4050"},"modified":"2026-03-16T15:02:15","modified_gmt":"2026-03-16T15:02:15","slug":"te-negro-chai-masala","status":"publish","type":"product","link":"https:\/\/www.ortunonieto.cl\/zonafranca\/producto\/te-negro-chai-masala\/","title":{"rendered":"T\u00e9 Negro Piramidal Chai Masala"},"content":{"rendered":"<p><span class=\"BZ_Pyq_fadeIn\">El <\/span><strong data-start=\"830\" data-end=\"864\"><span class=\"BZ_Pyq_fadeIn\">t\u00e9 <\/span><span class=\"BZ_Pyq_fadeIn\">negro <\/span><span class=\"BZ_Pyq_fadeIn\">piramidal <\/span><span class=\"BZ_Pyq_fadeIn\">chai <\/span><span class=\"BZ_Pyq_fadeIn\">masala<\/span><\/strong> <span class=\"BZ_Pyq_fadeIn\">es <\/span><span class=\"BZ_Pyq_fadeIn\">una <\/span><span class=\"BZ_Pyq_fadeIn\">infusi\u00f3n <\/span><span class=\"BZ_Pyq_fadeIn\">intensa <\/span><span class=\"BZ_Pyq_fadeIn\">y <\/span><span class=\"BZ_Pyq_fadeIn\">arom\u00e1tica <\/span><span class=\"BZ_Pyq_fadeIn\">que <\/span><span class=\"BZ_Pyq_fadeIn\">combina <\/span><span class=\"BZ_Pyq_fadeIn\">el <\/span><span class=\"BZ_Pyq_fadeIn\">sabor <\/span><span class=\"BZ_Pyq_fadeIn\">profundo <\/span><span class=\"BZ_Pyq_fadeIn\">del <\/span><span class=\"BZ_Pyq_fadeIn\">t\u00e9 <\/span><span class=\"BZ_Pyq_fadeIn\">negro <\/span><span class=\"BZ_Pyq_fadeIn\">con <\/span><span class=\"BZ_Pyq_fadeIn\">una <\/span><span class=\"BZ_Pyq_fadeIn\">mezcla <\/span><span class=\"BZ_Pyq_fadeIn\">tradicional <\/span><span class=\"BZ_Pyq_fadeIn\">de <\/span><span class=\"BZ_Pyq_fadeIn\">especias. <\/span><span class=\"BZ_Pyq_fadeIn\">Esta <\/span><span class=\"BZ_Pyq_fadeIn\">bebida <\/span><span class=\"BZ_Pyq_fadeIn\">es <\/span><span class=\"BZ_Pyq_fadeIn\">muy <\/span><span class=\"BZ_Pyq_fadeIn\">apreciada <\/span><span class=\"BZ_Pyq_fadeIn\">por <\/span><span class=\"BZ_Pyq_fadeIn\">quienes <\/span><span class=\"BZ_Pyq_fadeIn\">disfrutan <\/span><span class=\"BZ_Pyq_fadeIn\">de <\/span><span class=\"BZ_Pyq_fadeIn\">sabores <\/span><span class=\"BZ_Pyq_fadeIn\">c\u00e1lidos <\/span><span class=\"BZ_Pyq_fadeIn\">y <\/span><span class=\"BZ_Pyq_fadeIn\">especiados <\/span><span class=\"BZ_Pyq_fadeIn\">que <\/span><span class=\"BZ_Pyq_fadeIn\">aportan <\/span><span class=\"BZ_Pyq_fadeIn\">una <\/span><span class=\"BZ_Pyq_fadeIn\">experiencia <\/span><span class=\"BZ_Pyq_fadeIn\">diferente <\/span><span class=\"BZ_Pyq_fadeIn\">al <\/span><span class=\"BZ_Pyq_fadeIn\">momento <\/span><span class=\"BZ_Pyq_fadeIn\">de <\/span><span class=\"BZ_Pyq_fadeIn\">tomar <\/span><span class=\"BZ_Pyq_fadeIn\">t\u00e9.<\/span><\/p>\n<p><span class=\"BZ_Pyq_fadeIn\">Una <\/span><span class=\"BZ_Pyq_fadeIn\">de <\/span><span class=\"BZ_Pyq_fadeIn\">las <\/span><span class=\"BZ_Pyq_fadeIn\">caracter\u00edsticas <\/span><span class=\"BZ_Pyq_fadeIn\">m\u00e1s <\/span><span class=\"BZ_Pyq_fadeIn\">destacadas <\/span><span class=\"BZ_Pyq_fadeIn\">del <\/span><strong data-start=\"1764\" data-end=\"1798\"><span class=\"BZ_Pyq_fadeIn\">t\u00e9 <\/span><span class=\"BZ_Pyq_fadeIn\">negro <\/span><span class=\"BZ_Pyq_fadeIn\">piramidal <\/span><span class=\"BZ_Pyq_fadeIn\">chai <\/span><span class=\"BZ_Pyq_fadeIn\">masala<\/span><\/strong> <span class=\"BZ_Pyq_fadeIn\">es <\/span><span class=\"BZ_Pyq_fadeIn\">su <\/span><span class=\"BZ_Pyq_fadeIn\">formato <\/span><span class=\"BZ_Pyq_fadeIn\">en <\/span><span class=\"BZ_Pyq_fadeIn\">bolsitas <\/span><span class=\"BZ_Pyq_fadeIn\">piramidales. <\/span><span class=\"BZ_Pyq_fadeIn\">Este <\/span><span class=\"BZ_Pyq_fadeIn\">dise\u00f1o <\/span><span class=\"BZ_Pyq_fadeIn\">permite <\/span><span class=\"BZ_Pyq_fadeIn\">que <\/span><span class=\"BZ_Pyq_fadeIn\">las <\/span><span class=\"BZ_Pyq_fadeIn\">hojas <\/span><span class=\"BZ_Pyq_fadeIn\">de <\/span><span class=\"BZ_Pyq_fadeIn\">t\u00e9 <\/span><span class=\"BZ_Pyq_fadeIn\">y <\/span><span class=\"BZ_Pyq_fadeIn\">las <\/span><span class=\"BZ_Pyq_fadeIn\">especias <\/span><span class=\"BZ_Pyq_fadeIn\">tengan <\/span><span class=\"BZ_Pyq_fadeIn\">m\u00e1s <\/span><span class=\"BZ_Pyq_fadeIn\">espacio <\/span><span class=\"BZ_Pyq_fadeIn\">para <\/span><span class=\"BZ_Pyq_fadeIn\">expandirse <\/span><span class=\"BZ_Pyq_fadeIn\">durante <\/span><span class=\"BZ_Pyq_fadeIn\">la <\/span><span class=\"BZ_Pyq_fadeIn\">infusi\u00f3n, <\/span><span class=\"BZ_Pyq_fadeIn\">lo <\/span><span class=\"BZ_Pyq_fadeIn\">que <\/span><span class=\"BZ_Pyq_fadeIn\">ayuda <\/span><span class=\"BZ_Pyq_fadeIn\">a <\/span><span class=\"BZ_Pyq_fadeIn\">liberar <\/span><span class=\"BZ_Pyq_fadeIn\">mejor <\/span><span class=\"BZ_Pyq_fadeIn\">los <\/span><span class=\"BZ_Pyq_fadeIn\">aromas <\/span><span class=\"BZ_Pyq_fadeIn\">y <\/span><span class=\"BZ_Pyq_fadeIn\">sabores <\/span><span class=\"BZ_Pyq_fadeIn\">naturales <\/span><span class=\"BZ_Pyq_fadeIn\">de <\/span><span class=\"BZ_Pyq_fadeIn\">los <\/span><span class=\"BZ_Pyq_fadeIn\">ingredientes.<\/span><\/p>\n<p><span class=\"BZ_Pyq_fadeIn\">Otra <\/span><span class=\"BZ_Pyq_fadeIn\">ventaja <\/span><span class=\"BZ_Pyq_fadeIn\">del <\/span><strong data-start=\"2282\" data-end=\"2316\"><span class=\"BZ_Pyq_fadeIn\">t\u00e9 <\/span><span class=\"BZ_Pyq_fadeIn\">negro <\/span><span class=\"BZ_Pyq_fadeIn\">piramidal <\/span><span class=\"BZ_Pyq_fadeIn\">chai <\/span><span class=\"BZ_Pyq_fadeIn\">masala<\/span><\/strong> <span class=\"BZ_Pyq_fadeIn\">es <\/span><span class=\"BZ_Pyq_fadeIn\">su <\/span><span class=\"BZ_Pyq_fadeIn\">versatilidad. <\/span><span class=\"BZ_Pyq_fadeIn\">Puede <\/span><span class=\"BZ_Pyq_fadeIn\">prepararse <\/span><span class=\"BZ_Pyq_fadeIn\">como <\/span><span class=\"BZ_Pyq_fadeIn\">una <\/span><span class=\"BZ_Pyq_fadeIn\">infusi\u00f3n <\/span><span class=\"BZ_Pyq_fadeIn\">tradicional <\/span><span class=\"BZ_Pyq_fadeIn\">con <\/span><span class=\"BZ_Pyq_fadeIn\">agua <\/span><span class=\"BZ_Pyq_fadeIn\">caliente <\/span><span class=\"BZ_Pyq_fadeIn\">o <\/span><span class=\"BZ_Pyq_fadeIn\">combinarse <\/span><span class=\"BZ_Pyq_fadeIn\">con <\/span><span class=\"BZ_Pyq_fadeIn\">leche <\/span><span class=\"BZ_Pyq_fadeIn\">para <\/span><span class=\"BZ_Pyq_fadeIn\">crear <\/span><span class=\"BZ_Pyq_fadeIn\">una <\/span><span class=\"BZ_Pyq_fadeIn\">bebida <\/span><span class=\"BZ_Pyq_fadeIn\">cremosa <\/span><span class=\"BZ_Pyq_fadeIn\">inspirada <\/span><span class=\"BZ_Pyq_fadeIn\">en <\/span><span class=\"BZ_Pyq_fadeIn\">el <\/span><span class=\"BZ_Pyq_fadeIn\">cl\u00e1sico <\/span><span class=\"BZ_Pyq_fadeIn\">chai <\/span><span class=\"BZ_Pyq_fadeIn\">latte.<\/span><\/p>\n<p>T\u00e9 Negro de Sri Lanka. En la cultura india, \u2018masala\u2019 significa mezcla de especias y \u201cChai\u201d es simplemente T\u00e9. Por eso, la traducci\u00f3n de Chai Masala es\u00a0<em>\u201ct\u00e9 con especias\u201d.\u00a0<\/em>Las propiedades de esta bebida milenaria son muchas, algunas son:<\/p>\n<ul class=\"i8Z77e\">\n<li class=\"TrT0Xe\">Reduce el dolor asociado con artrosis y artritis<\/li>\n<li class=\"TrT0Xe\">Muy eficaz contra las n\u00e1useas<\/li>\n<li class=\"TrT0Xe\">S\u00faper antioxidante<\/li>\n<li class=\"TrT0Xe\">\u00a0Es un potente digestivo<\/li>\n<li class=\"TrT0Xe\">\u00a0Mejora la actividad card\u00edaca<\/li>\n<li class=\"TrT0Xe\">Combate la depresi\u00f3n<\/li>\n<li class=\"TrT0Xe\">\u00a0Ayuda a prevenir el alzheimer<\/li>\n<li class=\"TrT0Xe\">Previene el parkinson<\/li>\n<\/ul>\n<p>Contiene 20 sobres pir\u00e1mide de 2gr cada uno<\/p>\n<p><strong>CERTIFICACIONES INTERNACIONALES:\u00a0<\/strong>Nuestra marca se ajusta a los m\u00e1s altos est\u00e1ndares de calidad, siguiendo los procedimientos de prevenci\u00f3n, detecci\u00f3n y rechazo. Nuestra dedicaci\u00f3n, competencia y profesionalidad han sido reconocidas. \u00a1Nuestros certificados son una prueba tangible de nuestro compromiso con la excelencia!<\/p>\n<p><img fetchpriority=\"high\" decoding=\"async\" class=\"alignnone wp-image-4842\" src=\"https:\/\/www.ortunonieto.cl\/wp-content\/uploads\/2021\/04\/certificaciones-300x171.jpg\" alt=\"\" width=\"418\" height=\"238\" \/><\/p>\n<p><span class=\"BZ_Pyq_fadeIn\">Descubre <\/span><span class=\"BZ_Pyq_fadeIn\">m\u00e1s <\/span><span class=\"BZ_Pyq_fadeIn\">variedades <\/span><span class=\"BZ_Pyq_fadeIn\">en <\/span><span class=\"BZ_Pyq_fadeIn\">nuestra <\/span><strong data-start=\"3583\" data-end=\"3616\"><span class=\"BZ_Pyq_fadeIn\">categor\u00eda <\/span><span class=\"BZ_Pyq_fadeIn\">de <\/span><span class=\"BZ_Pyq_fadeIn\">t\u00e9 y caf\u00e9: <a href=\"https:\/\/www.ortunonieto.cl\/zonafranca\/categoria-producto\/te\/\">T\u00e9 &amp; Caf\u00e9 archivos &#8211; Ortu\u00f1o Nieto<\/a><\/span><\/strong><\/p>\n<p>Cod: 7001-1<\/p>\n","protected":false},"excerpt":{"rendered":"<p><span class=\"BZ_Pyq_fadeIn\">El <\/span><strong data-start=\"586\" data-end=\"620\"><span class=\"BZ_Pyq_fadeIn\">t\u00e9 <\/span><span class=\"BZ_Pyq_fadeIn\">negro <\/span><span class=\"BZ_Pyq_fadeIn\">piramidal <\/span><span class=\"BZ_Pyq_fadeIn\">chai <\/span><span class=\"BZ_Pyq_fadeIn\">masala<\/span><\/strong> <span class=\"BZ_Pyq_fadeIn\">es <\/span><span class=\"BZ_Pyq_fadeIn\">una <\/span><span class=\"BZ_Pyq_fadeIn\">infusi\u00f3n <\/span><span class=\"BZ_Pyq_fadeIn\">arom\u00e1tica <\/span><span class=\"BZ_Pyq_fadeIn\">que <\/span><span class=\"BZ_Pyq_fadeIn\">combina <\/span><span class=\"BZ_Pyq_fadeIn\">t\u00e9 <\/span><span class=\"BZ_Pyq_fadeIn\">negro <\/span><span class=\"BZ_Pyq_fadeIn\">con <\/span><span class=\"BZ_Pyq_fadeIn\">especias <\/span><span class=\"BZ_Pyq_fadeIn\">tradicionales. <\/span><span class=\"BZ_Pyq_fadeIn\">Ideal <\/span><span class=\"BZ_Pyq_fadeIn\">para <\/span><span class=\"BZ_Pyq_fadeIn\">disfrutar <\/span><span class=\"BZ_Pyq_fadeIn\">una <\/span><span class=\"BZ_Pyq_fadeIn\">bebida <\/span><span class=\"BZ_Pyq_fadeIn\">intensa, <\/span><span class=\"BZ_Pyq_fadeIn\">c\u00e1lida <\/span><span class=\"BZ_Pyq_fadeIn\">y <\/span><span class=\"BZ_Pyq_fadeIn\">llena <\/span><span class=\"BZ_Pyq_fadeIn\">de <\/span><span class=\"BZ_Pyq_fadeIn\">sabor.<\/span><\/p>\n","protected":false},"featured_media":4051,"template":"","meta":[],"product_brand":[],"product_cat":[58,42],"product_tag":[],"class_list":{"0":"post-4050","1":"product","2":"type-product","3":"status-publish","4":"has-post-thumbnail","6":"product_cat-saludables","7":"product_cat-imperdible-aroma-y-sabor-a-te","9":"first","10":"instock","11":"shipping-taxable","12":"purchasable","13":"product-type-simple"},"yoast_head":"<!-- This site is optimized with the Yoast SEO plugin v27.2 - https:\/\/yoast.com\/product\/yoast-seo-wordpress\/ -->\n<title>T\u00e9 Negro Piramidal Chai Masala - Ortu&ntilde;o Nieto<\/title>\n<meta name=\"description\" content=\"T\u00e9 negro piramidal chai masala con mezcla de especias arom\u00e1ticas. Infusi\u00f3n intensa y c\u00e1lida ideal para disfrutar en cualquier momento.\" \/>\n<meta name=\"robots\" content=\"index, follow, max-snippet:-1, max-image-preview:large, max-video-preview:-1\" \/>\n<link rel=\"canonical\" href=\"https:\/\/www.ortunonieto.cl\/zonafranca\/producto\/te-negro-chai-masala\/\" \/>\n<meta property=\"og:locale\" content=\"es_ES\" \/>\n<meta property=\"og:type\" content=\"article\" \/>\n<meta property=\"og:title\" content=\"T\u00e9 Negro Piramidal Chai Masala - Ortu&ntilde;o Nieto\" \/>\n<meta property=\"og:description\" content=\"T\u00e9 negro piramidal chai masala con mezcla de especias arom\u00e1ticas. Infusi\u00f3n intensa y c\u00e1lida ideal para disfrutar en cualquier momento.\" \/>\n<meta property=\"og:url\" content=\"https:\/\/www.ortunonieto.cl\/zonafranca\/producto\/te-negro-chai-masala\/\" \/>\n<meta property=\"og:site_name\" content=\"Ortu&ntilde;o Nieto\" \/>\n<meta property=\"article:publisher\" content=\"https:\/\/facebook.com\/importadoraortunonieto\" \/>\n<meta property=\"article:modified_time\" content=\"2026-03-16T15:02:15+00:00\" \/>\n<meta property=\"og:image\" content=\"https:\/\/www.ortunonieto.cl\/zonafranca\/wp-content\/uploads\/2020\/06\/7001-1.jpg\" \/>\n\t<meta property=\"og:image:width\" content=\"831\" \/>\n\t<meta property=\"og:image:height\" content=\"726\" \/>\n\t<meta property=\"og:image:type\" content=\"image\/jpeg\" \/>\n<meta name=\"twitter:card\" content=\"summary_large_image\" \/>\n<meta name=\"twitter:site\" content=\"@ortunonieto\" \/>\n<meta name=\"twitter:label1\" content=\"Tiempo de lectura\" \/>\n\t<meta name=\"twitter:data1\" content=\"2 minutos\" \/>\n<script type=\"application\/ld+json\" class=\"yoast-schema-graph\">{\"@context\":\"https:\/\/schema.org\",\"@graph\":[{\"@type\":\"WebPage\",\"@id\":\"https:\/\/www.ortunonieto.cl\/zonafranca\/producto\/te-negro-chai-masala\/\",\"url\":\"https:\/\/www.ortunonieto.cl\/zonafranca\/producto\/te-negro-chai-masala\/\",\"name\":\"T\u00e9 Negro Piramidal Chai Masala - Ortu&ntilde;o Nieto\",\"isPartOf\":{\"@id\":\"https:\/\/www.ortunonieto.cl\/zonafranca\/#website\"},\"primaryImageOfPage\":{\"@id\":\"https:\/\/www.ortunonieto.cl\/zonafranca\/producto\/te-negro-chai-masala\/#primaryimage\"},\"image\":{\"@id\":\"https:\/\/www.ortunonieto.cl\/zonafranca\/producto\/te-negro-chai-masala\/#primaryimage\"},\"thumbnailUrl\":\"https:\/\/www.ortunonieto.cl\/zonafranca\/wp-content\/uploads\/2020\/06\/7001-1.jpg\",\"datePublished\":\"2020-06-16T20:09:34+00:00\",\"dateModified\":\"2026-03-16T15:02:15+00:00\",\"description\":\"T\u00e9 negro piramidal chai masala con mezcla de especias arom\u00e1ticas. Infusi\u00f3n intensa y c\u00e1lida ideal para disfrutar en cualquier momento.\",\"breadcrumb\":{\"@id\":\"https:\/\/www.ortunonieto.cl\/zonafranca\/producto\/te-negro-chai-masala\/#breadcrumb\"},\"inLanguage\":\"es\",\"potentialAction\":[{\"@type\":\"ReadAction\",\"target\":[\"https:\/\/www.ortunonieto.cl\/zonafranca\/producto\/te-negro-chai-masala\/\"]}]},{\"@type\":\"ImageObject\",\"inLanguage\":\"es\",\"@id\":\"https:\/\/www.ortunonieto.cl\/zonafranca\/producto\/te-negro-chai-masala\/#primaryimage\",\"url\":\"https:\/\/www.ortunonieto.cl\/zonafranca\/wp-content\/uploads\/2020\/06\/7001-1.jpg\",\"contentUrl\":\"https:\/\/www.ortunonieto.cl\/zonafranca\/wp-content\/uploads\/2020\/06\/7001-1.jpg\",\"width\":831,\"height\":726},{\"@type\":\"BreadcrumbList\",\"@id\":\"https:\/\/www.ortunonieto.cl\/zonafranca\/producto\/te-negro-chai-masala\/#breadcrumb\",\"itemListElement\":[{\"@type\":\"ListItem\",\"position\":1,\"name\":\"Portada\",\"item\":\"https:\/\/www.ortunonieto.cl\/zonafranca\/\"},{\"@type\":\"ListItem\",\"position\":2,\"name\":\"Tienda\",\"item\":\"https:\/\/www.ortunonieto.cl\/zonafranca\/shop\/\"},{\"@type\":\"ListItem\",\"position\":3,\"name\":\"T\u00e9 Negro Piramidal Chai Masala\"}]},{\"@type\":\"WebSite\",\"@id\":\"https:\/\/www.ortunonieto.cl\/zonafranca\/#website\",\"url\":\"https:\/\/www.ortunonieto.cl\/zonafranca\/\",\"name\":\"Ortu&ntilde;o Nieto\",\"description\":\"Iquique - Arica\",\"publisher\":{\"@id\":\"https:\/\/www.ortunonieto.cl\/zonafranca\/#organization\"},\"potentialAction\":[{\"@type\":\"SearchAction\",\"target\":{\"@type\":\"EntryPoint\",\"urlTemplate\":\"https:\/\/www.ortunonieto.cl\/zonafranca\/?s={search_term_string}\"},\"query-input\":{\"@type\":\"PropertyValueSpecification\",\"valueRequired\":true,\"valueName\":\"search_term_string\"}}],\"inLanguage\":\"es\"},{\"@type\":\"Organization\",\"@id\":\"https:\/\/www.ortunonieto.cl\/zonafranca\/#organization\",\"name\":\"Ortu&ntilde;o Nieto\",\"url\":\"https:\/\/www.ortunonieto.cl\/zonafranca\/\",\"logo\":{\"@type\":\"ImageObject\",\"inLanguage\":\"es\",\"@id\":\"https:\/\/www.ortunonieto.cl\/zonafranca\/#\/schema\/logo\/image\/\",\"url\":\"https:\/\/www.ortunonieto.cl\/zonafranca\/wp-content\/uploads\/2020\/04\/logo_ortuno_nieto2.png\",\"contentUrl\":\"https:\/\/www.ortunonieto.cl\/zonafranca\/wp-content\/uploads\/2020\/04\/logo_ortuno_nieto2.png\",\"width\":115,\"height\":71,\"caption\":\"Ortu&ntilde;o Nieto\"},\"image\":{\"@id\":\"https:\/\/www.ortunonieto.cl\/zonafranca\/#\/schema\/logo\/image\/\"},\"sameAs\":[\"https:\/\/facebook.com\/importadoraortunonieto\",\"https:\/\/x.com\/ortunonieto\",\"https:\/\/www.instagram.com\/garotochile\/\"]}]}<\/script>\n<!-- \/ Yoast SEO plugin. -->","yoast_head_json":{"title":"T\u00e9 Negro Piramidal Chai Masala - Ortu&ntilde;o Nieto","description":"T\u00e9 negro piramidal chai masala con mezcla de especias arom\u00e1ticas. Infusi\u00f3n intensa y c\u00e1lida ideal para disfrutar en cualquier momento.","robots":{"index":"index","follow":"follow","max-snippet":"max-snippet:-1","max-image-preview":"max-image-preview:large","max-video-preview":"max-video-preview:-1"},"canonical":"https:\/\/www.ortunonieto.cl\/zonafranca\/producto\/te-negro-chai-masala\/","og_locale":"es_ES","og_type":"article","og_title":"T\u00e9 Negro Piramidal Chai Masala - Ortu&ntilde;o Nieto","og_description":"T\u00e9 negro piramidal chai masala con mezcla de especias arom\u00e1ticas. Infusi\u00f3n intensa y c\u00e1lida ideal para disfrutar en cualquier momento.","og_url":"https:\/\/www.ortunonieto.cl\/zonafranca\/producto\/te-negro-chai-masala\/","og_site_name":"Ortu&ntilde;o Nieto","article_publisher":"https:\/\/facebook.com\/importadoraortunonieto","article_modified_time":"2026-03-16T15:02:15+00:00","og_image":[{"width":831,"height":726,"url":"https:\/\/www.ortunonieto.cl\/zonafranca\/wp-content\/uploads\/2020\/06\/7001-1.jpg","type":"image\/jpeg"}],"twitter_card":"summary_large_image","twitter_site":"@ortunonieto","twitter_misc":{"Tiempo de lectura":"2 minutos"},"schema":{"@context":"https:\/\/schema.org","@graph":[{"@type":"WebPage","@id":"https:\/\/www.ortunonieto.cl\/zonafranca\/producto\/te-negro-chai-masala\/","url":"https:\/\/www.ortunonieto.cl\/zonafranca\/producto\/te-negro-chai-masala\/","name":"T\u00e9 Negro Piramidal Chai Masala - Ortu&ntilde;o Nieto","isPartOf":{"@id":"https:\/\/www.ortunonieto.cl\/zonafranca\/#website"},"primaryImageOfPage":{"@id":"https:\/\/www.ortunonieto.cl\/zonafranca\/producto\/te-negro-chai-masala\/#primaryimage"},"image":{"@id":"https:\/\/www.ortunonieto.cl\/zonafranca\/producto\/te-negro-chai-masala\/#primaryimage"},"thumbnailUrl":"https:\/\/www.ortunonieto.cl\/zonafranca\/wp-content\/uploads\/2020\/06\/7001-1.jpg","datePublished":"2020-06-16T20:09:34+00:00","dateModified":"2026-03-16T15:02:15+00:00","description":"T\u00e9 negro piramidal chai masala con mezcla de especias arom\u00e1ticas. Infusi\u00f3n intensa y c\u00e1lida ideal para disfrutar en cualquier momento.","breadcrumb":{"@id":"https:\/\/www.ortunonieto.cl\/zonafranca\/producto\/te-negro-chai-masala\/#breadcrumb"},"inLanguage":"es","potentialAction":[{"@type":"ReadAction","target":["https:\/\/www.ortunonieto.cl\/zonafranca\/producto\/te-negro-chai-masala\/"]}]},{"@type":"ImageObject","inLanguage":"es","@id":"https:\/\/www.ortunonieto.cl\/zonafranca\/producto\/te-negro-chai-masala\/#primaryimage","url":"https:\/\/www.ortunonieto.cl\/zonafranca\/wp-content\/uploads\/2020\/06\/7001-1.jpg","contentUrl":"https:\/\/www.ortunonieto.cl\/zonafranca\/wp-content\/uploads\/2020\/06\/7001-1.jpg","width":831,"height":726},{"@type":"BreadcrumbList","@id":"https:\/\/www.ortunonieto.cl\/zonafranca\/producto\/te-negro-chai-masala\/#breadcrumb","itemListElement":[{"@type":"ListItem","position":1,"name":"Portada","item":"https:\/\/www.ortunonieto.cl\/zonafranca\/"},{"@type":"ListItem","position":2,"name":"Tienda","item":"https:\/\/www.ortunonieto.cl\/zonafranca\/shop\/"},{"@type":"ListItem","position":3,"name":"T\u00e9 Negro Piramidal Chai Masala"}]},{"@type":"WebSite","@id":"https:\/\/www.ortunonieto.cl\/zonafranca\/#website","url":"https:\/\/www.ortunonieto.cl\/zonafranca\/","name":"Ortu&ntilde;o Nieto","description":"Iquique - Arica","publisher":{"@id":"https:\/\/www.ortunonieto.cl\/zonafranca\/#organization"},"potentialAction":[{"@type":"SearchAction","target":{"@type":"EntryPoint","urlTemplate":"https:\/\/www.ortunonieto.cl\/zonafranca\/?s={search_term_string}"},"query-input":{"@type":"PropertyValueSpecification","valueRequired":true,"valueName":"search_term_string"}}],"inLanguage":"es"},{"@type":"Organization","@id":"https:\/\/www.ortunonieto.cl\/zonafranca\/#organization","name":"Ortu&ntilde;o Nieto","url":"https:\/\/www.ortunonieto.cl\/zonafranca\/","logo":{"@type":"ImageObject","inLanguage":"es","@id":"https:\/\/www.ortunonieto.cl\/zonafranca\/#\/schema\/logo\/image\/","url":"https:\/\/www.ortunonieto.cl\/zonafranca\/wp-content\/uploads\/2020\/04\/logo_ortuno_nieto2.png","contentUrl":"https:\/\/www.ortunonieto.cl\/zonafranca\/wp-content\/uploads\/2020\/04\/logo_ortuno_nieto2.png","width":115,"height":71,"caption":"Ortu&ntilde;o Nieto"},"image":{"@id":"https:\/\/www.ortunonieto.cl\/zonafranca\/#\/schema\/logo\/image\/"},"sameAs":["https:\/\/facebook.com\/importadoraortunonieto","https:\/\/x.com\/ortunonieto","https:\/\/www.instagram.com\/garotochile\/"]}]}},"_links":{"self":[{"href":"https:\/\/www.ortunonieto.cl\/zonafranca\/wp-json\/wp\/v2\/product\/4050","targetHints":{"allow":["GET"]}}],"collection":[{"href":"https:\/\/www.ortunonieto.cl\/zonafranca\/wp-json\/wp\/v2\/product"}],"about":[{"href":"https:\/\/www.ortunonieto.cl\/zonafranca\/wp-json\/wp\/v2\/types\/product"}],"wp:featuredmedia":[{"embeddable":true,"href":"https:\/\/www.ortunonieto.cl\/zonafranca\/wp-json\/wp\/v2\/media\/4051"}],"wp:attachment":[{"href":"https:\/\/www.ortunonieto.cl\/zonafranca\/wp-json\/wp\/v2\/media?parent=4050"}],"wp:term":[{"taxonomy":"product_brand","embeddable":true,"href":"https:\/\/www.ortunonieto.cl\/zonafranca\/wp-json\/wp\/v2\/product_brand?post=4050"},{"taxonomy":"product_cat","embeddable":true,"href":"https:\/\/www.ortunonieto.cl\/zonafranca\/wp-json\/wp\/v2\/product_cat?post=4050"},{"taxonomy":"product_tag","embeddable":true,"href":"https:\/\/www.ortunonieto.cl\/zonafranca\/wp-json\/wp\/v2\/product_tag?post=4050"}],"curies":[{"name":"wp","href":"https:\/\/api.w.org\/{rel}","templated":true}]}}