{"id":4057,"date":"2020-06-16T21:00:36","date_gmt":"2020-06-16T21:00:36","guid":{"rendered":"https:\/\/www.ortunonieto.cl\/zonafranca\/?post_type=product&#038;p=4057"},"modified":"2026-03-18T13:56:17","modified_gmt":"2026-03-18T13:56:17","slug":"te-negro-sabor-arandano","status":"publish","type":"product","link":"https:\/\/www.ortunonieto.cl\/zonafranca\/producto\/te-negro-sabor-arandano\/","title":{"rendered":"T\u00e9 Negro Piramidal de Ar\u00e1ndano"},"content":{"rendered":"<p><span class=\"BZ_Pyq_fadeIn\">El <\/span><strong data-start=\"848\" data-end=\"882\"><span class=\"BZ_Pyq_fadeIn\">t\u00e9 <\/span><span class=\"BZ_Pyq_fadeIn\">negro <\/span><span class=\"BZ_Pyq_fadeIn\">piramidal <\/span><span class=\"BZ_Pyq_fadeIn\">de <\/span><span class=\"BZ_Pyq_fadeIn\">ar\u00e1ndano<\/span><\/strong> <span class=\"BZ_Pyq_fadeIn\">es <\/span><span class=\"BZ_Pyq_fadeIn\">una <\/span><span class=\"BZ_Pyq_fadeIn\">infusi\u00f3n <\/span><span class=\"BZ_Pyq_fadeIn\">arom\u00e1tica <\/span><span class=\"BZ_Pyq_fadeIn\">que <\/span><span class=\"BZ_Pyq_fadeIn\">combina <\/span><span class=\"BZ_Pyq_fadeIn\">la <\/span><span class=\"BZ_Pyq_fadeIn\">intensidad <\/span><span class=\"BZ_Pyq_fadeIn\">del <\/span><span class=\"BZ_Pyq_fadeIn\">t\u00e9 <\/span><span class=\"BZ_Pyq_fadeIn\">negro <\/span><span class=\"BZ_Pyq_fadeIn\">con <\/span><span class=\"BZ_Pyq_fadeIn\">el <\/span><span class=\"BZ_Pyq_fadeIn\">delicado <\/span><span class=\"BZ_Pyq_fadeIn\">sabor <\/span><span class=\"BZ_Pyq_fadeIn\">frutal <\/span><span class=\"BZ_Pyq_fadeIn\">del <\/span><span class=\"BZ_Pyq_fadeIn\">ar\u00e1ndano. <\/span><span class=\"BZ_Pyq_fadeIn\">Esta <\/span><span class=\"BZ_Pyq_fadeIn\">mezcla <\/span><span class=\"BZ_Pyq_fadeIn\">crea <\/span><span class=\"BZ_Pyq_fadeIn\">una <\/span><span class=\"BZ_Pyq_fadeIn\">bebida <\/span><span class=\"BZ_Pyq_fadeIn\">equilibrada, <\/span><span class=\"BZ_Pyq_fadeIn\">ideal <\/span><span class=\"BZ_Pyq_fadeIn\">para <\/span><span class=\"BZ_Pyq_fadeIn\">quienes <\/span><span class=\"BZ_Pyq_fadeIn\">disfrutan <\/span><span class=\"BZ_Pyq_fadeIn\">del <\/span><span class=\"BZ_Pyq_fadeIn\">t\u00e9 <\/span><span class=\"BZ_Pyq_fadeIn\">con <\/span><span class=\"BZ_Pyq_fadeIn\">un <\/span><span class=\"BZ_Pyq_fadeIn\">toque <\/span><span class=\"BZ_Pyq_fadeIn\">dulce <\/span><span class=\"BZ_Pyq_fadeIn\">y <\/span><span class=\"BZ_Pyq_fadeIn\">frutal <\/span><span class=\"BZ_Pyq_fadeIn\">que <\/span><span class=\"BZ_Pyq_fadeIn\">aporta <\/span><span class=\"BZ_Pyq_fadeIn\">una <\/span><span class=\"BZ_Pyq_fadeIn\">experiencia <\/span><span class=\"BZ_Pyq_fadeIn\">diferente <\/span><span class=\"BZ_Pyq_fadeIn\">al <\/span><span class=\"BZ_Pyq_fadeIn\">momento <\/span><span class=\"BZ_Pyq_fadeIn\">de <\/span><span class=\"BZ_Pyq_fadeIn\">beber <\/span><span class=\"BZ_Pyq_fadeIn\">una <\/span><span class=\"BZ_Pyq_fadeIn\">taza <\/span><span class=\"BZ_Pyq_fadeIn\">de <\/span><span class=\"BZ_Pyq_fadeIn\">t\u00e9.<\/span><\/p>\n<p><span class=\"BZ_Pyq_fadeIn\">El <\/span><strong data-start=\"1173\" data-end=\"1207\"><span class=\"BZ_Pyq_fadeIn\">t\u00e9 <\/span><span class=\"BZ_Pyq_fadeIn\">negro <\/span><span class=\"BZ_Pyq_fadeIn\">piramidal <\/span><span class=\"BZ_Pyq_fadeIn\">de <\/span><span class=\"BZ_Pyq_fadeIn\">ar\u00e1ndano<\/span><\/strong> <span class=\"BZ_Pyq_fadeIn\">se <\/span><span class=\"BZ_Pyq_fadeIn\">elabora <\/span><span class=\"BZ_Pyq_fadeIn\">a <\/span><span class=\"BZ_Pyq_fadeIn\">partir <\/span><span class=\"BZ_Pyq_fadeIn\">de <\/span><span class=\"BZ_Pyq_fadeIn\">hojas <\/span><span class=\"BZ_Pyq_fadeIn\">de <\/span><strong data-start=\"1240\" data-end=\"1281\"><span class=\"hover:entity-accent entity-underline inline cursor-pointer align-baseline\"><span class=\"whitespace-normal\">Black tea<\/span><\/span><\/strong> <span class=\"BZ_Pyq_fadeIn\">seleccionadas, <\/span><span class=\"BZ_Pyq_fadeIn\">combinadas <\/span><span class=\"BZ_Pyq_fadeIn\">con <\/span><span class=\"BZ_Pyq_fadeIn\">el <\/span><span class=\"BZ_Pyq_fadeIn\">sabor <\/span><span class=\"BZ_Pyq_fadeIn\">caracter\u00edstico <\/span><span class=\"BZ_Pyq_fadeIn\">del <\/span><strong data-start=\"1340\" data-end=\"1381\"><span class=\"hover:entity-accent entity-underline inline cursor-pointer align-baseline\"><span class=\"whitespace-normal\">Blueberry<\/span><\/span><\/strong><span class=\"BZ_Pyq_fadeIn\">. <\/span><span class=\"BZ_Pyq_fadeIn\">El <\/span><span class=\"BZ_Pyq_fadeIn\">resultado <\/span><span class=\"BZ_Pyq_fadeIn\">es <\/span><span class=\"BZ_Pyq_fadeIn\">una <\/span><span class=\"BZ_Pyq_fadeIn\">infusi\u00f3n <\/span><span class=\"BZ_Pyq_fadeIn\">con <\/span><span class=\"BZ_Pyq_fadeIn\">aroma <\/span><span class=\"BZ_Pyq_fadeIn\">intenso, <\/span><span class=\"BZ_Pyq_fadeIn\">sabor <\/span><span class=\"BZ_Pyq_fadeIn\">agradable <\/span><span class=\"BZ_Pyq_fadeIn\">y <\/span><span class=\"BZ_Pyq_fadeIn\">un <\/span><span class=\"BZ_Pyq_fadeIn\">toque <\/span><span class=\"BZ_Pyq_fadeIn\">frutal <\/span><span class=\"BZ_Pyq_fadeIn\">que <\/span><span class=\"BZ_Pyq_fadeIn\">complementa <\/span><span class=\"BZ_Pyq_fadeIn\">perfectamente <\/span><span class=\"BZ_Pyq_fadeIn\">la <\/span><span class=\"BZ_Pyq_fadeIn\">profundidad <\/span><span class=\"BZ_Pyq_fadeIn\">del <\/span><span class=\"BZ_Pyq_fadeIn\">t\u00e9 <\/span><span class=\"BZ_Pyq_fadeIn\">negro.<\/span><\/p>\n<p><span class=\"BZ_Pyq_fadeIn\">El <\/span><strong data-start=\"1877\" data-end=\"1911\"><span class=\"BZ_Pyq_fadeIn\">t\u00e9 <\/span><span class=\"BZ_Pyq_fadeIn\">negro <\/span><span class=\"BZ_Pyq_fadeIn\">de <\/span><span class=\"BZ_Pyq_fadeIn\">ar\u00e1ndano<\/span><\/strong> <span class=\"BZ_Pyq_fadeIn\">es <\/span><span class=\"BZ_Pyq_fadeIn\">ideal <\/span><span class=\"BZ_Pyq_fadeIn\">para <\/span><span class=\"BZ_Pyq_fadeIn\">disfrutar <\/span><span class=\"BZ_Pyq_fadeIn\">durante <\/span><span class=\"BZ_Pyq_fadeIn\">el <\/span><span class=\"BZ_Pyq_fadeIn\">desayuno, <\/span><span class=\"BZ_Pyq_fadeIn\">en <\/span><span class=\"BZ_Pyq_fadeIn\">la <\/span><span class=\"BZ_Pyq_fadeIn\">tarde <\/span><span class=\"BZ_Pyq_fadeIn\">o <\/span><span class=\"BZ_Pyq_fadeIn\">durante <\/span><span class=\"BZ_Pyq_fadeIn\">una <\/span><span class=\"BZ_Pyq_fadeIn\">pausa <\/span><span class=\"BZ_Pyq_fadeIn\">en <\/span><span class=\"BZ_Pyq_fadeIn\">el <\/span><span class=\"BZ_Pyq_fadeIn\">trabajo <\/span><span class=\"BZ_Pyq_fadeIn\">o <\/span><span class=\"BZ_Pyq_fadeIn\">el <\/span><span class=\"BZ_Pyq_fadeIn\">estudio. <\/span><span class=\"BZ_Pyq_fadeIn\">Su <\/span><span class=\"BZ_Pyq_fadeIn\">sabor <\/span><span class=\"BZ_Pyq_fadeIn\">equilibrado <\/span><span class=\"BZ_Pyq_fadeIn\">lo <\/span><span class=\"BZ_Pyq_fadeIn\">convierte <\/span><span class=\"BZ_Pyq_fadeIn\">en <\/span><span class=\"BZ_Pyq_fadeIn\">una <\/span><span class=\"BZ_Pyq_fadeIn\">excelente <\/span><span class=\"BZ_Pyq_fadeIn\">opci\u00f3n <\/span><span class=\"BZ_Pyq_fadeIn\">para <\/span><span class=\"BZ_Pyq_fadeIn\">acompa\u00f1ar <\/span><span class=\"BZ_Pyq_fadeIn\">galletas, <\/span><span class=\"BZ_Pyq_fadeIn\">chocolates <\/span><span class=\"BZ_Pyq_fadeIn\">o <\/span><span class=\"BZ_Pyq_fadeIn\">postres.<\/span><\/p>\n<p>En la antig\u00fcedad, especialmente entre las tribus ind\u00edgenas americanas, se han utilizado los ar\u00e1ndanos para la prevenci\u00f3n y el tratamiento de las enfermedades. Las hojas de este fruto, contienen muchos beneficios para la sal\u00fad, especialmente recomendado para personas que padecen diabetes:<\/p>\n<ul>\n<li><strong>Reduce el az\u00facar, la cual se expulsa por medio de la orina\u00a0<\/strong><\/li>\n<li><strong>Ayuda a proteger los vasos capilares.<\/strong><\/li>\n<li><strong>Son ricas en flavonoides derivados de la quercetina<\/strong><\/li>\n<li><strong>Propiedades astringentes, antis\u00e9pticas y antidiab\u00e9ticas.<\/strong><\/li>\n<li><strong>Ayudan a combatir infecciones de las v\u00edas urinarias.<\/strong><\/li>\n<li><strong>Propiedades antiflatulentas.<\/strong><\/li>\n<li><strong>\u00datiles en el tratamiento de problemas intestinales<\/strong><\/li>\n<\/ul>\n<div id=\"_KmsfX5zjCrXE5OUPrMqkyAE20\" class=\"gy6Qzb oNjtBb V1sL5c\" aria-labelledby=\"_KmsfX5zjCrXE5OUPrMqkyAE21\">\n<div id=\"_KmsfX5zjCrXE5OUPrMqkyAE22\" data-hveid=\"CAwQBA\" data-ved=\"2ahUKEwicoNHH0u7qAhU1IrkGHSwlCRkQu04oAXoECAwQBA\">\n<div class=\"mod\" data-md=\"83\">\n<div class=\"di3YZe\">\n<div class=\"RqBzHd\">\n<p>Contiene 20 sobres pir\u00e1mide de 2gr cada uno<\/p>\n<p>&nbsp;<\/p>\n<\/div>\n<\/div>\n<\/div>\n<\/div>\n<\/div>\n<p><strong>CERTIFICACIONES INTERNACIONALES:\u00a0<\/strong>Nuestra marca se ajusta a los m\u00e1s altos est\u00e1ndares de calidad, siguiendo los procedimientos de prevenci\u00f3n, detecci\u00f3n y rechazo. Nuestra dedicaci\u00f3n, competencia y profesionalidad han sido reconocidas. \u00a1Nuestros certificados son una prueba tangible de nuestro compromiso con la excelencia!<\/p>\n<p><img fetchpriority=\"high\" decoding=\"async\" class=\"alignnone wp-image-4842\" src=\"https:\/\/www.ortunonieto.cl\/wp-content\/uploads\/2021\/04\/certificaciones-300x171.jpg\" alt=\"\" width=\"418\" height=\"238\" \/><\/p>\n<p>COD: 7007<\/p>\n","protected":false},"excerpt":{"rendered":"<p><span class=\"BZ_Pyq_fadeIn\">El <\/span><strong data-start=\"586\" data-end=\"620\"><span class=\"BZ_Pyq_fadeIn\">t\u00e9 <\/span><span class=\"BZ_Pyq_fadeIn\">negro <\/span><span class=\"BZ_Pyq_fadeIn\">piramidal <\/span><span class=\"BZ_Pyq_fadeIn\">de <\/span><span class=\"BZ_Pyq_fadeIn\">ar\u00e1ndano<\/span><\/strong> <span class=\"BZ_Pyq_fadeIn\">es <\/span><span class=\"BZ_Pyq_fadeIn\">una <\/span><span class=\"BZ_Pyq_fadeIn\">deliciosa <\/span><span class=\"BZ_Pyq_fadeIn\">infusi\u00f3n <\/span><span class=\"BZ_Pyq_fadeIn\">que <\/span><span class=\"BZ_Pyq_fadeIn\">combina <\/span><span class=\"BZ_Pyq_fadeIn\">la <\/span><span class=\"BZ_Pyq_fadeIn\">intensidad <\/span><span class=\"BZ_Pyq_fadeIn\">del <\/span><span class=\"BZ_Pyq_fadeIn\">t\u00e9 <\/span><span class=\"BZ_Pyq_fadeIn\">negro <\/span><span class=\"BZ_Pyq_fadeIn\">con <\/span><span class=\"BZ_Pyq_fadeIn\">el <\/span><span class=\"BZ_Pyq_fadeIn\">sabor <\/span><span class=\"BZ_Pyq_fadeIn\">frutal <\/span><span class=\"BZ_Pyq_fadeIn\">del <\/span><span class=\"BZ_Pyq_fadeIn\">ar\u00e1ndano. <\/span><span class=\"BZ_Pyq_fadeIn\">Perfecto <\/span><span class=\"BZ_Pyq_fadeIn\">para <\/span><span class=\"BZ_Pyq_fadeIn\">disfrutar <\/span><span class=\"BZ_Pyq_fadeIn\">una <\/span><span class=\"BZ_Pyq_fadeIn\">bebida <\/span><span class=\"BZ_Pyq_fadeIn\">arom\u00e1tica <\/span><span class=\"BZ_Pyq_fadeIn\">y <\/span><span class=\"BZ_Pyq_fadeIn\">equilibrada.<\/span><\/p>\n","protected":false},"featured_media":4058,"template":"","meta":[],"product_brand":[],"product_cat":[58,42],"product_tag":[],"class_list":{"0":"post-4057","1":"product","2":"type-product","3":"status-publish","4":"has-post-thumbnail","6":"product_cat-saludables","7":"product_cat-imperdible-aroma-y-sabor-a-te","9":"first","10":"instock","11":"shipping-taxable","12":"purchasable","13":"product-type-simple"},"yoast_head":"<!-- This site is optimized with the Yoast SEO plugin v27.2 - https:\/\/yoast.com\/product\/yoast-seo-wordpress\/ -->\n<title>T\u00e9 Negro Piramidal de Ar\u00e1ndano - Ortu&ntilde;o Nieto<\/title>\n<meta name=\"description\" content=\"T\u00e9 negro piramidal de ar\u00e1ndano con aroma intenso y sabor frutal. Infusi\u00f3n ideal para disfrutar una taza de t\u00e9 arom\u00e1tica y equilibrada.\" \/>\n<meta name=\"robots\" content=\"index, follow, max-snippet:-1, max-image-preview:large, max-video-preview:-1\" \/>\n<link rel=\"canonical\" href=\"https:\/\/www.ortunonieto.cl\/zonafranca\/producto\/te-negro-sabor-arandano\/\" \/>\n<meta property=\"og:locale\" content=\"es_ES\" \/>\n<meta property=\"og:type\" content=\"article\" \/>\n<meta property=\"og:title\" content=\"T\u00e9 Negro Piramidal de Ar\u00e1ndano - Ortu&ntilde;o Nieto\" \/>\n<meta property=\"og:description\" content=\"T\u00e9 negro piramidal de ar\u00e1ndano con aroma intenso y sabor frutal. Infusi\u00f3n ideal para disfrutar una taza de t\u00e9 arom\u00e1tica y equilibrada.\" \/>\n<meta property=\"og:url\" content=\"https:\/\/www.ortunonieto.cl\/zonafranca\/producto\/te-negro-sabor-arandano\/\" \/>\n<meta property=\"og:site_name\" content=\"Ortu&ntilde;o Nieto\" \/>\n<meta property=\"article:publisher\" content=\"https:\/\/facebook.com\/importadoraortunonieto\" \/>\n<meta property=\"article:modified_time\" content=\"2026-03-18T13:56:17+00:00\" \/>\n<meta property=\"og:image\" content=\"https:\/\/www.ortunonieto.cl\/zonafranca\/wp-content\/uploads\/2020\/06\/7007.jpg\" \/>\n\t<meta property=\"og:image:width\" content=\"831\" \/>\n\t<meta property=\"og:image:height\" content=\"726\" \/>\n\t<meta property=\"og:image:type\" content=\"image\/jpeg\" \/>\n<meta name=\"twitter:card\" content=\"summary_large_image\" \/>\n<meta name=\"twitter:site\" content=\"@ortunonieto\" \/>\n<meta name=\"twitter:label1\" content=\"Tiempo de lectura\" \/>\n\t<meta name=\"twitter:data1\" content=\"2 minutos\" \/>\n<script type=\"application\/ld+json\" class=\"yoast-schema-graph\">{\"@context\":\"https:\/\/schema.org\",\"@graph\":[{\"@type\":\"WebPage\",\"@id\":\"https:\/\/www.ortunonieto.cl\/zonafranca\/producto\/te-negro-sabor-arandano\/\",\"url\":\"https:\/\/www.ortunonieto.cl\/zonafranca\/producto\/te-negro-sabor-arandano\/\",\"name\":\"T\u00e9 Negro Piramidal de Ar\u00e1ndano - Ortu&ntilde;o Nieto\",\"isPartOf\":{\"@id\":\"https:\/\/www.ortunonieto.cl\/zonafranca\/#website\"},\"primaryImageOfPage\":{\"@id\":\"https:\/\/www.ortunonieto.cl\/zonafranca\/producto\/te-negro-sabor-arandano\/#primaryimage\"},\"image\":{\"@id\":\"https:\/\/www.ortunonieto.cl\/zonafranca\/producto\/te-negro-sabor-arandano\/#primaryimage\"},\"thumbnailUrl\":\"https:\/\/www.ortunonieto.cl\/zonafranca\/wp-content\/uploads\/2020\/06\/7007.jpg\",\"datePublished\":\"2020-06-16T21:00:36+00:00\",\"dateModified\":\"2026-03-18T13:56:17+00:00\",\"description\":\"T\u00e9 negro piramidal de ar\u00e1ndano con aroma intenso y sabor frutal. Infusi\u00f3n ideal para disfrutar una taza de t\u00e9 arom\u00e1tica y equilibrada.\",\"breadcrumb\":{\"@id\":\"https:\/\/www.ortunonieto.cl\/zonafranca\/producto\/te-negro-sabor-arandano\/#breadcrumb\"},\"inLanguage\":\"es\",\"potentialAction\":[{\"@type\":\"ReadAction\",\"target\":[\"https:\/\/www.ortunonieto.cl\/zonafranca\/producto\/te-negro-sabor-arandano\/\"]}]},{\"@type\":\"ImageObject\",\"inLanguage\":\"es\",\"@id\":\"https:\/\/www.ortunonieto.cl\/zonafranca\/producto\/te-negro-sabor-arandano\/#primaryimage\",\"url\":\"https:\/\/www.ortunonieto.cl\/zonafranca\/wp-content\/uploads\/2020\/06\/7007.jpg\",\"contentUrl\":\"https:\/\/www.ortunonieto.cl\/zonafranca\/wp-content\/uploads\/2020\/06\/7007.jpg\",\"width\":831,\"height\":726},{\"@type\":\"BreadcrumbList\",\"@id\":\"https:\/\/www.ortunonieto.cl\/zonafranca\/producto\/te-negro-sabor-arandano\/#breadcrumb\",\"itemListElement\":[{\"@type\":\"ListItem\",\"position\":1,\"name\":\"Portada\",\"item\":\"https:\/\/www.ortunonieto.cl\/zonafranca\/\"},{\"@type\":\"ListItem\",\"position\":2,\"name\":\"Tienda\",\"item\":\"https:\/\/www.ortunonieto.cl\/zonafranca\/shop\/\"},{\"@type\":\"ListItem\",\"position\":3,\"name\":\"T\u00e9 Negro Piramidal de Ar\u00e1ndano\"}]},{\"@type\":\"WebSite\",\"@id\":\"https:\/\/www.ortunonieto.cl\/zonafranca\/#website\",\"url\":\"https:\/\/www.ortunonieto.cl\/zonafranca\/\",\"name\":\"Ortu&ntilde;o Nieto\",\"description\":\"Iquique - Arica\",\"publisher\":{\"@id\":\"https:\/\/www.ortunonieto.cl\/zonafranca\/#organization\"},\"potentialAction\":[{\"@type\":\"SearchAction\",\"target\":{\"@type\":\"EntryPoint\",\"urlTemplate\":\"https:\/\/www.ortunonieto.cl\/zonafranca\/?s={search_term_string}\"},\"query-input\":{\"@type\":\"PropertyValueSpecification\",\"valueRequired\":true,\"valueName\":\"search_term_string\"}}],\"inLanguage\":\"es\"},{\"@type\":\"Organization\",\"@id\":\"https:\/\/www.ortunonieto.cl\/zonafranca\/#organization\",\"name\":\"Ortu&ntilde;o Nieto\",\"url\":\"https:\/\/www.ortunonieto.cl\/zonafranca\/\",\"logo\":{\"@type\":\"ImageObject\",\"inLanguage\":\"es\",\"@id\":\"https:\/\/www.ortunonieto.cl\/zonafranca\/#\/schema\/logo\/image\/\",\"url\":\"https:\/\/www.ortunonieto.cl\/zonafranca\/wp-content\/uploads\/2020\/04\/logo_ortuno_nieto2.png\",\"contentUrl\":\"https:\/\/www.ortunonieto.cl\/zonafranca\/wp-content\/uploads\/2020\/04\/logo_ortuno_nieto2.png\",\"width\":115,\"height\":71,\"caption\":\"Ortu&ntilde;o Nieto\"},\"image\":{\"@id\":\"https:\/\/www.ortunonieto.cl\/zonafranca\/#\/schema\/logo\/image\/\"},\"sameAs\":[\"https:\/\/facebook.com\/importadoraortunonieto\",\"https:\/\/x.com\/ortunonieto\",\"https:\/\/www.instagram.com\/garotochile\/\"]}]}<\/script>\n<!-- \/ Yoast SEO plugin. -->","yoast_head_json":{"title":"T\u00e9 Negro Piramidal de Ar\u00e1ndano - Ortu&ntilde;o Nieto","description":"T\u00e9 negro piramidal de ar\u00e1ndano con aroma intenso y sabor frutal. Infusi\u00f3n ideal para disfrutar una taza de t\u00e9 arom\u00e1tica y equilibrada.","robots":{"index":"index","follow":"follow","max-snippet":"max-snippet:-1","max-image-preview":"max-image-preview:large","max-video-preview":"max-video-preview:-1"},"canonical":"https:\/\/www.ortunonieto.cl\/zonafranca\/producto\/te-negro-sabor-arandano\/","og_locale":"es_ES","og_type":"article","og_title":"T\u00e9 Negro Piramidal de Ar\u00e1ndano - Ortu&ntilde;o Nieto","og_description":"T\u00e9 negro piramidal de ar\u00e1ndano con aroma intenso y sabor frutal. Infusi\u00f3n ideal para disfrutar una taza de t\u00e9 arom\u00e1tica y equilibrada.","og_url":"https:\/\/www.ortunonieto.cl\/zonafranca\/producto\/te-negro-sabor-arandano\/","og_site_name":"Ortu&ntilde;o Nieto","article_publisher":"https:\/\/facebook.com\/importadoraortunonieto","article_modified_time":"2026-03-18T13:56:17+00:00","og_image":[{"width":831,"height":726,"url":"https:\/\/www.ortunonieto.cl\/zonafranca\/wp-content\/uploads\/2020\/06\/7007.jpg","type":"image\/jpeg"}],"twitter_card":"summary_large_image","twitter_site":"@ortunonieto","twitter_misc":{"Tiempo de lectura":"2 minutos"},"schema":{"@context":"https:\/\/schema.org","@graph":[{"@type":"WebPage","@id":"https:\/\/www.ortunonieto.cl\/zonafranca\/producto\/te-negro-sabor-arandano\/","url":"https:\/\/www.ortunonieto.cl\/zonafranca\/producto\/te-negro-sabor-arandano\/","name":"T\u00e9 Negro Piramidal de Ar\u00e1ndano - Ortu&ntilde;o Nieto","isPartOf":{"@id":"https:\/\/www.ortunonieto.cl\/zonafranca\/#website"},"primaryImageOfPage":{"@id":"https:\/\/www.ortunonieto.cl\/zonafranca\/producto\/te-negro-sabor-arandano\/#primaryimage"},"image":{"@id":"https:\/\/www.ortunonieto.cl\/zonafranca\/producto\/te-negro-sabor-arandano\/#primaryimage"},"thumbnailUrl":"https:\/\/www.ortunonieto.cl\/zonafranca\/wp-content\/uploads\/2020\/06\/7007.jpg","datePublished":"2020-06-16T21:00:36+00:00","dateModified":"2026-03-18T13:56:17+00:00","description":"T\u00e9 negro piramidal de ar\u00e1ndano con aroma intenso y sabor frutal. Infusi\u00f3n ideal para disfrutar una taza de t\u00e9 arom\u00e1tica y equilibrada.","breadcrumb":{"@id":"https:\/\/www.ortunonieto.cl\/zonafranca\/producto\/te-negro-sabor-arandano\/#breadcrumb"},"inLanguage":"es","potentialAction":[{"@type":"ReadAction","target":["https:\/\/www.ortunonieto.cl\/zonafranca\/producto\/te-negro-sabor-arandano\/"]}]},{"@type":"ImageObject","inLanguage":"es","@id":"https:\/\/www.ortunonieto.cl\/zonafranca\/producto\/te-negro-sabor-arandano\/#primaryimage","url":"https:\/\/www.ortunonieto.cl\/zonafranca\/wp-content\/uploads\/2020\/06\/7007.jpg","contentUrl":"https:\/\/www.ortunonieto.cl\/zonafranca\/wp-content\/uploads\/2020\/06\/7007.jpg","width":831,"height":726},{"@type":"BreadcrumbList","@id":"https:\/\/www.ortunonieto.cl\/zonafranca\/producto\/te-negro-sabor-arandano\/#breadcrumb","itemListElement":[{"@type":"ListItem","position":1,"name":"Portada","item":"https:\/\/www.ortunonieto.cl\/zonafranca\/"},{"@type":"ListItem","position":2,"name":"Tienda","item":"https:\/\/www.ortunonieto.cl\/zonafranca\/shop\/"},{"@type":"ListItem","position":3,"name":"T\u00e9 Negro Piramidal de Ar\u00e1ndano"}]},{"@type":"WebSite","@id":"https:\/\/www.ortunonieto.cl\/zonafranca\/#website","url":"https:\/\/www.ortunonieto.cl\/zonafranca\/","name":"Ortu&ntilde;o Nieto","description":"Iquique - Arica","publisher":{"@id":"https:\/\/www.ortunonieto.cl\/zonafranca\/#organization"},"potentialAction":[{"@type":"SearchAction","target":{"@type":"EntryPoint","urlTemplate":"https:\/\/www.ortunonieto.cl\/zonafranca\/?s={search_term_string}"},"query-input":{"@type":"PropertyValueSpecification","valueRequired":true,"valueName":"search_term_string"}}],"inLanguage":"es"},{"@type":"Organization","@id":"https:\/\/www.ortunonieto.cl\/zonafranca\/#organization","name":"Ortu&ntilde;o Nieto","url":"https:\/\/www.ortunonieto.cl\/zonafranca\/","logo":{"@type":"ImageObject","inLanguage":"es","@id":"https:\/\/www.ortunonieto.cl\/zonafranca\/#\/schema\/logo\/image\/","url":"https:\/\/www.ortunonieto.cl\/zonafranca\/wp-content\/uploads\/2020\/04\/logo_ortuno_nieto2.png","contentUrl":"https:\/\/www.ortunonieto.cl\/zonafranca\/wp-content\/uploads\/2020\/04\/logo_ortuno_nieto2.png","width":115,"height":71,"caption":"Ortu&ntilde;o Nieto"},"image":{"@id":"https:\/\/www.ortunonieto.cl\/zonafranca\/#\/schema\/logo\/image\/"},"sameAs":["https:\/\/facebook.com\/importadoraortunonieto","https:\/\/x.com\/ortunonieto","https:\/\/www.instagram.com\/garotochile\/"]}]}},"_links":{"self":[{"href":"https:\/\/www.ortunonieto.cl\/zonafranca\/wp-json\/wp\/v2\/product\/4057","targetHints":{"allow":["GET"]}}],"collection":[{"href":"https:\/\/www.ortunonieto.cl\/zonafranca\/wp-json\/wp\/v2\/product"}],"about":[{"href":"https:\/\/www.ortunonieto.cl\/zonafranca\/wp-json\/wp\/v2\/types\/product"}],"wp:featuredmedia":[{"embeddable":true,"href":"https:\/\/www.ortunonieto.cl\/zonafranca\/wp-json\/wp\/v2\/media\/4058"}],"wp:attachment":[{"href":"https:\/\/www.ortunonieto.cl\/zonafranca\/wp-json\/wp\/v2\/media?parent=4057"}],"wp:term":[{"taxonomy":"product_brand","embeddable":true,"href":"https:\/\/www.ortunonieto.cl\/zonafranca\/wp-json\/wp\/v2\/product_brand?post=4057"},{"taxonomy":"product_cat","embeddable":true,"href":"https:\/\/www.ortunonieto.cl\/zonafranca\/wp-json\/wp\/v2\/product_cat?post=4057"},{"taxonomy":"product_tag","embeddable":true,"href":"https:\/\/www.ortunonieto.cl\/zonafranca\/wp-json\/wp\/v2\/product_tag?post=4057"}],"curies":[{"name":"wp","href":"https:\/\/api.w.org\/{rel}","templated":true}]}}